{"id":107,"date":"2026-03-06T10:29:08","date_gmt":"2026-03-06T09:29:08","guid":{"rendered":"https:\/\/www.clicweb.ovh\/2026\/GR3\/?page_id=107"},"modified":"2026-04-04T12:18:34","modified_gmt":"2026-04-04T10:18:34","slug":"107-2","status":"publish","type":"page","link":"https:\/\/www.clicweb.ovh\/2026\/GR3\/","title":{"rendered":"Accueil"},"content":{"rendered":"<p>[et_pb_section fb_built=\u00a0\u00bb1&Prime; admin_label=\u00a0\u00bbHeader\u00a0\u00bb _builder_version=\u00a0\u00bb4.27.5&Prime; _module_preset=\u00a0\u00bb83593b2a-14c5-4095-90d2-b8afabe2a02c\u00a0\u00bb background_color=\u00a0\u00bb#FFF7DF\u00a0\u00bb background_color_gradient_stops=\u00a0\u00bb#fff7df 34%\u00a0\u00bb background_blend=\u00a0\u00bbdarken\u00a0\u00bb min_height=\u00a0\u00bb822.7px\u00a0\u00bb custom_padding=\u00a0\u00bb||29px|||\u00a0\u00bb locked=\u00a0\u00bboff\u00a0\u00bb collapsed=\u00a0\u00bbon\u00a0\u00bb global_colors_info=\u00a0\u00bb{%22gcid-1f1bf5fb-a99d-4acc-8d9e-ddac074c158c%22:%91%22background_color_gradient_stops%22,%22background_color_gradient_stops%22%93,%22gcid-4c79ba3d-a281-4fb6-9b14-02f9a4c793f2%22:%91%22background_color_gradient_stops%22,%22background_color_gradient_stops%22%93,%22gcid-688c464a-d6f2-4296-b592-395352c71c79%22:%91%22background_color_gradient_stops%22,%22background_color_gradient_stops%22%93,%22gcid-d119accd-44d7-4f2f-b9d7-599c8463324b%22:%91%22background_color_gradient_stops%22,%22background_color_gradient_stops%22%93}\u00a0\u00bb][et_pb_row _builder_version=\u00a0\u00bb4.27.5&Prime; _module_preset=\u00a0\u00bbdefault\u00a0\u00bb global_colors_info=\u00a0\u00bb{}\u00a0\u00bb][et_pb_column type=\u00a0\u00bb4_4&Prime; _builder_version=\u00a0\u00bb4.25.1&Prime; _module_preset=\u00a0\u00bbdefault\u00a0\u00bb global_colors_info=\u00a0\u00bb{}\u00a0\u00bb][et_pb_heading title=\u00a0\u00bbBienvenue sur SafeSavor\u00a0\u00bb _builder_version=\u00a0\u00bb4.27.5&Prime; _module_preset=\u00a0\u00bb2cffd92a-912e-4f72-8437-9efdc0145be9&Prime; title_font=\u00a0\u00bbNunito|700|||||||\u00a0\u00bb title_text_align=\u00a0\u00bbcenter\u00a0\u00bb title_text_color=\u00a0\u00bb#53A28A\u00a0\u00bb use_background_color_gradient=\u00a0\u00bbon\u00a0\u00bb background_color_gradient_stops=\u00a0\u00bbrgba(255,255,255,0) 0%|rgba(255,255,255,0) 100%\u00a0\u00bb custom_margin=\u00a0\u00bb||10px||false|false\u00a0\u00bb text_shadow_style=\u00a0\u00bbpreset1&Prime; text_shadow_color=\u00a0\u00bbRGBA(255,255,255,0)\u00a0\u00bb global_colors_info=\u00a0\u00bb{}\u00a0\u00bb][\/et_pb_heading][et_pb_text _builder_version=\u00a0\u00bb4.27.5&Prime; _module_preset=\u00a0\u00bb08f99c9b-97a6-4632-b4c6-9998927e7b3b\u00a0\u00bb header_font=\u00a0\u00bbNunito||||||||\u00a0\u00bb header_text_color=\u00a0\u00bb#53A28A\u00a0\u00bb text_orientation=\u00a0\u00bbcenter\u00a0\u00bb min_height=\u00a0\u00bb69px\u00a0\u00bb global_colors_info=\u00a0\u00bb{}\u00a0\u00bb]<\/p>\n<h3><em>La sant\u00e9 sur mesure, la gourmandise sans compromis.<\/em><\/h3>\n<p>[\/et_pb_text][et_pb_text _builder_version=\u00a0\u00bb4.27.5&Prime; _module_preset=\u00a0\u00bbdefault\u00a0\u00bb text_font=\u00a0\u00bbNunito|700|||||||\u00a0\u00bb text_text_color=\u00a0\u00bb#53A28A\u00a0\u00bb text_font_size=\u00a0\u00bb32px\u00a0\u00bb text_orientation=\u00a0\u00bbcenter\u00a0\u00bb min_height=\u00a0\u00bb32px\u00a0\u00bb custom_margin=\u00a0\u00bb9px||25px|||\u00a0\u00bb custom_padding=\u00a0\u00bb||8px|||\u00a0\u00bb global_colors_info=\u00a0\u00bb{}\u00a0\u00bb]Ils nous font confiance [\/et_pb_text][et_pb_text _builder_version=\u00a0\u00bb4.27.5&Prime; _module_preset=\u00a0\u00bbdefault\u00a0\u00bb text_text_color=\u00a0\u00bb#53A28A\u00a0\u00bb text_orientation=\u00a0\u00bbcenter\u00a0\u00bb min_height=\u00a0\u00bb28px\u00a0\u00bb custom_margin=\u00a0\u00bb-21px|||||\u00a0\u00bb custom_padding=\u00a0\u00bb||17px|||\u00a0\u00bb global_colors_info=\u00a0\u00bb{}\u00a0\u00bb]D\u00e9couvrez comment SafeSavor change leur quotidien[\/et_pb_text][\/et_pb_column][\/et_pb_row][et_pb_row column_structure=\u00a0\u00bb1_3,1_3,1_3&Prime; make_equal=\u00a0\u00bbon\u00a0\u00bb _builder_version=\u00a0\u00bb4.27.5&Prime; _module_preset=\u00a0\u00bbdefault\u00a0\u00bb custom_margin=\u00a0\u00bb-17px|auto||auto||\u00a0\u00bb global_colors_info=\u00a0\u00bb{}\u00a0\u00bb][et_pb_column type=\u00a0\u00bb1_3&Prime; _builder_version=\u00a0\u00bb4.27.5&Prime; _module_preset=\u00a0\u00bb30321fa3-15ba-4fdb-99cf-3c6d2adac576&Prime; background_color=\u00a0\u00bb#FFAB5D\u00a0\u00bb box_shadow_style=\u00a0\u00bbpreset2&Prime; global_colors_info=\u00a0\u00bb{}\u00a0\u00bb][et_pb_icon font_icon=\u00a0\u00bb&#x7b;||divi||400&Prime; icon_color=\u00a0\u00bb#FFF7DF\u00a0\u00bb icon_width=\u00a0\u00bb60px\u00a0\u00bb align=\u00a0\u00bbleft\u00a0\u00bb _builder_version=\u00a0\u00bb4.27.5&Prime; _module_preset=\u00a0\u00bbdefault\u00a0\u00bb custom_margin=\u00a0\u00bb||1px|||\u00a0\u00bb custom_padding=\u00a0\u00bb||1px|||\u00a0\u00bb global_colors_info=\u00a0\u00bb{}\u00a0\u00bb][\/et_pb_icon][et_pb_text _builder_version=\u00a0\u00bb4.27.5&Prime; _module_preset=\u00a0\u00bb1b9edd39-36ec-46c3-9a8b-f5d9975ea7a2&Prime; custom_margin=\u00a0\u00bb||8px|||\u00a0\u00bb custom_padding=\u00a0\u00bb0px|||||\u00a0\u00bb global_colors_info=\u00a0\u00bb{}\u00a0\u00bb]\u00a0\u00bbAvant SafeSavor, chaque repas \u00e9tait une source d&rsquo;anxi\u00e9t\u00e9. Maintenant je cuisine sereinement pour toute la famille.\u00a0\u00bb[\/et_pb_text][et_pb_divider color=\u00a0\u00bb#FFF7DF\u00a0\u00bb _builder_version=\u00a0\u00bb4.27.5&Prime; _module_preset=\u00a0\u00bbdefault\u00a0\u00bb custom_margin=\u00a0\u00bb||2px|||\u00a0\u00bb global_colors_info=\u00a0\u00bb{}\u00a0\u00bb][\/et_pb_divider][et_pb_text _builder_version=\u00a0\u00bb4.27.5&Prime; _module_preset=\u00a0\u00bbdefault\u00a0\u00bb text_text_color=\u00a0\u00bb#FFFFFF\u00a0\u00bb text_font_size=\u00a0\u00bb17px\u00a0\u00bb custom_padding=\u00a0\u00bb1px|||||\u00a0\u00bb global_colors_info=\u00a0\u00bb{}\u00a0\u00bb]Sophie M &#8211;<br \/>\nAllergique au gluten &#038; lactose[\/et_pb_text][\/et_pb_column][et_pb_column type=\u00a0\u00bb1_3&Prime; _builder_version=\u00a0\u00bb4.27.5&Prime; _module_preset=\u00a0\u00bb815818da-278a-4f1a-a6b3-4e5aa9d6cfdb\u00a0\u00bb background_color=\u00a0\u00bb#53A28A\u00a0\u00bb box_shadow_style=\u00a0\u00bbpreset2&Prime; global_colors_info=\u00a0\u00bb{}\u00a0\u00bb][et_pb_icon font_icon=\u00a0\u00bb&#x7b;||divi||400&Prime; icon_color=\u00a0\u00bb#FFF7DF\u00a0\u00bb icon_width=\u00a0\u00bb60px\u00a0\u00bb align=\u00a0\u00bbleft\u00a0\u00bb _builder_version=\u00a0\u00bb4.27.5&Prime; _module_preset=\u00a0\u00bbdefault\u00a0\u00bb custom_margin=\u00a0\u00bb||1px|||\u00a0\u00bb custom_padding=\u00a0\u00bb||1px|||\u00a0\u00bb global_colors_info=\u00a0\u00bb{}\u00a0\u00bb][\/et_pb_icon][et_pb_text _builder_version=\u00a0\u00bb4.27.5&Prime; _module_preset=\u00a0\u00bb1b9edd39-36ec-46c3-9a8b-f5d9975ea7a2&Prime; custom_margin=\u00a0\u00bb||35px|||\u00a0\u00bb custom_padding=\u00a0\u00bb0px|||||\u00a0\u00bb global_colors_info=\u00a0\u00bb{}\u00a0\u00bb]\u00a0\u00bbJe recommande SafeSavor \u00e0 mes patients. L&rsquo;interface de suivi me permet de suivre leur alimentation \u00e0 distance.\u00a0\u00bb[\/et_pb_text][et_pb_divider color=\u00a0\u00bb#FFF7DF\u00a0\u00bb _builder_version=\u00a0\u00bb4.27.5&Prime; _module_preset=\u00a0\u00bbdefault\u00a0\u00bb custom_margin=\u00a0\u00bb||2px|||\u00a0\u00bb global_colors_info=\u00a0\u00bb{}\u00a0\u00bb][\/et_pb_divider][et_pb_text _builder_version=\u00a0\u00bb4.27.5&Prime; _module_preset=\u00a0\u00bbdefault\u00a0\u00bb text_text_color=\u00a0\u00bb#FFFFFF\u00a0\u00bb text_font_size=\u00a0\u00bb17px\u00a0\u00bb custom_padding=\u00a0\u00bb1px|||||\u00a0\u00bb global_colors_info=\u00a0\u00bb{}\u00a0\u00bb]Dr. Laurent B.<br \/>\nM\u00e9decin nutritionniste[\/et_pb_text][\/et_pb_column][et_pb_column type=\u00a0\u00bb1_3&Prime; _builder_version=\u00a0\u00bb4.27.5&Prime; _module_preset=\u00a0\u00bbfb4e72d0-b9a8-487b-8daf-2bfb4f5c08a1&Prime; background_color=\u00a0\u00bb#F8C34B\u00a0\u00bb box_shadow_style=\u00a0\u00bbpreset2&Prime; global_colors_info=\u00a0\u00bb{}\u00a0\u00bb][et_pb_icon font_icon=\u00a0\u00bb&#x7b;||divi||400&Prime; icon_color=\u00a0\u00bb#FFF7DF\u00a0\u00bb icon_width=\u00a0\u00bb60px\u00a0\u00bb align=\u00a0\u00bbleft\u00a0\u00bb _builder_version=\u00a0\u00bb4.27.5&Prime; _module_preset=\u00a0\u00bbdefault\u00a0\u00bb custom_margin=\u00a0\u00bb||1px|||\u00a0\u00bb custom_padding=\u00a0\u00bb||1px|||\u00a0\u00bb global_colors_info=\u00a0\u00bb{}\u00a0\u00bb][\/et_pb_icon][et_pb_text _builder_version=\u00a0\u00bb4.27.5&Prime; _module_preset=\u00a0\u00bb1b9edd39-36ec-46c3-9a8b-f5d9975ea7a2&Prime; custom_margin=\u00a0\u00bb||35px|||\u00a0\u00bb custom_padding=\u00a0\u00bb0px|||||\u00a0\u00bb global_colors_info=\u00a0\u00bb{}\u00a0\u00bb]\u00a0\u00bbLes recettes adapt\u00e9es \u00e0 mon diab\u00e8te sont vari\u00e9es et gourmandes. J&rsquo;ai enfin retrouv\u00e9 le plaisir de manger.\u00a0\u00bb[\/et_pb_text][et_pb_divider color=\u00a0\u00bb#FFF7DF\u00a0\u00bb _builder_version=\u00a0\u00bb4.27.5&Prime; _module_preset=\u00a0\u00bbdefault\u00a0\u00bb custom_margin=\u00a0\u00bb||2px|||\u00a0\u00bb global_colors_info=\u00a0\u00bb{}\u00a0\u00bb][\/et_pb_divider][et_pb_text _builder_version=\u00a0\u00bb4.27.5&Prime; _module_preset=\u00a0\u00bbdefault\u00a0\u00bb text_text_color=\u00a0\u00bb#FFFFFF\u00a0\u00bb text_font_size=\u00a0\u00bb17px\u00a0\u00bb custom_padding=\u00a0\u00bb1px|||||\u00a0\u00bb global_colors_info=\u00a0\u00bb{}\u00a0\u00bb]Karim T.<br \/>\nDiab\u00e9tique de type 2[\/et_pb_text][\/et_pb_column][\/et_pb_row][\/et_pb_section][et_pb_section fb_built=\u00a0\u00bb1&Prime; admin_label=\u00a0\u00bbVideo\u00a0\u00bb _builder_version=\u00a0\u00bb4.27.5&Prime; _module_preset=\u00a0\u00bbc29eb172-e90c-4fa9-8041-ba18e8587713&Prime; background_color=\u00a0\u00bb#FFFFFF\u00a0\u00bb locked=\u00a0\u00bboff\u00a0\u00bb collapsed=\u00a0\u00bbon\u00a0\u00bb global_colors_info=\u00a0\u00bb{}\u00a0\u00bb][et_pb_row column_structure=\u00a0\u00bb1_2,1_2&Prime; _builder_version=\u00a0\u00bb4.27.5&Prime; _module_preset=\u00a0\u00bbdefault\u00a0\u00bb locked=\u00a0\u00bboff\u00a0\u00bb global_colors_info=\u00a0\u00bb{}\u00a0\u00bb][et_pb_column type=\u00a0\u00bb1_2&Prime; _builder_version=\u00a0\u00bb4.25.1&Prime; _module_preset=\u00a0\u00bbdefault\u00a0\u00bb global_colors_info=\u00a0\u00bb{}\u00a0\u00bb][et_pb_heading title=\u00a0\u00bbVotre quotidien culinaire g\u00e9r\u00e9 de A \u00e0 Z\u00a0\u00bb _builder_version=\u00a0\u00bb4.27.5&Prime; _module_preset=\u00a0\u00bb1e624411-ab2d-4a13-8909-b9cf69a3e3fa\u00a0\u00bb title_level=\u00a0\u00bbh3&Prime; title_font=\u00a0\u00bbNunito||||||||\u00a0\u00bb title_text_color=\u00a0\u00bb#53A28A\u00a0\u00bb title_font_size=\u00a0\u00bb45px\u00a0\u00bb custom_margin=\u00a0\u00bb||10px||false|false\u00a0\u00bb global_colors_info=\u00a0\u00bb{}\u00a0\u00bb][\/et_pb_heading][et_pb_text _builder_version=\u00a0\u00bb4.27.5&Prime; _module_preset=\u00a0\u00bb08f99c9b-97a6-4632-b4c6-9998927e7b3b\u00a0\u00bb text_font=\u00a0\u00bbNunito||||||||\u00a0\u00bb header_font=\u00a0\u00bbNunito||||||||\u00a0\u00bb custom_margin=\u00a0\u00bb||10px||false|false\u00a0\u00bb global_colors_info=\u00a0\u00bb{}\u00a0\u00bb]<\/p>\n<p class=\"my-2 [&amp;+p]:mt-4 [&amp;_strong:has(+br)]:inline-block [&amp;_strong:has(+br)]:pb-2\"><strong>Recettes personnalis\u00e9es :<\/strong> Fini le casse-t\u00eate des \u00e9tiquettes. Savourez chaque jour de nouvelles recettes adapt\u00e9es \u00e0 vos pathologies et \u00e0 vos go\u00fbts, sans aucun risque.<\/p>\n<p>\u00a0<strong style=\"font-size: 16px;\">Planification des repas :<\/strong><span style=\"font-size: 16px;\"> Organisez votre semaine en quelques clics. Anticipez vos menus pour r\u00e9duire votre charge mentale et manger \u00e9quilibr\u00e9 au quotidien.<\/span><span class=\"citation-nbsp\" style=\"font-size: 16px;\"><\/span><span class=\"inline-flex\" aria-label=\"ZONING-WEB.pdf\" data-state=\"closed\" style=\"font-size: 16px;\"><span class=\"citation inline\" data-pplx-citation=\"\" data-pplx-citation-url=\"https:\/\/ppl-ai-file-upload.s3.amazonaws.com\/web\/direct-files\/attachments\/103964011\/8dd1264e-e1e3-45f3-80e3-1543062d5b00\/ZONING-WEB.pdf\" rel=\"nofollow noopener\"><\/span>\u200b<\/span><\/p>\n<p><strong style=\"font-size: 16px;\">Liste de courses intelligente :<\/strong><span style=\"font-size: 16px;\"> Vos ingr\u00e9dients s&rsquo;ajoutent automatiquement \u00e0 votre liste en fonction de votre planification. Fini les oublis au supermarch\u00e9.<\/span><span class=\"citation-nbsp\" style=\"font-size: 16px;\"><\/span><span class=\"inline-flex\" aria-label=\"ZONING-WEB.pdf\" data-state=\"closed\" style=\"font-size: 16px;\"><span class=\"citation inline\" data-pplx-citation=\"\" data-pplx-citation-url=\"https:\/\/ppl-ai-file-upload.s3.amazonaws.com\/web\/direct-files\/attachments\/103964011\/8dd1264e-e1e3-45f3-80e3-1543062d5b00\/ZONING-WEB.pdf\" rel=\"nofollow noopener\"><\/span>\u200b<\/span><\/p>\n<p><strong style=\"font-size: 16px;\">Suivi sant\u00e9 :<\/strong><span style=\"font-size: 16px;\"> Observez l&rsquo;impact de votre alimentation sur votre bien-\u00eatre et suivez vos indicateurs en toute simplicit\u00e9 pour avancer sereinement.<\/span><\/p>\n<p>[\/et_pb_text][\/et_pb_column][et_pb_column type=\u00a0\u00bb1_2&Prime; _builder_version=\u00a0\u00bb4.25.1&Prime; _module_preset=\u00a0\u00bbdefault\u00a0\u00bb global_colors_info=\u00a0\u00bb{}\u00a0\u00bb][et_pb_image src=\u00a0\u00bbhttps:\/\/www.clicweb.ovh\/2026\/GR3\/wp-content\/uploads\/2026\/03\/42585.jpg\u00a0\u00bb title_text=\u00a0\u00bb42585&Prime; _builder_version=\u00a0\u00bb4.27.5&Prime; _module_preset=\u00a0\u00bbdefault\u00a0\u00bb border_radii=\u00a0\u00bbon|70px|70px|70px|70px\u00a0\u00bb box_shadow_style=\u00a0\u00bbpreset2&Prime; global_colors_info=\u00a0\u00bb{}\u00a0\u00bb][\/et_pb_image][et_pb_button button_text=\u00a0\u00bbD\u00e9marrer maintenant\u00a0\u00bb button_alignment=\u00a0\u00bbcenter\u00a0\u00bb _builder_version=\u00a0\u00bb4.27.5&Prime; _module_preset=\u00a0\u00bba5baebfd-2c25-4c7e-92fc-9fe244fb6f84&Prime; button_bg_color=\u00a0\u00bb#FFAB5D\u00a0\u00bb global_colors_info=\u00a0\u00bb{}\u00a0\u00bb][\/et_pb_button][\/et_pb_column][\/et_pb_row][\/et_pb_section][et_pb_section fb_built=\u00a0\u00bb1&Prime; admin_label=\u00a0\u00bbCall to Action\u00a0\u00bb _builder_version=\u00a0\u00bb4.27.5&Prime; _module_preset=\u00a0\u00bbc29eb172-e90c-4fa9-8041-ba18e8587713&Prime; background_color=\u00a0\u00bb#53A28A\u00a0\u00bb background_enable_image=\u00a0\u00bboff\u00a0\u00bb collapsed=\u00a0\u00bbon\u00a0\u00bb global_colors_info=\u00a0\u00bb{%22gcid-2352d280-fe84-43b1-a71e-f400c35a526a%22:%91%22background_color_gradient_stops%22%93}\u00a0\u00bb][et_pb_row column_structure=\u00a0\u00bb1_2,1_2&Prime; _builder_version=\u00a0\u00bb4.25.2&Prime; _module_preset=\u00a0\u00bbdefault\u00a0\u00bb global_colors_info=\u00a0\u00bb{}\u00a0\u00bb][et_pb_column type=\u00a0\u00bb1_2&Prime; _builder_version=\u00a0\u00bb4.25.2&Prime; _module_preset=\u00a0\u00bb815818da-278a-4f1a-a6b3-4e5aa9d6cfdb\u00a0\u00bb global_colors_info=\u00a0\u00bb{}\u00a0\u00bb][et_pb_image src=\u00a0\u00bbhttps:\/\/www.clicweb.ovh\/2026\/GR3\/wp-content\/uploads\/2026\/03\/closeup-diverse-people-joining-their-hands-1-scaled.jpg\u00a0\u00bb title_text=\u00a0\u00bbCloseup of diverse people joining their hands\u00a0\u00bb _builder_version=\u00a0\u00bb4.27.5&Prime; _module_preset=\u00a0\u00bb146ceebf-04cd-4727-8d2a-5a55986342da\u00a0\u00bb global_colors_info=\u00a0\u00bb{}\u00a0\u00bb][\/et_pb_image][et_pb_heading title=\u00a0\u00bbRejoindre la communaut\u00e9\u00a0\u00bb _builder_version=\u00a0\u00bb4.27.5&Prime; _module_preset=\u00a0\u00bbcff85736-197b-414b-b503-6110a0823068&Prime; custom_margin=\u00a0\u00bb||0px||false|false\u00a0\u00bb global_colors_info=\u00a0\u00bb{}\u00a0\u00bb][\/et_pb_heading][et_pb_text _builder_version=\u00a0\u00bb4.25.2&Prime; _module_preset=\u00a0\u00bb08f99c9b-97a6-4632-b4c6-9998927e7b3b\u00a0\u00bb global_colors_info=\u00a0\u00bb{}\u00a0\u00bb]<\/p>\n<p><span>Vous n&rsquo;\u00eates plus seul(e) face \u00e0 votre assiette. Rejoignez un espace d&rsquo;entraide bienveillant pour \u00e9changer des astuces et trouver du soutien.<\/span><\/p>\n<p>[\/et_pb_text][et_pb_button button_text=\u00a0\u00bbCommunaut\u00e9\u00a0\u00bb button_alignment=\u00a0\u00bbleft\u00a0\u00bb _builder_version=\u00a0\u00bb4.27.5&Prime; _module_preset=\u00a0\u00bbc4fa411c-664f-42d9-851e-a1bc70978886&Prime; button_bg_color=\u00a0\u00bb#53A28A\u00a0\u00bb global_colors_info=\u00a0\u00bb{}\u00a0\u00bb][\/et_pb_button][\/et_pb_column][et_pb_column type=\u00a0\u00bb1_2&Prime; _builder_version=\u00a0\u00bb4.25.2&Prime; _module_preset=\u00a0\u00bbdefault\u00a0\u00bb custom_padding=\u00a0\u00bb40px||||false|false\u00a0\u00bb custom_padding_tablet=\u00a0\u00bb0px||||false|false\u00a0\u00bb custom_padding_phone=\u00a0\u00bb0px||||false|false\u00a0\u00bb custom_padding_last_edited=\u00a0\u00bbon|tablet\u00a0\u00bb global_colors_info=\u00a0\u00bb{}\u00a0\u00bb][et_pb_heading title=\u00a0\u00bbComprendre son corps, partager ses victoires\u00a0\u00bb _builder_version=\u00a0\u00bb4.27.5&Prime; _module_preset=\u00a0\u00bb1e624411-ab2d-4a13-8909-b9cf69a3e3fa\u00a0\u00bb title_level=\u00a0\u00bbh3&Prime; title_text_color=\u00a0\u00bb#FFFFFF\u00a0\u00bb title_font_size=\u00a0\u00bb42px\u00a0\u00bb custom_margin=\u00a0\u00bb||10px||false|false\u00a0\u00bb global_colors_info=\u00a0\u00bb{}\u00a0\u00bb][\/et_pb_heading][et_pb_text _builder_version=\u00a0\u00bb4.25.2&Prime; _module_preset=\u00a0\u00bb1b9edd39-36ec-46c3-9a8b-f5d9975ea7a2&Prime; global_colors_info=\u00a0\u00bb{}\u00a0\u00bb]<\/p>\n<p><span>La nutrition expliqu\u00e9e simplement. D\u00e9couvrez nos fiches p\u00e9dagogiques pour comprendre ce qui se passe dans votre corps et adopter les bons gestes sans jargon m\u00e9dical<\/span><\/p>\n<p>[\/et_pb_text][et_pb_button button_text=\u00a0\u00bbEn savoir plus\u00a0\u00bb button_alignment=\u00a0\u00bbcenter\u00a0\u00bb _builder_version=\u00a0\u00bb4.27.5&Prime; _module_preset=\u00a0\u00bb51a824ac-f125-46b7-b793-63130fcc4bd8&Prime; global_colors_info=\u00a0\u00bb{}\u00a0\u00bb][\/et_pb_button][\/et_pb_column][\/et_pb_row][\/et_pb_section][et_pb_section fb_built=\u00a0\u00bb1&Prime; admin_label=\u00a0\u00bbFooter\u00a0\u00bb _builder_version=\u00a0\u00bb4.27.5&Prime; _module_preset=\u00a0\u00bbb5e7cf2a-1255-4b9a-96b6-29d96f9e069c\u00a0\u00bb background_color=\u00a0\u00bb#FFF7DF\u00a0\u00bb saved_tabs=\u00a0\u00bball\u00a0\u00bb locked=\u00a0\u00bboff\u00a0\u00bb collapsed=\u00a0\u00bboff\u00a0\u00bb global_colors_info=\u00a0\u00bb{%22gcid-1f1bf5fb-a99d-4acc-8d9e-ddac074c158c%22:%91%22background_color_gradient_stops%22%93,%22gcid-a78660e1-cfc7-4771-a566-6834d6a7f06a%22:%91%22background_color_gradient_stops%22%93,%22gcid-24b0db87-dafa-47d9-995f-b90181e18c52%22:%91%22background_color_gradient_stops%22%93}\u00a0\u00bb][et_pb_row column_structure=\u00a0\u00bb1_2,1_4,1_4&Prime; _builder_version=\u00a0\u00bb4.25.1&Prime; _module_preset=\u00a0\u00bbdefault\u00a0\u00bb locked=\u00a0\u00bboff\u00a0\u00bb global_colors_info=\u00a0\u00bb{}\u00a0\u00bb][et_pb_column type=\u00a0\u00bb1_2&Prime; _builder_version=\u00a0\u00bb4.25.1&Prime; _module_preset=\u00a0\u00bbdefault\u00a0\u00bb global_colors_info=\u00a0\u00bb{}\u00a0\u00bb][et_pb_image src=\u00a0\u00bb@ET-DC@eyJkeW5hbWljIjp0cnVlLCJjb250ZW50Ijoic2l0ZV9sb2dvIiwic2V0dGluZ3MiOnt9fQ==@\u00a0\u00bb title_text=\u00a0\u00bbdivi-logo-mark-white\u00a0\u00bb url=\u00a0\u00bb@ET-DC@eyJkeW5hbWljIjp0cnVlLCJjb250ZW50IjoiaG9tZV91cmwiLCJzZXR0aW5ncyI6e319@\u00a0\u00bb _builder_version=\u00a0\u00bb4.25.2&Prime; _dynamic_attributes=\u00a0\u00bbsrc,url\u00a0\u00bb _module_preset=\u00a0\u00bbdefault\u00a0\u00bb max_height=\u00a0\u00bb64px\u00a0\u00bb custom_margin=\u00a0\u00bb||20px||false|false\u00a0\u00bb global_colors_info=\u00a0\u00bb{}\u00a0\u00bb][\/et_pb_image][et_pb_signup mailchimp_list=\u00a0\u00bbundefined|undefined|\u00a0\u00bb first_name_field=\u00a0\u00bboff\u00a0\u00bb last_name_field=\u00a0\u00bboff\u00a0\u00bb title=\u00a0\u00bbSubscribe for News &#038; Updates\u00a0\u00bb _builder_version=\u00a0\u00bb4.27.5&Prime; _module_preset=\u00a0\u00bb71bc00e3-3cc2-4b28-ac7d-fec62ff7ffcc\u00a0\u00bb form_field_text_color=\u00a0\u00bb#53A28A\u00a0\u00bb header_text_color=\u00a0\u00bb#53A28A\u00a0\u00bb form_field_text_align=\u00a0\u00bbcenter\u00a0\u00bb button_text_color=\u00a0\u00bb#FFFFFF\u00a0\u00bb button_bg_color=\u00a0\u00bb#53A28A\u00a0\u00bb global_colors_info=\u00a0\u00bb{}\u00a0\u00bb][\/et_pb_signup][\/et_pb_column][et_pb_column type=\u00a0\u00bb1_4&Prime; _builder_version=\u00a0\u00bb4.25.1&Prime; _module_preset=\u00a0\u00bbdefault\u00a0\u00bb global_colors_info=\u00a0\u00bb{}\u00a0\u00bb][et_pb_heading title=\u00a0\u00bbQuick Links\u00a0\u00bb _builder_version=\u00a0\u00bb4.27.5&Prime; _module_preset=\u00a0\u00bbd054bd19-8936-42ca-9f85-34d2e5f3f133&Prime; title_font=\u00a0\u00bbNunito||||||||\u00a0\u00bb title_text_color=\u00a0\u00bb#53A28A\u00a0\u00bb custom_margin=\u00a0\u00bb||10px||false|false\u00a0\u00bb locked=\u00a0\u00bboff\u00a0\u00bb global_colors_info=\u00a0\u00bb{}\u00a0\u00bb][\/et_pb_heading][\/et_pb_column][et_pb_column type=\u00a0\u00bb1_4&Prime; _builder_version=\u00a0\u00bb4.25.1&Prime; _module_preset=\u00a0\u00bbdefault\u00a0\u00bb global_colors_info=\u00a0\u00bb{}\u00a0\u00bb][\/et_pb_column][\/et_pb_row][\/et_pb_section]<\/p>\n","protected":false},"excerpt":{"rendered":"<p>La sant\u00e9 sur mesure, la gourmandise sans compromis.Ils nous font confiance D\u00e9couvrez comment SafeSavor change leur quotidien\u00a0\u00bbAvant SafeSavor, chaque repas \u00e9tait une source d&rsquo;anxi\u00e9t\u00e9. Maintenant je cuisine sereinement pour toute la famille.\u00a0\u00bbSophie M &#8211; Allergique au gluten &#038; lactose\u00a0\u00bbJe recommande SafeSavor \u00e0 mes patients. L&rsquo;interface de suivi me permet de suivre leur alimentation \u00e0 distance.\u00a0\u00bbDr. [&hellip;]<\/p>\n","protected":false},"author":1,"featured_media":0,"parent":0,"menu_order":0,"comment_status":"closed","ping_status":"closed","template":"","meta":{"_et_pb_use_builder":"on","_et_pb_old_content":"","_et_gb_content_width":"","footnotes":""},"class_list":["post-107","page","type-page","status-publish","hentry"],"_links":{"self":[{"href":"https:\/\/www.clicweb.ovh\/2026\/GR3\/wp-json\/wp\/v2\/pages\/107","targetHints":{"allow":["GET"]}}],"collection":[{"href":"https:\/\/www.clicweb.ovh\/2026\/GR3\/wp-json\/wp\/v2\/pages"}],"about":[{"href":"https:\/\/www.clicweb.ovh\/2026\/GR3\/wp-json\/wp\/v2\/types\/page"}],"author":[{"embeddable":true,"href":"https:\/\/www.clicweb.ovh\/2026\/GR3\/wp-json\/wp\/v2\/users\/1"}],"replies":[{"embeddable":true,"href":"https:\/\/www.clicweb.ovh\/2026\/GR3\/wp-json\/wp\/v2\/comments?post=107"}],"version-history":[{"count":14,"href":"https:\/\/www.clicweb.ovh\/2026\/GR3\/wp-json\/wp\/v2\/pages\/107\/revisions"}],"predecessor-version":[{"id":382,"href":"https:\/\/www.clicweb.ovh\/2026\/GR3\/wp-json\/wp\/v2\/pages\/107\/revisions\/382"}],"wp:attachment":[{"href":"https:\/\/www.clicweb.ovh\/2026\/GR3\/wp-json\/wp\/v2\/media?parent=107"}],"curies":[{"name":"wp","href":"https:\/\/api.w.org\/{rel}","templated":true}]}}