{"id":30,"date":"2026-01-15T12:15:41","date_gmt":"2026-01-15T11:15:41","guid":{"rendered":"https:\/\/www.clicweb.ovh\/2026\/GR2\/?page_id=30"},"modified":"2026-04-02T12:04:17","modified_gmt":"2026-04-02T10:04:17","slug":"nous-trouver","status":"publish","type":"page","link":"https:\/\/www.clicweb.ovh\/2026\/GR2\/nous-trouver\/","title":{"rendered":"Nos actualit\u00e9s"},"content":{"rendered":"<p>[et_pb_section fb_built=\u00a0\u00bb1&Prime; admin_label=\u00a0\u00bbFeatured Work\u00a0\u00bb _builder_version=\u00a0\u00bb4.23.2&Prime; _module_preset=\u00a0\u00bbdefault\u00a0\u00bb background_color=\u00a0\u00bbgcid-bb730dca-23ad-45ab-ac1c-91061d0c80d9&Prime; collapsed=\u00a0\u00bbon\u00a0\u00bb global_colors_info=\u00a0\u00bb{%22gcid-bb730dca-23ad-45ab-ac1c-91061d0c80d9%22:%91%22background_color%22%93}\u00a0\u00bb][et_pb_row _builder_version=\u00a0\u00bb4.23.2&Prime; _module_preset=\u00a0\u00bbdefault\u00a0\u00bb global_colors_info=\u00a0\u00bb{}\u00a0\u00bb][et_pb_column type=\u00a0\u00bb4_4&Prime; _builder_version=\u00a0\u00bb4.23.2&Prime; _module_preset=\u00a0\u00bbdefault\u00a0\u00bb global_colors_info=\u00a0\u00bb{}\u00a0\u00bb][et_pb_text _builder_version=\u00a0\u00bb4.27.5&Prime; _module_preset=\u00a0\u00bbea48ebad-04ba-4668-ae1f-622590b81473&Prime; text_font=\u00a0\u00bbCalistoga||||||||\u00a0\u00bb header_font=\u00a0\u00bbCalistoga||||||||\u00a0\u00bb header_2_font=\u00a0\u00bbCalistoga|500|||||||\u00a0\u00bb header_2_font_size=\u00a0\u00bb62px\u00a0\u00bb text_orientation=\u00a0\u00bbcenter\u00a0\u00bb inline_fonts=\u00a0\u00bbCalistoga\u00a0\u00bb global_colors_info=\u00a0\u00bb{}\u00a0\u00bb]<\/p>\n<h2><span style=\"color: #840427; font-family: Calistoga; font-weight: normal;\">NOS ACTUALIT\u00c9S<\/span><\/h2>\n<p>[\/et_pb_text][\/et_pb_column][\/et_pb_row][et_pb_row column_structure=\u00a0\u00bb1_2,1_2&Prime; make_equal=\u00a0\u00bbon\u00a0\u00bb custom_padding_last_edited=\u00a0\u00bbon|tablet\u00a0\u00bb _builder_version=\u00a0\u00bb4.23.2&Prime; _module_preset=\u00a0\u00bbdefault\u00a0\u00bb custom_padding_tablet=\u00a0\u00bb||0px||false|false\u00a0\u00bb custom_padding_phone=\u00a0\u00bb||0px||false|false\u00a0\u00bb global_colors_info=\u00a0\u00bb{}\u00a0\u00bb][et_pb_column type=\u00a0\u00bb1_2&Prime; _builder_version=\u00a0\u00bb4.23.2&Prime; _module_preset=\u00a0\u00bbdefault\u00a0\u00bb background_color=\u00a0\u00bbrgba(255,255,255,0.4)\u00a0\u00bb custom_padding=\u00a0\u00bb100px|40px|100px|40px|true|true\u00a0\u00bb custom_padding_tablet=\u00a0\u00bb60px|30px|60px|30px|true|true\u00a0\u00bb custom_padding_phone=\u00a0\u00bb40px|20px|40px|20px|true|true\u00a0\u00bb custom_padding_last_edited=\u00a0\u00bbon|desktop\u00a0\u00bb global_colors_info=\u00a0\u00bb{}\u00a0\u00bb][et_pb_image src=\u00a0\u00bbhttps:\/\/www.clicweb.ovh\/2026\/GR2\/wp-content\/uploads\/2026\/04\/Capture-decran-2026-04-01-a-11.00.35.png\u00a0\u00bb title_text=\u00a0\u00bbCapture d\u2019\u00e9cran 2026-04-01 \u00e0 11.00.35&Prime; align=\u00a0\u00bbcenter\u00a0\u00bb _builder_version=\u00a0\u00bb4.27.5&Prime; _module_preset=\u00a0\u00bbdefault\u00a0\u00bb width=\u00a0\u00bb89.4%\u00a0\u00bb hover_enabled=\u00a0\u00bb0&Prime; global_colors_info=\u00a0\u00bb{}\u00a0\u00bb sticky_enabled=\u00a0\u00bb0&Prime; min_height=\u00a0\u00bb158.9px\u00a0\u00bb custom_margin=\u00a0\u00bb|17px||||\u00a0\u00bb][\/et_pb_image][et_pb_text _builder_version=\u00a0\u00bb4.27.5&Prime; _module_preset=\u00a0\u00bbba1bc8ea-f19c-4f01-a16a-c785b1450b1f\u00a0\u00bb header_3_font=\u00a0\u00bbCalistoga|500|||||||\u00a0\u00bb header_3_font_size=\u00a0\u00bb38px\u00a0\u00bb global_colors_info=\u00a0\u00bb{}\u00a0\u00bb width=\u00a0\u00bb100%\u00a0\u00bb]<\/p>\n<h3><span style=\"color: #840427;\">Voeux Euralimentaire<\/span><\/h3>\n<p>[\/et_pb_text][et_pb_text _builder_version=\u00a0\u00bb4.27.5&Prime; _module_preset=\u00a0\u00bbca70b9ff-e0e1-4a62-841b-a16d1ef3ff7e\u00a0\u00bb text_font_size=\u00a0\u00bb16px\u00a0\u00bb header_6_text_color=\u00a0\u00bbgcid-c9ec881e-ca46-4387-bf7a-f2b34d8141ee\u00a0\u00bb custom_margin=\u00a0\u00bb||0px||false|false\u00a0\u00bb global_colors_info=\u00a0\u00bb{%22gcid-c9ec881e-ca46-4387-bf7a-f2b34d8141ee%22:%91%22header_6_text_color%22%93}\u00a0\u00bb]LILLE \/ 15 janvier 2026[\/et_pb_text][et_pb_text _builder_version=\u00a0\u00bb4.27.5&Prime; _module_preset=\u00a0\u00bb00ab19e5-4b36-46bf-b7f2-6e8ca2afa05c\u00a0\u00bb custom_margin=\u00a0\u00bb||40px||false|false\u00a0\u00bb global_colors_info=\u00a0\u00bb{}\u00a0\u00bb]<\/p>\n<p style=\"text-align: justify;\"><span style=\"color: #840427;\">La marque Hibis Tea a eu le plaisir d&rsquo;accompagner la c\u00e9r\u00e9monie des v\u0153ux d&rsquo;Euralimentaire le 15 janvier dernier. Nos boissons ont \u00e9t\u00e9 propos\u00e9es aux convives lors de cet \u00e9v\u00e9nement, offrant ainsi une premi\u00e8re visibilit\u00e9 \u00e0 nos produits aupr\u00e8s des acteurs du secteur agroalimentaire lillois.<\/span><\/p>\n<p>[\/et_pb_text][et_pb_button button_text=\u00a0\u00bbVoir en d\u00e9tails\u00a0\u00bb _builder_version=\u00a0\u00bb4.27.5&Prime; _module_preset=\u00a0\u00bb2f7e7a10-f3a6-46b3-bba0-ede5e627291e\u00a0\u00bb button_text_color=\u00a0\u00bb#1644da\u00a0\u00bb hover_enabled=\u00a0\u00bb0&Prime; global_colors_info=\u00a0\u00bb{}\u00a0\u00bb button_bg_color__hover=\u00a0\u00bb#1644da\u00a0\u00bb sticky_enabled=\u00a0\u00bb0&Prime;][\/et_pb_button][\/et_pb_column][et_pb_column type=\u00a0\u00bb1_2&Prime; _builder_version=\u00a0\u00bb4.23.2&Prime; _module_preset=\u00a0\u00bbdefault\u00a0\u00bb background_color=\u00a0\u00bbrgba(255,255,255,0.4)\u00a0\u00bb custom_padding=\u00a0\u00bb100px|40px|100px|40px|true|true\u00a0\u00bb custom_padding_tablet=\u00a0\u00bb60px|30px|60px|30px|true|true\u00a0\u00bb custom_padding_phone=\u00a0\u00bb40px|20px|40px|20px|true|true\u00a0\u00bb custom_padding_last_edited=\u00a0\u00bbon|desktop\u00a0\u00bb global_colors_info=\u00a0\u00bb{}\u00a0\u00bb][et_pb_image src=\u00a0\u00bbhttps:\/\/www.clicweb.ovh\/2026\/GR2\/wp-content\/uploads\/2026\/04\/Capture-decran-2026-04-01-a-11.20.32.png\u00a0\u00bb title_text=\u00a0\u00bbCapture d\u2019\u00e9cran 2026-04-01 \u00e0 11.20.32&Prime; align=\u00a0\u00bbcenter\u00a0\u00bb _builder_version=\u00a0\u00bb4.27.5&Prime; _module_preset=\u00a0\u00bbdefault\u00a0\u00bb width=\u00a0\u00bb100%\u00a0\u00bb custom_padding=\u00a0\u00bb|1px|27px|0px||\u00a0\u00bb hover_enabled=\u00a0\u00bb0&Prime; global_colors_info=\u00a0\u00bb{}\u00a0\u00bb min_height=\u00a0\u00bb288.6px\u00a0\u00bb custom_margin=\u00a0\u00bb|29px|-9px|||\u00a0\u00bb sticky_enabled=\u00a0\u00bb0&Prime;][\/et_pb_image][et_pb_text _builder_version=\u00a0\u00bb4.23.2&Prime; _module_preset=\u00a0\u00bbba1bc8ea-f19c-4f01-a16a-c785b1450b1f\u00a0\u00bb text_font=\u00a0\u00bbCalistoga||||||||\u00a0\u00bb header_font=\u00a0\u00bbCalistoga||||||||\u00a0\u00bb header_3_font=\u00a0\u00bbCalistoga|500|||||||\u00a0\u00bb header_3_font_size=\u00a0\u00bb38px\u00a0\u00bb global_colors_info=\u00a0\u00bb{}\u00a0\u00bb]<\/p>\n<h3><span style=\"color: #840427;\">D\u00e9gustation \u00e0 la MEL<\/span><\/h3>\n<p>[\/et_pb_text][et_pb_text _builder_version=\u00a0\u00bb4.27.5&Prime; _module_preset=\u00a0\u00bbca70b9ff-e0e1-4a62-841b-a16d1ef3ff7e\u00a0\u00bb header_6_text_color=\u00a0\u00bbgcid-c9ec881e-ca46-4387-bf7a-f2b34d8141ee\u00a0\u00bb custom_margin=\u00a0\u00bb||0px||false|false\u00a0\u00bb global_colors_info=\u00a0\u00bb{%22gcid-c9ec881e-ca46-4387-bf7a-f2b34d8141ee%22:%91%22header_6_text_color%22%93}\u00a0\u00bb]TOURCOING \/ 4 d\u00e9cembre 2025[\/et_pb_text][et_pb_text _builder_version=\u00a0\u00bb4.23.2&Prime; _module_preset=\u00a0\u00bb00ab19e5-4b36-46bf-b7f2-6e8ca2afa05c\u00a0\u00bb custom_margin=\u00a0\u00bb||40px||false|false\u00a0\u00bb global_colors_info=\u00a0\u00bb{}\u00a0\u00bb]<\/p>\n<p style=\"text-align: justify;\"><span style=\"color: #840427;\">Nous avons organis\u00e9 une s\u00e9ance de d\u00e9gustation pour les collaborateurs du p\u00f4le d\u00e9veloppement de la M\u00e9tropole Europ\u00e9enne de Lille. Ce moment d&rsquo;\u00e9change nous a permis de faire d\u00e9couvrir l&rsquo;univers d&rsquo;Hibis Tea et de recueillir des avis pr\u00e9cieux pour la suite de notre d\u00e9veloppement.<\/span><\/p>\n<p>[\/et_pb_text][et_pb_button button_text=\u00a0\u00bbVoir en d\u00e9tails\u00a0\u00bb _builder_version=\u00a0\u00bb4.27.5&Prime; _module_preset=\u00a0\u00bb2f7e7a10-f3a6-46b3-bba0-ede5e627291e\u00a0\u00bb button_text_color=\u00a0\u00bb#1644da\u00a0\u00bb hover_enabled=\u00a0\u00bb0&Prime; locked=\u00a0\u00bboff\u00a0\u00bb global_colors_info=\u00a0\u00bb{}\u00a0\u00bb button_bg_color__hover=\u00a0\u00bb#1644da\u00a0\u00bb sticky_enabled=\u00a0\u00bb0&Prime;][\/et_pb_button][\/et_pb_column][\/et_pb_row][\/et_pb_section]<\/p>\n","protected":false},"excerpt":{"rendered":"<p>NOS ACTUALIT\u00c9SVoeux EuralimentaireLILLE \/ 15 janvier 2026La marque Hibis Tea a eu le plaisir d&rsquo;accompagner la c\u00e9r\u00e9monie des v\u0153ux d&rsquo;Euralimentaire le 15 janvier dernier. Nos boissons ont \u00e9t\u00e9 propos\u00e9es aux convives lors de cet \u00e9v\u00e9nement, offrant ainsi une premi\u00e8re visibilit\u00e9 \u00e0 nos produits aupr\u00e8s des acteurs du secteur agroalimentaire lillois.D\u00e9gustation \u00e0 la MELTOURCOING \/ 4 [&hellip;]<\/p>\n","protected":false},"author":1,"featured_media":0,"parent":0,"menu_order":0,"comment_status":"closed","ping_status":"closed","template":"","meta":{"_et_pb_use_builder":"on","_et_pb_old_content":"","_et_gb_content_width":"","footnotes":""},"class_list":["post-30","page","type-page","status-publish","hentry"],"_links":{"self":[{"href":"https:\/\/www.clicweb.ovh\/2026\/GR2\/wp-json\/wp\/v2\/pages\/30","targetHints":{"allow":["GET"]}}],"collection":[{"href":"https:\/\/www.clicweb.ovh\/2026\/GR2\/wp-json\/wp\/v2\/pages"}],"about":[{"href":"https:\/\/www.clicweb.ovh\/2026\/GR2\/wp-json\/wp\/v2\/types\/page"}],"author":[{"embeddable":true,"href":"https:\/\/www.clicweb.ovh\/2026\/GR2\/wp-json\/wp\/v2\/users\/1"}],"replies":[{"embeddable":true,"href":"https:\/\/www.clicweb.ovh\/2026\/GR2\/wp-json\/wp\/v2\/comments?post=30"}],"version-history":[{"count":9,"href":"https:\/\/www.clicweb.ovh\/2026\/GR2\/wp-json\/wp\/v2\/pages\/30\/revisions"}],"predecessor-version":[{"id":442,"href":"https:\/\/www.clicweb.ovh\/2026\/GR2\/wp-json\/wp\/v2\/pages\/30\/revisions\/442"}],"wp:attachment":[{"href":"https:\/\/www.clicweb.ovh\/2026\/GR2\/wp-json\/wp\/v2\/media?parent=30"}],"curies":[{"name":"wp","href":"https:\/\/api.w.org\/{rel}","templated":true}]}}