{"id":27,"date":"2026-01-15T12:15:18","date_gmt":"2026-01-15T11:15:18","guid":{"rendered":"https:\/\/www.clicweb.ovh\/2026\/GR2\/?page_id=27"},"modified":"2026-03-31T20:08:58","modified_gmt":"2026-03-31T18:08:58","slug":"qui-sommes-nous","status":"publish","type":"page","link":"https:\/\/www.clicweb.ovh\/2026\/GR2\/qui-sommes-nous\/","title":{"rendered":"Qui sommes nous?"},"content":{"rendered":"<p>[et_pb_section fb_built=\u00a0\u00bb1&Prime; _builder_version=\u00a0\u00bb4.27.5&Prime; _module_preset=\u00a0\u00bbdefault\u00a0\u00bb background_color=\u00a0\u00bb#f0eae4&Prime; global_colors_info=\u00a0\u00bb{}\u00a0\u00bb][et_pb_row _builder_version=\u00a0\u00bb4.27.5&Prime; _module_preset=\u00a0\u00bbdefault\u00a0\u00bb global_colors_info=\u00a0\u00bb{}\u00a0\u00bb][et_pb_column type=\u00a0\u00bb4_4&Prime; _builder_version=\u00a0\u00bb4.27.5&Prime; _module_preset=\u00a0\u00bbdefault\u00a0\u00bb global_colors_info=\u00a0\u00bb{}\u00a0\u00bb][et_pb_text _builder_version=\u00a0\u00bb4.27.5&Prime; _module_preset=\u00a0\u00bbdefault\u00a0\u00bb text_font_size=\u00a0\u00bb18px\u00a0\u00bb text_line_height=\u00a0\u00bb1.8em\u00a0\u00bb hover_enabled=\u00a0\u00bb0&Prime; global_colors_info=\u00a0\u00bb{}\u00a0\u00bb inline_fonts=\u00a0\u00bbCalistoga\u00a0\u00bb text_font=\u00a0\u00bb||||||||\u00a0\u00bb sticky_enabled=\u00a0\u00bb0&Prime;]<\/p>\n<h2 style=\"text-align: justify;\"><span style=\"color: #840427; font-family: Calistoga; font-weight: normal;\"><strong>Notre histoire\u00a0<\/strong><\/span><\/h2>\n<p style=\"text-align: justify;\">Hibis Tea est n\u00e9 d\u2019une envie simple : la cr\u00e9atrice voulait faire d\u00e9couvrir la boisson traditionnelle b\u00e9ninoise \u00e0 ses enfants tout en limitant leur consommation de sucre. Apr\u00e8s plusieurs essais, l\u2019\u00e9quilibre parfait est trouv\u00e9 : l\u2019intensit\u00e9 florale de l\u2019hibiscus, la fra\u00eecheur de la menthe et une touche de st\u00e9via pour une douceur naturelle.<br class=\"soft-break\" \/>Hibis Tea incarne ainsi une boisson pens\u00e9e avec passion, alliant tradition et innovation, pour offrir une alternative saine et pleine de caract\u00e8re.<\/p>\n<p>[\/et_pb_text][\/et_pb_column][\/et_pb_row][et_pb_row column_structure=\u00a0\u00bb1_4,3_4&Prime; _builder_version=\u00a0\u00bb4.27.5&Prime; _module_preset=\u00a0\u00bbdefault\u00a0\u00bb custom_css_before=\u00a0\u00bb.photo-ronde .et_pb_team_member_image img {||  width: 200px;||  height: 200px;||  border-radius: 50%;||  object-fit: cover;||  display: block;||}\u00a0\u00bb custom_css_free_form=\u00a0\u00bb.photo-ronde .et_pb_team_member_image img {||  width: 200px;||  height: 200px;||  border-radius: 50%;||  object-fit: cover;||  display: block;||}\u00a0\u00bb border_radii=\u00a0\u00bboff|80px|80px|80px|80px\u00a0\u00bb global_colors_info=\u00a0\u00bb{}\u00a0\u00bb][et_pb_column type=\u00a0\u00bb1_4&Prime; _builder_version=\u00a0\u00bb4.27.5&Prime; _module_preset=\u00a0\u00bbdefault\u00a0\u00bb global_colors_info=\u00a0\u00bb{}\u00a0\u00bb][\/et_pb_column][et_pb_column type=\u00a0\u00bb3_4&Prime; _builder_version=\u00a0\u00bb4.27.5&Prime; _module_preset=\u00a0\u00bbdefault\u00a0\u00bb global_colors_info=\u00a0\u00bb{}\u00a0\u00bb][et_pb_text _builder_version=\u00a0\u00bb4.27.5&Prime; _module_preset=\u00a0\u00bbdefault\u00a0\u00bb text_font_size=\u00a0\u00bb18px\u00a0\u00bb text_line_height=\u00a0\u00bb1.8em\u00a0\u00bb global_colors_info=\u00a0\u00bb{}\u00a0\u00bb]<\/p>\n<p><span>Fondatrice et m\u00e8re de famille<\/span><\/p>\n<p><em>\u00ab\u00a0Soucieuse de mon impact environnemental et me pr\u00e9occupant de la sant\u00e9 de mes enfants j\u2019ai voulu cr\u00e9er Hibis Tea, une boisson qui me ressemble\u00a0\u00bb<\/em><\/p>\n<p>[\/et_pb_text][\/et_pb_column][\/et_pb_row][et_pb_row _builder_version=\u00a0\u00bb4.27.5&Prime; _module_preset=\u00a0\u00bbdefault\u00a0\u00bb custom_padding=\u00a0\u00bb2px|||||\u00a0\u00bb hover_enabled=\u00a0\u00bb0&Prime; global_colors_info=\u00a0\u00bb{}\u00a0\u00bb sticky_enabled=\u00a0\u00bb0&Prime;][et_pb_column type=\u00a0\u00bb4_4&Prime; _builder_version=\u00a0\u00bb4.27.5&Prime; _module_preset=\u00a0\u00bbdefault\u00a0\u00bb global_colors_info=\u00a0\u00bb{}\u00a0\u00bb][et_pb_text _builder_version=\u00a0\u00bb4.27.5&Prime; _module_preset=\u00a0\u00bbdefault\u00a0\u00bb text_text_color=\u00a0\u00bb#840427&Prime; text_font_size=\u00a0\u00bb18px\u00a0\u00bb text_line_height=\u00a0\u00bb1.8em\u00a0\u00bb global_colors_info=\u00a0\u00bb{}\u00a0\u00bb inline_fonts=\u00a0\u00bbCalistoga\u00a0\u00bb]<\/p>\n<p>&nbsp;<\/p>\n<h2 style=\"text-align: justify;\"><span style=\"font-family: Calistoga;\"><strong><span style=\"color: #840427;\">Origine du <span style=\"caret-color: #840427;\">bissap<\/span><\/span><\/strong><\/span><\/h2>\n<p style=\"text-align: justify;\"><span style=\"color: #666666;\">Le bissap est une boisson traditionnelle issue de la fleur d\u2019hibiscus, consomm\u00e9e depuis des g\u00e9n\u00e9rations en Afrique de l\u2019Ouest. Appr\u00e9ci\u00e9 pour sa couleur rouge intense et son go\u00fbt l\u00e9g\u00e8rement acidul\u00e9, le bissap occupe une place importante dans la culture et les moments de partage, aussi bien au quotidien que lors des grandes occasions.<\/span><br class=\"soft-break\" \/><span style=\"color: #666666;\">Au fil du temps, cette boisson embl\u00e9matique a voyag\u00e9 au-del\u00e0 de ses fronti\u00e8res d\u2019origine, s\u2019invitant dans d\u2019autres cultures \u00e0 travers le monde. Aujourd\u2019hui, le bissap continue d\u2019inspirer de nouvelles cr\u00e9ations, tout en restant fid\u00e8le \u00e0 ses racines et \u00e0 son h\u00e9ritage traditionnel.<\/span><\/p>\n<p><strong><\/strong><\/p>\n<p>[\/et_pb_text][\/et_pb_column][\/et_pb_row][et_pb_row _builder_version=\u00a0\u00bb4.27.5&Prime; _module_preset=\u00a0\u00bbdefault\u00a0\u00bb global_colors_info=\u00a0\u00bb{}\u00a0\u00bb][et_pb_column type=\u00a0\u00bb4_4&Prime; _builder_version=\u00a0\u00bb4.27.5&Prime; _module_preset=\u00a0\u00bbdefault\u00a0\u00bb global_colors_info=\u00a0\u00bb{}\u00a0\u00bb][et_pb_image src=\u00a0\u00bbhttps:\/\/www.clicweb.ovh\/2026\/GR2\/wp-content\/uploads\/2026\/03\/image-2-e1772795275995.png\u00a0\u00bb title_text=\u00a0\u00bbimage\u00a0\u00bb align=\u00a0\u00bbcenter\u00a0\u00bb _builder_version=\u00a0\u00bb4.27.5&Prime; _module_preset=\u00a0\u00bbdefault\u00a0\u00bb custom_padding=\u00a0\u00bb0px|||||\u00a0\u00bb global_colors_info=\u00a0\u00bb{}\u00a0\u00bb][\/et_pb_image][\/et_pb_column][\/et_pb_row][\/et_pb_section]<\/p>\n","protected":false},"excerpt":{"rendered":"<p>Notre histoire\u00a0 Hibis Tea est n\u00e9 d\u2019une envie simple : la cr\u00e9atrice voulait faire d\u00e9couvrir la boisson traditionnelle b\u00e9ninoise \u00e0 ses enfants tout en limitant leur consommation de sucre. Apr\u00e8s plusieurs essais, l\u2019\u00e9quilibre parfait est trouv\u00e9 : l\u2019intensit\u00e9 florale de l\u2019hibiscus, la fra\u00eecheur de la menthe et une touche de st\u00e9via pour une douceur naturelle.Hibis [&hellip;]<\/p>\n","protected":false},"author":1,"featured_media":0,"parent":0,"menu_order":0,"comment_status":"closed","ping_status":"closed","template":"","meta":{"_et_pb_use_builder":"on","_et_pb_old_content":"","_et_gb_content_width":"","footnotes":""},"class_list":["post-27","page","type-page","status-publish","hentry"],"_links":{"self":[{"href":"https:\/\/www.clicweb.ovh\/2026\/GR2\/wp-json\/wp\/v2\/pages\/27","targetHints":{"allow":["GET"]}}],"collection":[{"href":"https:\/\/www.clicweb.ovh\/2026\/GR2\/wp-json\/wp\/v2\/pages"}],"about":[{"href":"https:\/\/www.clicweb.ovh\/2026\/GR2\/wp-json\/wp\/v2\/types\/page"}],"author":[{"embeddable":true,"href":"https:\/\/www.clicweb.ovh\/2026\/GR2\/wp-json\/wp\/v2\/users\/1"}],"replies":[{"embeddable":true,"href":"https:\/\/www.clicweb.ovh\/2026\/GR2\/wp-json\/wp\/v2\/comments?post=27"}],"version-history":[{"count":12,"href":"https:\/\/www.clicweb.ovh\/2026\/GR2\/wp-json\/wp\/v2\/pages\/27\/revisions"}],"predecessor-version":[{"id":424,"href":"https:\/\/www.clicweb.ovh\/2026\/GR2\/wp-json\/wp\/v2\/pages\/27\/revisions\/424"}],"wp:attachment":[{"href":"https:\/\/www.clicweb.ovh\/2026\/GR2\/wp-json\/wp\/v2\/media?parent=27"}],"curies":[{"name":"wp","href":"https:\/\/api.w.org\/{rel}","templated":true}]}}