{"id":220,"date":"2026-03-12T10:16:51","date_gmt":"2026-03-12T09:16:51","guid":{"rendered":"https:\/\/www.clicweb.ovh\/2026\/GR2\/?page_id=220"},"modified":"2026-04-06T08:15:04","modified_gmt":"2026-04-06T06:15:04","slug":"le-produit","status":"publish","type":"page","link":"https:\/\/www.clicweb.ovh\/2026\/GR2\/le-produit\/","title":{"rendered":"Le produit"},"content":{"rendered":"<p>[et_pb_section fb_built=\u00a0\u00bb1&Prime; admin_label=\u00a0\u00bbHeader\u00a0\u00bb _builder_version=\u00a0\u00bb4.27.5&Prime; _module_preset=\u00a0\u00bbdefault\u00a0\u00bb background_color=\u00a0\u00bb#f0eae4&Prime; use_background_color_gradient=\u00a0\u00bbon\u00a0\u00bb background_color_gradient_stops=\u00a0\u00bbrgba(0,0,0,0) 0%|gcid-f53bea2f-11b6-47b2-a970-343c85385294 100%\u00a0\u00bb background_color_gradient_overlays_image=\u00a0\u00bbon\u00a0\u00bb background_enable_image=\u00a0\u00bboff\u00a0\u00bb overflow-x=\u00a0\u00bbhidden\u00a0\u00bb overflow-y=\u00a0\u00bbhidden\u00a0\u00bb collapsed=\u00a0\u00bbon\u00a0\u00bb global_colors_info=\u00a0\u00bb{%22gcid-f53bea2f-11b6-47b2-a970-343c85385294%22:%91%22background_color_gradient_stops%22%93}\u00a0\u00bb][et_pb_row _builder_version=\u00a0\u00bb4.18.0&Prime; _module_preset=\u00a0\u00bbdefault\u00a0\u00bb global_colors_info=\u00a0\u00bb{}\u00a0\u00bb][et_pb_column type=\u00a0\u00bb4_4&Prime; _builder_version=\u00a0\u00bb4.18.0&Prime; _module_preset=\u00a0\u00bbdefault\u00a0\u00bb global_colors_info=\u00a0\u00bb{}\u00a0\u00bb][et_pb_text _builder_version=\u00a0\u00bb4.27.5&Prime; _module_preset=\u00a0\u00bbc16985e1-e0d6-4022-964d-e2bfc04fa633&Prime; header_font=\u00a0\u00bbCalistoga|||on|||||\u00a0\u00bb header_text_color=\u00a0\u00bb#E7E2BC\u00a0\u00bb header_font_size=\u00a0\u00bb120px\u00a0\u00bb header_line_height=\u00a0\u00bb1.15em\u00a0\u00bb text_orientation=\u00a0\u00bbcenter\u00a0\u00bb header_font_size_tablet=\u00a0\u00bb46px\u00a0\u00bb header_font_size_phone=\u00a0\u00bb28px\u00a0\u00bb header_font_size_last_edited=\u00a0\u00bbon|tablet\u00a0\u00bb inline_fonts=\u00a0\u00bbCalistoga\u00a0\u00bb global_colors_info=\u00a0\u00bb{}\u00a0\u00bb]<\/p>\n<h1><span style=\"color: #840427; font-family: Calistoga; font-weight: normal;\">Hibis Tea<\/span><\/h1>\n<p>[\/et_pb_text][\/et_pb_column][\/et_pb_row][et_pb_row column_structure=\u00a0\u00bb1_2,1_2&Prime; _builder_version=\u00a0\u00bb4.18.0&Prime; _module_preset=\u00a0\u00bbdefault\u00a0\u00bb global_colors_info=\u00a0\u00bb{}\u00a0\u00bb][et_pb_column type=\u00a0\u00bb1_2&Prime; _builder_version=\u00a0\u00bb4.18.0&Prime; _module_preset=\u00a0\u00bbdefault\u00a0\u00bb global_colors_info=\u00a0\u00bb{}\u00a0\u00bb][et_pb_text _builder_version=\u00a0\u00bb4.27.5&Prime; _module_preset=\u00a0\u00bb518880c8-46c7-4ffa-b5a6-93ffa99dcc17&Prime; text_font=\u00a0\u00bb&#8211;et_global_body_font||||||||\u00a0\u00bb text_text_color=\u00a0\u00bb#E7E2BC\u00a0\u00bb text_font_size=\u00a0\u00bb22px\u00a0\u00bb text_line_height=\u00a0\u00bb1.65em\u00a0\u00bb custom_margin=\u00a0\u00bb||-12px|||\u00a0\u00bb text_font_size_tablet=\u00a0\u00bb16px\u00a0\u00bb text_font_size_phone=\u00a0\u00bb14px\u00a0\u00bb text_font_size_last_edited=\u00a0\u00bbon|desktop\u00a0\u00bb global_colors_info=\u00a0\u00bb{}\u00a0\u00bb]<\/p>\n<p><span style=\"color: #000000;\">D\u00e9couvrez Hibis Tea, une infusion \u00e0 base de fleurs d\u2019hibiscus soigneusement s\u00e9lectionn\u00e9es. Sa couleur rouge intense et son go\u00fbt l\u00e9g\u00e8rement acidul\u00e9 offrent une boisson \u00e0 la fois d\u00e9salt\u00e9rante et pleine de caract\u00e8re.<\/span><\/p>\n<p>[\/et_pb_text][et_pb_text _builder_version=\u00a0\u00bb4.27.5&Prime; _module_preset=\u00a0\u00bbb327cbe4-b1d5-4b66-ad37-40c8f2f061ba\u00a0\u00bb text_font=\u00a0\u00bb&#8211;et_global_body_font||||||||\u00a0\u00bb header_2_font=\u00a0\u00bbItaliana||||||||\u00a0\u00bb header_2_text_color=\u00a0\u00bb#E7E2BC\u00a0\u00bb header_2_font_size=\u00a0\u00bb70px\u00a0\u00bb header_2_line_height=\u00a0\u00bb1.2em\u00a0\u00bb min_height=\u00a0\u00bb242px\u00a0\u00bb custom_padding=\u00a0\u00bb32px|||||\u00a0\u00bb header_2_font_size_tablet=\u00a0\u00bb32px\u00a0\u00bb header_2_font_size_phone=\u00a0\u00bb24px\u00a0\u00bb header_2_font_size_last_edited=\u00a0\u00bbon|tablet\u00a0\u00bb inline_fonts=\u00a0\u00bbCalistoga\u00a0\u00bb global_colors_info=\u00a0\u00bb{}\u00a0\u00bb]<\/p>\n<h2><span style=\"color: #000000; font-family: Calistoga;\">Une production artisanale<\/span><\/h2>\n<p>[\/et_pb_text][\/et_pb_column][et_pb_column type=\u00a0\u00bb1_2&Prime; _builder_version=\u00a0\u00bb4.18.0&Prime; _module_preset=\u00a0\u00bbdefault\u00a0\u00bb global_colors_info=\u00a0\u00bb{}\u00a0\u00bb][et_pb_image src=\u00a0\u00bbhttps:\/\/www.clicweb.ovh\/2026\/GR2\/wp-content\/uploads\/2026\/01\/Gemini_Generated_Image_rldfggrldfggrldf-Photoroom.png\u00a0\u00bb title_text=\u00a0\u00bbGemini_Generated_Image_rldfggrldfggrldf-Photoroom\u00a0\u00bb _builder_version=\u00a0\u00bb4.27.5&Prime; _module_preset=\u00a0\u00bbdefault\u00a0\u00bb width=\u00a0\u00bb74%\u00a0\u00bb max_width=\u00a0\u00bb79%\u00a0\u00bb custom_margin=\u00a0\u00bb|-30vw|||false|false\u00a0\u00bb global_colors_info=\u00a0\u00bb{}\u00a0\u00bb][\/et_pb_image][\/et_pb_column][\/et_pb_row][\/et_pb_section][et_pb_section fb_built=\u00a0\u00bb1&Prime; specialty=\u00a0\u00bbon\u00a0\u00bb padding_bottom_1=\u00a0\u00bb0px\u00a0\u00bb padding_bottom_2=\u00a0\u00bb0px\u00a0\u00bb padding_top_bottom_link_1=\u00a0\u00bbfalse\u00a0\u00bb padding_top_bottom_link_2=\u00a0\u00bbfalse\u00a0\u00bb padding_left_right_link_1=\u00a0\u00bbfalse\u00a0\u00bb padding_left_right_link_2=\u00a0\u00bbfalse\u00a0\u00bb admin_label=\u00a0\u00bbProducts\u00a0\u00bb _builder_version=\u00a0\u00bb4.27.5&Prime; _module_preset=\u00a0\u00bbdefault\u00a0\u00bb background_color=\u00a0\u00bbgcid-f53bea2f-11b6-47b2-a970-343c85385294&Prime; background_enable_image=\u00a0\u00bboff\u00a0\u00bb min_height=\u00a0\u00bb904.4px\u00a0\u00bb custom_padding=\u00a0\u00bb||0px||false|false\u00a0\u00bb border_color_all=\u00a0\u00bbgcid-f53bea2f-11b6-47b2-a970-343c85385294&Prime; border_width_bottom=\u00a0\u00bb120px\u00a0\u00bb border_width_bottom_tablet=\u00a0\u00bb0px\u00a0\u00bb border_width_bottom_phone=\u00a0\u00bb0px\u00a0\u00bb border_width_bottom_last_edited=\u00a0\u00bbon|desktop\u00a0\u00bb collapsed=\u00a0\u00bbon\u00a0\u00bb global_colors_info=\u00a0\u00bb{%22gcid-f53bea2f-11b6-47b2-a970-343c85385294%22:%91%22background_color%22,%22background_color_gradient_stops%22,%22border_color_all%22%93}\u00a0\u00bb][et_pb_column type=\u00a0\u00bb1_2&Prime; _builder_version=\u00a0\u00bb4.16&Prime; custom_padding=\u00a0\u00bb|||\u00a0\u00bb global_colors_info=\u00a0\u00bb{}\u00a0\u00bb custom_padding__hover=\u00a0\u00bb|||\u00a0\u00bb][et_pb_image src=\u00a0\u00bbhttps:\/\/www.clicweb.ovh\/2026\/GR2\/wp-content\/uploads\/2026\/03\/4ac37ec5-4f25-4a59-b939-ce841fa7825c-1.jpeg\u00a0\u00bb title_text=\u00a0\u00bb4ac37ec5-4f25-4a59-b939-ce841fa7825c\u00a0\u00bb align=\u00a0\u00bbcenter\u00a0\u00bb align_tablet=\u00a0\u00bbleft\u00a0\u00bb align_phone=\u00a0\u00bbleft\u00a0\u00bb align_last_edited=\u00a0\u00bbon|tablet\u00a0\u00bb _builder_version=\u00a0\u00bb4.27.5&Prime; _module_preset=\u00a0\u00bbdefault\u00a0\u00bb transform_scale_tablet=\u00a0\u00bb\u00a0\u00bb transform_scale_phone=\u00a0\u00bb\u00a0\u00bb transform_scale_last_edited=\u00a0\u00bbon|tablet\u00a0\u00bb transform_translate_linked=\u00a0\u00bboff\u00a0\u00bb transform_rotate_tablet=\u00a0\u00bb\u00a0\u00bb transform_rotate_phone=\u00a0\u00bb\u00a0\u00bb transform_rotate_last_edited=\u00a0\u00bbon|tablet\u00a0\u00bb transform_skew_tablet=\u00a0\u00bb\u00a0\u00bb transform_skew_phone=\u00a0\u00bb\u00a0\u00bb transform_skew_last_edited=\u00a0\u00bbon|tablet\u00a0\u00bb transform_origin_tablet=\u00a0\u00bb\u00a0\u00bb transform_origin_phone=\u00a0\u00bb\u00a0\u00bb transform_origin_last_edited=\u00a0\u00bbon|tablet\u00a0\u00bb max_width=\u00a0\u00bb80%\u00a0\u00bb max_height_tablet=\u00a0\u00bb500px\u00a0\u00bb max_height_phone=\u00a0\u00bb500px\u00a0\u00bb max_height_last_edited=\u00a0\u00bbon|tablet\u00a0\u00bb custom_margin=\u00a0\u00bb-10%||-8%||false|false\u00a0\u00bb custom_margin_tablet=\u00a0\u00bb0%||0%||false|false\u00a0\u00bb custom_margin_phone=\u00a0\u00bb0%||0%||false|false\u00a0\u00bb custom_margin_last_edited=\u00a0\u00bbon|tablet\u00a0\u00bb global_colors_info=\u00a0\u00bb{}\u00a0\u00bb][\/et_pb_image][\/et_pb_column][et_pb_column type=\u00a0\u00bb1_2&Prime; specialty_columns=\u00a0\u00bb2&Prime; _builder_version=\u00a0\u00bb4.16&Prime; custom_padding=\u00a0\u00bb|||\u00a0\u00bb global_colors_info=\u00a0\u00bb{}\u00a0\u00bb custom_padding__hover=\u00a0\u00bb|||\u00a0\u00bb][et_pb_row_inner _builder_version=\u00a0\u00bb4.18.0&Prime; _module_preset=\u00a0\u00bbdefault\u00a0\u00bb global_colors_info=\u00a0\u00bb{}\u00a0\u00bb][et_pb_column_inner saved_specialty_column_type=\u00a0\u00bb1_2&Prime; _builder_version=\u00a0\u00bb4.18.0&Prime; _module_preset=\u00a0\u00bbdefault\u00a0\u00bb global_colors_info=\u00a0\u00bb{}\u00a0\u00bb][et_pb_text _builder_version=\u00a0\u00bb4.27.5&Prime; _module_preset=\u00a0\u00bb518880c8-46c7-4ffa-b5a6-93ffa99dcc17&Prime; text_font=\u00a0\u00bb&#8211;et_global_body_font||||||||\u00a0\u00bb text_text_color=\u00a0\u00bb#000000&Prime; text_font_size=\u00a0\u00bb22px\u00a0\u00bb text_line_height=\u00a0\u00bb1.65em\u00a0\u00bb text_font_size_tablet=\u00a0\u00bb16px\u00a0\u00bb text_font_size_phone=\u00a0\u00bb14px\u00a0\u00bb text_font_size_last_edited=\u00a0\u00bbon|desktop\u00a0\u00bb global_colors_info=\u00a0\u00bb{}\u00a0\u00bb]<\/p>\n<h3><strong><span style=\"color: #840427;\">LES INGR\u00c9DIENTS<\/span><\/strong><\/h3>\n<ul>\n<li><span style=\"color: #000000;\">Eau,<\/span><\/li>\n<li><span style=\"color: #000000;\">Fleurs d\u2019hibiscus,<\/span><\/li>\n<li><span style=\"color: #000000;\">\u00c9dulcorant : glycosides de st\u00e9viol (extrait de st\u00e9via),<\/span><\/li>\n<li><span style=\"color: #000000;\">Feuilles de menthe.<\/span><\/li>\n<\/ul>\n<p>[\/et_pb_text][et_pb_text _builder_version=\u00a0\u00bb4.27.5&Prime; _module_preset=\u00a0\u00bbb327cbe4-b1d5-4b66-ad37-40c8f2f061ba\u00a0\u00bb text_text_color=\u00a0\u00bb#000000&Prime; header_2_font=\u00a0\u00bbItaliana||||||||\u00a0\u00bb header_2_text_color=\u00a0\u00bb#E7E2BC\u00a0\u00bb header_2_font_size=\u00a0\u00bb70px\u00a0\u00bb header_2_line_height=\u00a0\u00bb1.2em\u00a0\u00bb header_2_font_size_tablet=\u00a0\u00bb32px\u00a0\u00bb header_2_font_size_phone=\u00a0\u00bb24px\u00a0\u00bb header_2_font_size_last_edited=\u00a0\u00bbon|tablet\u00a0\u00bb inline_fonts=\u00a0\u00bbCalistoga\u00a0\u00bb global_colors_info=\u00a0\u00bb{}\u00a0\u00bb]<\/p>\n<h2><span style=\"color: #000000; font-family: Calistoga;\"> D\u00e9couvrez Hibis Tea, une infusion florale naturellement rafra\u00eechissante. <\/span><\/h2>\n<p>[\/et_pb_text][et_pb_button button_text=\u00a0\u00bbCommander\u00a0\u00bb _builder_version=\u00a0\u00bb4.27.5&Prime; _module_preset=\u00a0\u00bb31b4f027-aaa0-4f2f-ae02-959764e19e4f\u00a0\u00bb custom_button=\u00a0\u00bbon\u00a0\u00bb button_text_size=\u00a0\u00bb18px\u00a0\u00bb button_text_color=\u00a0\u00bb#ffffff\u00a0\u00bb button_bg_color=\u00a0\u00bb#840427&Prime; button_border_width=\u00a0\u00bb0px\u00a0\u00bb button_border_radius=\u00a0\u00bb0px\u00a0\u00bb button_letter_spacing=\u00a0\u00bb1px\u00a0\u00bb button_font=\u00a0\u00bbPlayfair Display|700|on||||||\u00a0\u00bb custom_padding=\u00a0\u00bb10px|30px|10px|30px|true|true\u00a0\u00bb hover_enabled=\u00a0\u00bb0&Prime; global_colors_info=\u00a0\u00bb{}\u00a0\u00bb button_url=\u00a0\u00bb@ET-DC@eyJkeW5hbWljIjp0cnVlLCJjb250ZW50IjoicG9zdF9saW5rX3VybF9wYWdlIiwic2V0dGluZ3MiOnsicG9zdF9pZCI6IjMzIn19@\u00a0\u00bb _dynamic_attributes=\u00a0\u00bbbutton_url\u00a0\u00bb sticky_enabled=\u00a0\u00bb0&Prime;][\/et_pb_button][\/et_pb_column_inner][\/et_pb_row_inner][\/et_pb_column][\/et_pb_section][et_pb_section fb_built=\u00a0\u00bb1&Prime; admin_label=\u00a0\u00bbFeatures\u00a0\u00bb _builder_version=\u00a0\u00bb4.18.0&Prime; _module_preset=\u00a0\u00bbdefault\u00a0\u00bb background_color=\u00a0\u00bbgcid-f53bea2f-11b6-47b2-a970-343c85385294&Prime; min_height=\u00a0\u00bb602.6px\u00a0\u00bb custom_margin=\u00a0\u00bb-117px||-83px|||\u00a0\u00bb custom_padding=\u00a0\u00bb57px|||||\u00a0\u00bb collapsed=\u00a0\u00bbon\u00a0\u00bb global_colors_info=\u00a0\u00bb{%22gcid-f53bea2f-11b6-47b2-a970-343c85385294%22:%91%22background_color%22%93}\u00a0\u00bb][et_pb_row _builder_version=\u00a0\u00bb4.27.5&Prime; _module_preset=\u00a0\u00bbdefault\u00a0\u00bb custom_padding=\u00a0\u00bb0px|||||\u00a0\u00bb global_colors_info=\u00a0\u00bb{}\u00a0\u00bb][et_pb_column type=\u00a0\u00bb4_4&Prime; _builder_version=\u00a0\u00bb4.27.5&Prime; _module_preset=\u00a0\u00bbdefault\u00a0\u00bb global_colors_info=\u00a0\u00bb{}\u00a0\u00bb][et_pb_text _builder_version=\u00a0\u00bb4.27.5&Prime; _module_preset=\u00a0\u00bbdefault\u00a0\u00bb global_colors_info=\u00a0\u00bb{}\u00a0\u00bb]<\/p>\n<h3 style=\"text-align: center;\"><strong><span style=\"color: #840427;\">LES BIENFAITS<\/span><\/strong><\/h3>\n<p>[\/et_pb_text][et_pb_accordion _builder_version=\u00a0\u00bb4.27.5&Prime; _module_preset=\u00a0\u00bbdefault\u00a0\u00bb toggle_text_color=\u00a0\u00bb#840427&Prime; toggle_text_align=\u00a0\u00bbcenter\u00a0\u00bb global_colors_info=\u00a0\u00bb{}\u00a0\u00bb][et_pb_accordion_item title=\u00a0\u00bbEffets antioxydants\u00a0\u00bb open=\u00a0\u00bbon\u00a0\u00bb _builder_version=\u00a0\u00bb4.27.5&Prime; _module_preset=\u00a0\u00bbdefault\u00a0\u00bb global_colors_info=\u00a0\u00bb{}\u00a0\u00bb]<\/p>\n<p style=\"text-align: center;\"><span class=\"a_GcMg font-feature-liga-off font-feature-clig-off font-feature-calt-off text-decoration-none text-strikethrough-none\">Riche en<\/span><span class=\"a_GcMg font-feature-liga-off font-feature-clig-off font-feature-calt-off text-decoration-none text-strikethrough-none white-space-prewrap\"> <\/span><span class=\"a_GcMg font-feature-liga-off font-feature-clig-off font-feature-calt-off text-decoration-none text-strikethrough-none\">compos\u00e9s antioxydants, l\u2019hibiscus et la menthe contribuent \u00e0 prot\u00e9ger les cellules contre le vieillisement.<\/span><\/p>\n<p>[\/et_pb_accordion_item][et_pb_accordion_item title=\u00a0\u00bbBien-\u00eatre digestif\u00a0\u00bb _builder_version=\u00a0\u00bb4.27.5&Prime; _module_preset=\u00a0\u00bbdefault\u00a0\u00bb global_colors_info=\u00a0\u00bb{}\u00a0\u00bb open=\u00a0\u00bboff\u00a0\u00bb]<\/p>\n<p><span>Dans de nombreuses cultures, l\u2019hibiscus est traditionnellement consomm\u00e9 apr\u00e8s les repas, appr\u00e9ci\u00e9 pour sa l\u00e9g\u00e8ret\u00e9 et sa fra\u00eecheur en bouche.<\/span><\/p>\n<p>[\/et_pb_accordion_item][et_pb_accordion_item title=\u00a0\u00bbStabilit\u00e9 de la glyc\u00e9mie\u00a0\u00bb _builder_version=\u00a0\u00bb4.27.5&Prime; _module_preset=\u00a0\u00bbdefault\u00a0\u00bb global_colors_info=\u00a0\u00bb{}\u00a0\u00bb open=\u00a0\u00bboff\u00a0\u00bb]<\/p>\n<p><span>La st\u00e9via est un \u00e9dulcorant d\u2019origine naturelle, qui n\u2019influence pas la glyc\u00e9mie et sans calorie.<\/span><\/p>\n<p>[\/et_pb_accordion_item][et_pb_accordion_item title=\u00a0\u00bbFra\u00eecheur naturelle\u00a0\u00bb _builder_version=\u00a0\u00bb4.27.5&Prime; _module_preset=\u00a0\u00bbdefault\u00a0\u00bb global_colors_info=\u00a0\u00bb{}\u00a0\u00bb open=\u00a0\u00bboff\u00a0\u00bb]<\/p>\n<p><span>La menthe apporte une fra\u00eecheur naturelle, renfor\u00e7ant le caract\u00e8re d\u00e9salt\u00e9rant de la boisson pour un bien-\u00eatre imm\u00e9diat.<\/span><\/p>\n<p>[\/et_pb_accordion_item][\/et_pb_accordion][\/et_pb_column][\/et_pb_row][\/et_pb_section][et_pb_section fb_built=\u00a0\u00bb1&Prime; admin_label=\u00a0\u00bbFooter\u00a0\u00bb _builder_version=\u00a0\u00bb4.27.5&Prime; _module_preset=\u00a0\u00bbdefault\u00a0\u00bb background_color=\u00a0\u00bbgcid-f53bea2f-11b6-47b2-a970-343c85385294&Prime; background_enable_image=\u00a0\u00bboff\u00a0\u00bb custom_padding=\u00a0\u00bb0vw||0vw||true|false\u00a0\u00bb collapsed=\u00a0\u00bbon\u00a0\u00bb global_colors_info=\u00a0\u00bb{%22gcid-f53bea2f-11b6-47b2-a970-343c85385294%22:%91%22background_color_gradient_stops%22,%22background_color%22%93}\u00a0\u00bb][et_pb_row _builder_version=\u00a0\u00bb4.18.0&Prime; _module_preset=\u00a0\u00bbdefault\u00a0\u00bb max_width=\u00a0\u00bb630px\u00a0\u00bb custom_margin=\u00a0\u00bb||10vw||false|false\u00a0\u00bb global_colors_info=\u00a0\u00bb{}\u00a0\u00bb][et_pb_column type=\u00a0\u00bb4_4&Prime; _builder_version=\u00a0\u00bb4.18.0&Prime; _module_preset=\u00a0\u00bbdefault\u00a0\u00bb global_colors_info=\u00a0\u00bb{}\u00a0\u00bb][et_pb_text _builder_version=\u00a0\u00bb4.27.5&Prime; _module_preset=\u00a0\u00bbb327cbe4-b1d5-4b66-ad37-40c8f2f061ba\u00a0\u00bb header_2_font=\u00a0\u00bbItaliana||||||||\u00a0\u00bb header_2_text_color=\u00a0\u00bbgcid-82d6c09a-d813-40a8-95b4-5069eeb5bf47&Prime; header_2_font_size=\u00a0\u00bb70px\u00a0\u00bb header_2_line_height=\u00a0\u00bb1.2em\u00a0\u00bb text_orientation=\u00a0\u00bbcenter\u00a0\u00bb header_2_font_size_tablet=\u00a0\u00bb32px\u00a0\u00bb header_2_font_size_phone=\u00a0\u00bb24px\u00a0\u00bb header_2_font_size_last_edited=\u00a0\u00bbon|tablet\u00a0\u00bb inline_fonts=\u00a0\u00bbCalistoga\u00a0\u00bb global_colors_info=\u00a0\u00bb{%22gcid-82d6c09a-d813-40a8-95b4-5069eeb5bf47%22:%91%22header_2_text_color%22%93}\u00a0\u00bb]<\/p>\n<h2><span style=\"color: #000000; font-family: Calistoga;\">Suivez notre newsletter<\/span><\/h2>\n<p>[\/et_pb_text][et_pb_signup mailchimp_list=\u00a0\u00bbelegantthemestest|1ea2bbd026&Prime; layout=\u00a0\u00bbtop_bottom\u00a0\u00bb first_name_field=\u00a0\u00bboff\u00a0\u00bb last_name_field=\u00a0\u00bboff\u00a0\u00bb button_text=\u00a0\u00bbS\u2019abonner\u00a0\u00bb _builder_version=\u00a0\u00bb4.27.5&Prime; _module_preset=\u00a0\u00bbf5dd8511-592b-43f8-b02a-fca5b467e34a\u00a0\u00bb form_field_background_color=\u00a0\u00bbRGBA(255,255,255,0)\u00a0\u00bb form_field_text_color=\u00a0\u00bb#000000&Prime; form_field_custom_padding=\u00a0\u00bb17px|30px|17px|30px|true|true\u00a0\u00bb header_text_color=\u00a0\u00bb#000000&Prime; body_text_color=\u00a0\u00bb#FFFFFF\u00a0\u00bb form_field_font=\u00a0\u00bbPlayfair Display||on||||||\u00a0\u00bb form_field_text_align=\u00a0\u00bbcenter\u00a0\u00bb form_field_font_size=\u00a0\u00bb18px\u00a0\u00bb background_enable_color=\u00a0\u00bboff\u00a0\u00bb use_background_color=\u00a0\u00bboff\u00a0\u00bb custom_button=\u00a0\u00bbon\u00a0\u00bb button_text_size=\u00a0\u00bb18px\u00a0\u00bb button_text_color=\u00a0\u00bb#FFFFFF\u00a0\u00bb button_bg_color=\u00a0\u00bb#840427&Prime; button_border_width=\u00a0\u00bb0px\u00a0\u00bb button_border_radius=\u00a0\u00bb0px\u00a0\u00bb button_font=\u00a0\u00bbPlayfair Display|700|on||||||\u00a0\u00bb button_custom_padding=\u00a0\u00bb12px|30px|12px|30px|true|true\u00a0\u00bb form_field_font_size_tablet=\u00a0\u00bb16px\u00a0\u00bb form_field_font_size_phone=\u00a0\u00bb14px\u00a0\u00bb form_field_font_size_last_edited=\u00a0\u00bbon|desktop\u00a0\u00bb border_radii_fields=\u00a0\u00bbon|0px|0px|0px|0px\u00a0\u00bb border_color_all_fields=\u00a0\u00bb#A45137&Prime; border_width_bottom_fields=\u00a0\u00bb2px\u00a0\u00bb locked=\u00a0\u00bboff\u00a0\u00bb global_colors_info=\u00a0\u00bb{}\u00a0\u00bb][\/et_pb_signup][\/et_pb_column][\/et_pb_row][\/et_pb_section]<\/p>\n","protected":false},"excerpt":{"rendered":"<p>Hibis TeaD\u00e9couvrez Hibis Tea, une infusion \u00e0 base de fleurs d\u2019hibiscus soigneusement s\u00e9lectionn\u00e9es. Sa couleur rouge intense et son go\u00fbt l\u00e9g\u00e8rement acidul\u00e9 offrent une boisson \u00e0 la fois d\u00e9salt\u00e9rante et pleine de caract\u00e8re.Une production artisanaleLES INGR\u00c9DIENTS Eau, Fleurs d\u2019hibiscus, \u00c9dulcorant : glycosides de st\u00e9viol (extrait de st\u00e9via), Feuilles de menthe. D\u00e9couvrez Hibis Tea, une infusion [&hellip;]<\/p>\n","protected":false},"author":2,"featured_media":0,"parent":0,"menu_order":0,"comment_status":"closed","ping_status":"closed","template":"","meta":{"_et_pb_use_builder":"on","_et_pb_old_content":"","_et_gb_content_width":"","footnotes":""},"class_list":["post-220","page","type-page","status-publish","hentry"],"_links":{"self":[{"href":"https:\/\/www.clicweb.ovh\/2026\/GR2\/wp-json\/wp\/v2\/pages\/220","targetHints":{"allow":["GET"]}}],"collection":[{"href":"https:\/\/www.clicweb.ovh\/2026\/GR2\/wp-json\/wp\/v2\/pages"}],"about":[{"href":"https:\/\/www.clicweb.ovh\/2026\/GR2\/wp-json\/wp\/v2\/types\/page"}],"author":[{"embeddable":true,"href":"https:\/\/www.clicweb.ovh\/2026\/GR2\/wp-json\/wp\/v2\/users\/2"}],"replies":[{"embeddable":true,"href":"https:\/\/www.clicweb.ovh\/2026\/GR2\/wp-json\/wp\/v2\/comments?post=220"}],"version-history":[{"count":16,"href":"https:\/\/www.clicweb.ovh\/2026\/GR2\/wp-json\/wp\/v2\/pages\/220\/revisions"}],"predecessor-version":[{"id":445,"href":"https:\/\/www.clicweb.ovh\/2026\/GR2\/wp-json\/wp\/v2\/pages\/220\/revisions\/445"}],"wp:attachment":[{"href":"https:\/\/www.clicweb.ovh\/2026\/GR2\/wp-json\/wp\/v2\/media?parent=220"}],"curies":[{"name":"wp","href":"https:\/\/api.w.org\/{rel}","templated":true}]}}