{"id":30,"date":"2024-12-05T16:05:39","date_gmt":"2024-12-05T15:05:39","guid":{"rendered":"https:\/\/www.clicweb.ovh\/2025\/gr2\/?page_id=30"},"modified":"2025-01-22T11:33:22","modified_gmt":"2025-01-22T10:33:22","slug":"engagement","status":"publish","type":"page","link":"https:\/\/www.clicweb.ovh\/2025\/gr2\/engagement\/","title":{"rendered":"Engagement"},"content":{"rendered":"<p>[et_pb_section fb_built=\u00a0\u00bb1&Prime; admin_label=\u00a0\u00bbtitre de page\u00a0\u00bb _builder_version=\u00a0\u00bb4.27.4&Prime; _module_preset=\u00a0\u00bbdefault\u00a0\u00bb background_color=\u00a0\u00bb#355946&Prime; hover_enabled=\u00a0\u00bb0&Prime; global_colors_info=\u00a0\u00bb{}\u00a0\u00bb sticky_enabled=\u00a0\u00bb0&Prime;][et_pb_row _builder_version=\u00a0\u00bb4.27.4&Prime; _module_preset=\u00a0\u00bbdefault\u00a0\u00bb global_colors_info=\u00a0\u00bb{}\u00a0\u00bb][et_pb_column type=\u00a0\u00bb4_4&Prime; _builder_version=\u00a0\u00bb4.27.4&Prime; _module_preset=\u00a0\u00bbdefault\u00a0\u00bb global_colors_info=\u00a0\u00bb{}\u00a0\u00bb][et_pb_text _builder_version=\u00a0\u00bb4.27.4&Prime; _module_preset=\u00a0\u00bbdefault\u00a0\u00bb text_font=\u00a0\u00bbOpen Sans||||||||\u00a0\u00bb background_layout=\u00a0\u00bbdark\u00a0\u00bb hover_enabled=\u00a0\u00bb0&Prime; global_colors_info=\u00a0\u00bb{}\u00a0\u00bb text_orientation=\u00a0\u00bbcenter\u00a0\u00bb sticky_enabled=\u00a0\u00bb0&Prime;]<\/p>\n<h1 class=\"wp-block-heading has-text-align-center\" style=\"text-align: center;\"><strong><span style=\"font-size: xx-large;\">Nos<\/span><span style=\"font-size: xx-large;\"> en<\/span><span style=\"font-size: xx-large;\">gagements<\/span><\/strong><\/h1>\n<p>[\/et_pb_text][\/et_pb_column][\/et_pb_row][\/et_pb_section][et_pb_section fb_built=\u00a0\u00bb1&Prime; admin_label=\u00a0\u00bbSection\u00a0\u00bb _builder_version=\u00a0\u00bb4.27.4&Prime; _module_preset=\u00a0\u00bbdefault\u00a0\u00bb global_colors_info=\u00a0\u00bb{}\u00a0\u00bb][et_pb_row column_structure=\u00a0\u00bb2_5,3_5&Prime; _builder_version=\u00a0\u00bb4.27.4&Prime; _module_preset=\u00a0\u00bbdefault\u00a0\u00bb background_color=\u00a0\u00bbRGBA(255,255,255,0)\u00a0\u00bb custom_padding=\u00a0\u00bb||0px|||\u00a0\u00bb global_colors_info=\u00a0\u00bb{}\u00a0\u00bb][et_pb_column type=\u00a0\u00bb2_5&Prime; _builder_version=\u00a0\u00bb4.27.4&Prime; _module_preset=\u00a0\u00bbdefault\u00a0\u00bb global_colors_info=\u00a0\u00bb{}\u00a0\u00bb][et_pb_image src=\u00a0\u00bbhttp:\/\/www.clicweb.ovh\/2025\/gr2\/wp-content\/uploads\/2024\/12\/man-with-vegetables-that-have-been-cultivated-farmed-indoors-scaled.jpg\u00a0\u00bb title_text=\u00a0\u00bbman-with-vegetables-that-have-been-cultivated-farmed-indoors\u00a0\u00bb _builder_version=\u00a0\u00bb4.27.4&Prime; _module_preset=\u00a0\u00bbdefault\u00a0\u00bb width=\u00a0\u00bb100%\u00a0\u00bb custom_margin=\u00a0\u00bb||16px|||\u00a0\u00bb custom_padding=\u00a0\u00bb|1px||||\u00a0\u00bb global_colors_info=\u00a0\u00bb{}\u00a0\u00bb src__hover_enabled=\u00a0\u00bbon|hover\u00a0\u00bb src__hover=\u00a0\u00bbhttp:\/\/www.clicweb.ovh\/2025\/gr2\/wp-content\/uploads\/2024\/12\/man-with-vegetables-that-have-been-cultivated-farmed-indoors-scaled.jpg\u00a0\u00bb][\/et_pb_image][\/et_pb_column][et_pb_column type=\u00a0\u00bb3_5&Prime; _builder_version=\u00a0\u00bb4.27.4&Prime; _module_preset=\u00a0\u00bbdefault\u00a0\u00bb global_colors_info=\u00a0\u00bb{}\u00a0\u00bb][et_pb_text _builder_version=\u00a0\u00bb4.27.4&Prime; _module_preset=\u00a0\u00bbdefault\u00a0\u00bb min_height=\u00a0\u00bb649px\u00a0\u00bb custom_margin=\u00a0\u00bb|||-45px||\u00a0\u00bb custom_padding=\u00a0\u00bb||2px|||\u00a0\u00bb global_colors_info=\u00a0\u00bb{}\u00a0\u00bb]<\/p>\n<p><span style=\"color: #000000;\"><strong>Produits locaux et de saison<\/strong><\/span><br \/><span style=\"color: #000000;\">Nous favorisons des ingr\u00e9dients provenant de circuits courts, afin de soutenir les producteurs locaux et de r\u00e9duire notre empreinte carbone.<\/span><\/p>\n<p><span style=\"color: #000000;\"><strong>R\u00e9duction des d\u00e9chets<\/strong><\/span><br \/><span style=\"color: #000000;\">Nous adoptons des emballages respectueux de l\u2019environnement \u2013 biod\u00e9gradables, compostables ou r\u00e9utilisables \u2013 tout en menant une lutte active contre le gaspillage alimentaire.<\/span><\/p>\n<p><span style=\"color: #000000;\"><strong>Alimentation \u00e9quilibr\u00e9e et saine<\/strong><\/span><br \/><span style=\"color: #000000;\">Nous \u00e9laborons des plats \u00e0 partir de produits frais, biologiques et sans additifs, en harmonie avec les tendances de l\u2019alimentation saine et responsable.<\/span><\/p>\n<p><span style=\"color: #000000;\"><strong>Options vari\u00e9es et adapt\u00e9es<\/strong><\/span><br \/><span style=\"color: #000000;\">Nous proposons des repas diversifi\u00e9s, incluant des options v\u00e9g\u00e9tariennes ou adapt\u00e9es \u00e0 des r\u00e9gimes sp\u00e9cifiques (sans gluten, faibles en calories), afin de r\u00e9pondre aux besoins et aux pr\u00e9f\u00e9rences de chacun.<\/span><span style=\"color: #000000;\"><\/span><\/p>\n<p><span style=\"color: #000000;\"><strong>Soutien \u00e0 l\u2019\u00e9conomie locale<\/strong><br \/>Nous collaborons avec des producteurs locaux pour contribuer activement au dynamisme de l\u2019\u00e9conomie r\u00e9gionale et valoriser le savoir-faire de notre territoire.<\/span><\/p>\n<p>[\/et_pb_text][\/et_pb_column][\/et_pb_row][\/et_pb_section][et_pb_section fb_built=\u00a0\u00bb1&Prime; _builder_version=\u00a0\u00bb4.27.4&Prime; _module_preset=\u00a0\u00bbdefault\u00a0\u00bb global_colors_info=\u00a0\u00bb{}\u00a0\u00bb][et_pb_row column_structure=\u00a0\u00bb2_3,1_3&Prime; _builder_version=\u00a0\u00bb4.27.4&Prime; _module_preset=\u00a0\u00bbdefault\u00a0\u00bb global_colors_info=\u00a0\u00bb{}\u00a0\u00bb][et_pb_column type=\u00a0\u00bb2_3&Prime; _builder_version=\u00a0\u00bb4.27.4&Prime; _module_preset=\u00a0\u00bbdefault\u00a0\u00bb global_colors_info=\u00a0\u00bb{}\u00a0\u00bb][et_pb_text _builder_version=\u00a0\u00bb4.27.4&Prime; _module_preset=\u00a0\u00bbdefault\u00a0\u00bb custom_padding=\u00a0\u00bb|0px||||\u00a0\u00bb global_colors_info=\u00a0\u00bb{}\u00a0\u00bb]<\/p>\n<p><span style=\"color: #000000;\"><strong>Commande simplifi\u00e9e<\/strong><\/span><br \/><span style=\"color: #000000;\">B\u00e9n\u00e9ficiez d\u2019un service de pr\u00e9commande en ligne ou via une application d\u00e9di\u00e9e, con\u00e7u pour anticiper vos besoins et r\u00e9duire les files d\u2019attente.<\/span><\/p>\n<p><span style=\"color: #000000;\"><strong>Proximit\u00e9 et flexibilit\u00e9<\/strong><\/span><br \/><span style=\"color: #000000;\">Choisissez des options pratiques avec des points de retrait situ\u00e9s pr\u00e8s de votre lieu de travail, parfaitement adapt\u00e9s aux contraintes de vos pauses d\u00e9jeuner.<\/span><\/p>\n<p>[\/et_pb_text][\/et_pb_column][et_pb_column type=\u00a0\u00bb1_3&Prime; _builder_version=\u00a0\u00bb4.27.4&Prime; _module_preset=\u00a0\u00bbdefault\u00a0\u00bb global_colors_info=\u00a0\u00bb{}\u00a0\u00bb][et_pb_image src=\u00a0\u00bbhttp:\/\/www.clicweb.ovh\/2025\/gr2\/wp-content\/uploads\/2024\/12\/bicycle-basket-with-groceries-side-view-scaled.jpg\u00a0\u00bb title_text=\u00a0\u00bbbicycle-basket-with-groceries-side-view\u00a0\u00bb _builder_version=\u00a0\u00bb4.27.4&Prime; _module_preset=\u00a0\u00bbdefault\u00a0\u00bb custom_margin=\u00a0\u00bb|||124px||\u00a0\u00bb global_colors_info=\u00a0\u00bb{}\u00a0\u00bb][\/et_pb_image][\/et_pb_column][\/et_pb_row][\/et_pb_section][et_pb_section fb_built=\u00a0\u00bb1&Prime; _builder_version=\u00a0\u00bb4.27.4&Prime; _module_preset=\u00a0\u00bbdefault\u00a0\u00bb global_colors_info=\u00a0\u00bb{}\u00a0\u00bb][\/et_pb_section]<\/p>\n","protected":false},"excerpt":{"rendered":"<p>Nos engagementsProduits locaux et de saisonNous favorisons des ingr\u00e9dients provenant de circuits courts, afin de soutenir les producteurs locaux et de r\u00e9duire notre empreinte carbone. R\u00e9duction des d\u00e9chetsNous adoptons des emballages respectueux de l\u2019environnement \u2013 biod\u00e9gradables, compostables ou r\u00e9utilisables \u2013 tout en menant une lutte active contre le gaspillage alimentaire. Alimentation \u00e9quilibr\u00e9e et saineNous \u00e9laborons [&hellip;]<\/p>\n","protected":false},"author":2,"featured_media":0,"parent":0,"menu_order":0,"comment_status":"closed","ping_status":"closed","template":"","meta":{"_et_pb_use_builder":"on","_et_pb_old_content":"<!-- wp:heading {\"textAlign\":\"center\",\"level\":1} -->\n<h1 class=\"wp-block-heading has-text-align-center\">Nos engagements<\/h1>\n<!-- \/wp:heading -->","_et_gb_content_width":"","footnotes":""},"class_list":["post-30","page","type-page","status-publish","hentry"],"_links":{"self":[{"href":"https:\/\/www.clicweb.ovh\/2025\/gr2\/wp-json\/wp\/v2\/pages\/30","targetHints":{"allow":["GET"]}}],"collection":[{"href":"https:\/\/www.clicweb.ovh\/2025\/gr2\/wp-json\/wp\/v2\/pages"}],"about":[{"href":"https:\/\/www.clicweb.ovh\/2025\/gr2\/wp-json\/wp\/v2\/types\/page"}],"author":[{"embeddable":true,"href":"https:\/\/www.clicweb.ovh\/2025\/gr2\/wp-json\/wp\/v2\/users\/2"}],"replies":[{"embeddable":true,"href":"https:\/\/www.clicweb.ovh\/2025\/gr2\/wp-json\/wp\/v2\/comments?post=30"}],"version-history":[{"count":24,"href":"https:\/\/www.clicweb.ovh\/2025\/gr2\/wp-json\/wp\/v2\/pages\/30\/revisions"}],"predecessor-version":[{"id":686,"href":"https:\/\/www.clicweb.ovh\/2025\/gr2\/wp-json\/wp\/v2\/pages\/30\/revisions\/686"}],"wp:attachment":[{"href":"https:\/\/www.clicweb.ovh\/2025\/gr2\/wp-json\/wp\/v2\/media?parent=30"}],"curies":[{"name":"wp","href":"https:\/\/api.w.org\/{rel}","templated":true}]}}