{"id":241,"date":"2024-12-16T09:56:19","date_gmt":"2024-12-16T08:56:19","guid":{"rendered":"https:\/\/www.clicweb.ovh\/2025\/gr2\/?page_id=241"},"modified":"2025-01-22T10:37:47","modified_gmt":"2025-01-22T09:37:47","slug":"sinscrire","status":"publish","type":"page","link":"https:\/\/www.clicweb.ovh\/2025\/gr2\/sinscrire\/","title":{"rendered":"S&rsquo;inscrire"},"content":{"rendered":"<p>[et_pb_section fb_built=\u00a0\u00bb1&Prime; _builder_version=\u00a0\u00bb4.27.4&Prime; _module_preset=\u00a0\u00bbdefault\u00a0\u00bb global_colors_info=\u00a0\u00bb{}\u00a0\u00bb][et_pb_row _builder_version=\u00a0\u00bb4.27.4&Prime; _module_preset=\u00a0\u00bbdefault\u00a0\u00bb locked=\u00a0\u00bbon\u00a0\u00bb global_colors_info=\u00a0\u00bb{}\u00a0\u00bb][et_pb_column type=\u00a0\u00bb4_4&Prime; _builder_version=\u00a0\u00bb4.27.4&Prime; _module_preset=\u00a0\u00bbdefault\u00a0\u00bb global_colors_info=\u00a0\u00bb{}\u00a0\u00bb][et_pb_login title=\u00a0\u00bbSe connecter\u00a0\u00bb _builder_version=\u00a0\u00bb4.27.4&Prime; _module_preset=\u00a0\u00bbdefault\u00a0\u00bb background_color=\u00a0\u00bb#0e4f0e\u00a0\u00bb hover_enabled=\u00a0\u00bb0&Prime; global_colors_info=\u00a0\u00bb{}\u00a0\u00bb content__hover_enabled=\u00a0\u00bbon|desktop\u00a0\u00bb content__hover=\u00a0\u00bb<\/p>\n<p>Rejoignez notre communaut\u00e9 gourmande et d\u00e9couvrez des saveurs uniques. Connectez-vous pour acc\u00e9der \u00e0 votre espace personnel et profiter d&rsquo;offres exclusives. Ne manquez pas l&rsquo;occasion de savourer des repas v\u00e9g\u00e9tariens qui font la diff\u00e9rence.<\/p>\n<p>\u00a0\u00bb sticky_enabled=\u00a0\u00bb0&Prime;]<\/p>\n<p>Rejoignez notre communaut\u00e9 gourmande et d\u00e9couvrez des saveurs uniques. Connectez-vous pour acc\u00e9der \u00e0 votre espace personnel et profiter d&rsquo;offres exclusives. Ne manquez pas l&rsquo;occasion de savourer des repas v\u00e9g\u00e9tariens qui font la diff\u00e9rence.<\/p>\n<p>[\/et_pb_login][\/et_pb_column][\/et_pb_row][\/et_pb_section]<\/p>\n","protected":false},"excerpt":{"rendered":"<p>Rejoignez notre communaut\u00e9 gourmande et d\u00e9couvrez des saveurs uniques. Connectez-vous pour acc\u00e9der \u00e0 votre espace personnel et profiter d&rsquo;offres exclusives. Ne manquez pas l&rsquo;occasion de savourer des repas v\u00e9g\u00e9tariens qui font la diff\u00e9rence.<\/p>\n","protected":false},"author":5,"featured_media":0,"parent":0,"menu_order":0,"comment_status":"closed","ping_status":"closed","template":"","meta":{"_et_pb_use_builder":"on","_et_pb_old_content":"","_et_gb_content_width":"","footnotes":""},"class_list":["post-241","page","type-page","status-publish","hentry"],"_links":{"self":[{"href":"https:\/\/www.clicweb.ovh\/2025\/gr2\/wp-json\/wp\/v2\/pages\/241","targetHints":{"allow":["GET"]}}],"collection":[{"href":"https:\/\/www.clicweb.ovh\/2025\/gr2\/wp-json\/wp\/v2\/pages"}],"about":[{"href":"https:\/\/www.clicweb.ovh\/2025\/gr2\/wp-json\/wp\/v2\/types\/page"}],"author":[{"embeddable":true,"href":"https:\/\/www.clicweb.ovh\/2025\/gr2\/wp-json\/wp\/v2\/users\/5"}],"replies":[{"embeddable":true,"href":"https:\/\/www.clicweb.ovh\/2025\/gr2\/wp-json\/wp\/v2\/comments?post=241"}],"version-history":[{"count":6,"href":"https:\/\/www.clicweb.ovh\/2025\/gr2\/wp-json\/wp\/v2\/pages\/241\/revisions"}],"predecessor-version":[{"id":647,"href":"https:\/\/www.clicweb.ovh\/2025\/gr2\/wp-json\/wp\/v2\/pages\/241\/revisions\/647"}],"wp:attachment":[{"href":"https:\/\/www.clicweb.ovh\/2025\/gr2\/wp-json\/wp\/v2\/media?parent=241"}],"curies":[{"name":"wp","href":"https:\/\/api.w.org\/{rel}","templated":true}]}}