{"id":804,"date":"2024-12-16T12:13:29","date_gmt":"2024-12-16T11:13:29","guid":{"rendered":"https:\/\/www.clicweb.ovh\/2025\/gr1\/?page_id=804"},"modified":"2025-01-22T12:22:34","modified_gmt":"2025-01-22T11:22:34","slug":"recettes-sucrees","status":"publish","type":"page","link":"https:\/\/www.clicweb.ovh\/2025\/gr1\/recettes-sucrees\/","title":{"rendered":"Recettes sucr\u00e9es"},"content":{"rendered":"<p>[et_pb_section fb_built=\u00a0\u00bb1&Prime; _builder_version=\u00a0\u00bb4.27.4&Prime; _module_preset=\u00a0\u00bbdefault\u00a0\u00bb global_colors_info=\u00a0\u00bb{}\u00a0\u00bb][et_pb_row _builder_version=\u00a0\u00bb4.27.4&Prime; _module_preset=\u00a0\u00bbdefault\u00a0\u00bb hover_enabled=\u00a0\u00bb0&Prime; global_colors_info=\u00a0\u00bb{}\u00a0\u00bb sticky_enabled=\u00a0\u00bb0&Prime;][et_pb_column type=\u00a0\u00bb4_4&Prime; _builder_version=\u00a0\u00bb4.27.4&Prime; _module_preset=\u00a0\u00bbdefault\u00a0\u00bb global_colors_info=\u00a0\u00bb{}\u00a0\u00bb][et_pb_text _builder_version=\u00a0\u00bb4.27.4&Prime; _module_preset=\u00a0\u00bbdefault\u00a0\u00bb text_font=\u00a0\u00bbAdamina||||||||\u00a0\u00bb text_text_color=\u00a0\u00bb#000000&Prime; text_font_size=\u00a0\u00bb36px\u00a0\u00bb text_orientation=\u00a0\u00bbcenter\u00a0\u00bb hover_enabled=\u00a0\u00bb0&Prime; text_text_shadow_style=\u00a0\u00bbpreset2&Prime; locked=\u00a0\u00bboff\u00a0\u00bb global_colors_info=\u00a0\u00bb{}\u00a0\u00bb sticky_enabled=\u00a0\u00bb0&Prime;]<\/p>\n<p>D\u00e9couvrez les recettes sucr\u00e9es !<\/p>\n<p>[\/et_pb_text][\/et_pb_column][\/et_pb_row][\/et_pb_section][et_pb_section fb_built=\u00a0\u00bb1&Prime; _builder_version=\u00a0\u00bb4.27.4&Prime; _module_preset=\u00a0\u00bbdefault\u00a0\u00bb global_colors_info=\u00a0\u00bb{}\u00a0\u00bb][et_pb_row column_structure=\u00a0\u00bb3_5,2_5&Prime; _builder_version=\u00a0\u00bb4.27.4&Prime; _module_preset=\u00a0\u00bbdefault\u00a0\u00bb locked=\u00a0\u00bboff\u00a0\u00bb global_colors_info=\u00a0\u00bb{}\u00a0\u00bb][et_pb_column type=\u00a0\u00bb3_5&Prime; _builder_version=\u00a0\u00bb4.27.4&Prime; _module_preset=\u00a0\u00bbdefault\u00a0\u00bb global_colors_info=\u00a0\u00bb{}\u00a0\u00bb][et_pb_image src=\u00a0\u00bbhttp:\/\/www.clicweb.ovh\/2025\/gr1\/wp-content\/uploads\/2024\/12\/IMG_5913-1024&#215;768.jpeg\u00a0\u00bb title_text=\u00a0\u00bbIMG_5913&Prime; _builder_version=\u00a0\u00bb4.27.4&Prime; _module_preset=\u00a0\u00bbdefault\u00a0\u00bb global_colors_info=\u00a0\u00bb{}\u00a0\u00bb][\/et_pb_image][\/et_pb_column][et_pb_column type=\u00a0\u00bb2_5&Prime; _builder_version=\u00a0\u00bb4.27.4&Prime; _module_preset=\u00a0\u00bbdefault\u00a0\u00bb global_colors_info=\u00a0\u00bb{}\u00a0\u00bb][et_pb_text _builder_version=\u00a0\u00bb4.27.4&Prime; _module_preset=\u00a0\u00bbdefault\u00a0\u00bb text_font=\u00a0\u00bbAdamina|700|||||||\u00a0\u00bb text_text_color=\u00a0\u00bb#E82A20&Prime; text_font_size=\u00a0\u00bb30px\u00a0\u00bb text_orientation=\u00a0\u00bbcenter\u00a0\u00bb custom_margin=\u00a0\u00bb||11px||false|false\u00a0\u00bb text_font_size_tablet=\u00a0\u00bb30px\u00a0\u00bb text_font_size_phone=\u00a0\u00bb25px\u00a0\u00bb text_font_size_last_edited=\u00a0\u00bbon|phone\u00a0\u00bb text_text_shadow_style=\u00a0\u00bbpreset1&Prime; global_colors_info=\u00a0\u00bb{}\u00a0\u00bb]<\/p>\n<p>Tarte tatin aux pommes<\/p>\n<p>[\/et_pb_text][et_pb_text _builder_version=\u00a0\u00bb4.27.4&Prime; _module_preset=\u00a0\u00bbdefault\u00a0\u00bb text_font=\u00a0\u00bbAdamina||on||||||\u00a0\u00bb text_orientation=\u00a0\u00bbjustified\u00a0\u00bb custom_margin=\u00a0\u00bb||6px||false|false\u00a0\u00bb global_colors_info=\u00a0\u00bb{}\u00a0\u00bb]<\/p>\n<p><span>Symbole de la p\u00e2tisserie fran\u00e7aise, la tarte Tatin aux pommes est un dessert \u00e0 la fois simple et spectaculaire. Avec ses pommes fondantes caram\u00e9lis\u00e9es \u00e0 la perfection et sa p\u00e2te croustillante renvers\u00e9e au moment du service, elle s\u00e9duit par son m\u00e9lange de textures et son go\u00fbt irr\u00e9sistible. Facile \u00e0 r\u00e9aliser et toujours appr\u00e9ci\u00e9e, cette recette intemporelle est id\u00e9ale pour les amateurs de desserts g\u00e9n\u00e9reux et authentiques. D\u00e9couvrez comment r\u00e9ussir cette tarte renvers\u00e9e qui fait toujours l\u2019unanimit\u00e9 !<\/span><\/p>\n<p>[\/et_pb_text][et_pb_button button_url=\u00a0\u00bbhttps:\/\/www.clicweb.ovh\/2025\/gr1\/tarte-tatin-aux-pommes\/?et_fb=1&#038;PageSpeed=off\u00a0\u00bb button_text=\u00a0\u00bbD\u00e9couvrir\u00a0\u00bb button_alignment=\u00a0\u00bbcenter\u00a0\u00bb _builder_version=\u00a0\u00bb4.27.4&Prime; _module_preset=\u00a0\u00bbdefault\u00a0\u00bb button_font=\u00a0\u00bbAdamina||||||||\u00a0\u00bb button_icon=\u00a0\u00bb&#x35;||divi||400&Prime; global_colors_info=\u00a0\u00bb{}\u00a0\u00bb][\/et_pb_button][\/et_pb_column][\/et_pb_row][et_pb_row column_structure=\u00a0\u00bb3_5,2_5&Prime; _builder_version=\u00a0\u00bb4.27.4&Prime; _module_preset=\u00a0\u00bbdefault\u00a0\u00bb locked=\u00a0\u00bboff\u00a0\u00bb global_colors_info=\u00a0\u00bb{}\u00a0\u00bb][et_pb_column type=\u00a0\u00bb3_5&Prime; _builder_version=\u00a0\u00bb4.27.4&Prime; _module_preset=\u00a0\u00bbdefault\u00a0\u00bb global_colors_info=\u00a0\u00bb{}\u00a0\u00bb][et_pb_image src=\u00a0\u00bbhttp:\/\/www.clicweb.ovh\/2025\/gr1\/wp-content\/uploads\/2024\/12\/IMG_5914.jpeg\u00a0\u00bb title_text=\u00a0\u00bbIMG_5914&Prime; _builder_version=\u00a0\u00bb4.27.4&Prime; _module_preset=\u00a0\u00bbdefault\u00a0\u00bb global_colors_info=\u00a0\u00bb{}\u00a0\u00bb][\/et_pb_image][\/et_pb_column][et_pb_column type=\u00a0\u00bb2_5&Prime; _builder_version=\u00a0\u00bb4.27.4&Prime; _module_preset=\u00a0\u00bbdefault\u00a0\u00bb global_colors_info=\u00a0\u00bb{}\u00a0\u00bb][et_pb_text _builder_version=\u00a0\u00bb4.27.4&Prime; _module_preset=\u00a0\u00bbdefault\u00a0\u00bb text_font=\u00a0\u00bbAdamina|700|||||||\u00a0\u00bb text_text_color=\u00a0\u00bb#E82A20&Prime; text_font_size=\u00a0\u00bb30px\u00a0\u00bb text_orientation=\u00a0\u00bbcenter\u00a0\u00bb custom_margin=\u00a0\u00bb||11px||false|false\u00a0\u00bb text_font_size_tablet=\u00a0\u00bb30px\u00a0\u00bb text_font_size_phone=\u00a0\u00bb25px\u00a0\u00bb text_font_size_last_edited=\u00a0\u00bbon|phone\u00a0\u00bb text_text_shadow_style=\u00a0\u00bbpreset1&Prime; global_colors_info=\u00a0\u00bb{}\u00a0\u00bb]<\/p>\n<p>Tiramisu au citron<\/p>\n<p>[\/et_pb_text][et_pb_text _builder_version=\u00a0\u00bb4.27.4&Prime; _module_preset=\u00a0\u00bbdefault\u00a0\u00bb text_font=\u00a0\u00bbAdamina||on||||||\u00a0\u00bb text_orientation=\u00a0\u00bbjustified\u00a0\u00bb custom_margin=\u00a0\u00bb||6px||false|false\u00a0\u00bb global_colors_info=\u00a0\u00bb{}\u00a0\u00bb]<\/p>\n<p><span>Le tiramisu au citron est une version rafra\u00eechissante et l\u00e9g\u00e8re de l\u2019incontournable dessert italien. Avec sa cr\u00e8me onctueuse au mascarpone, ses biscuits d\u00e9licatement imbib\u00e9s et son go\u00fbt acidul\u00e9, il offre un mariage parfait entre douceur et vivacit\u00e9. Id\u00e9al pour conclure un repas sur une note fra\u00eeche, ce dessert revisit\u00e9 s\u00e9duira les amateurs de citron et de gourmandise. D\u00e9couvrez cette recette facile \u00e0 pr\u00e9parer qui apporte un vent de fra\u00eecheur \u00e0 votre table !<\/span><\/p>\n<p>[\/et_pb_text][et_pb_button button_url=\u00a0\u00bbhttps:\/\/www.clicweb.ovh\/2025\/gr1\/tiramisu-au-citron\/?et_fb=1&#038;PageSpeed=off\u00a0\u00bb button_text=\u00a0\u00bbD\u00e9couvrir\u00a0\u00bb button_alignment=\u00a0\u00bbcenter\u00a0\u00bb _builder_version=\u00a0\u00bb4.27.4&Prime; _module_preset=\u00a0\u00bbdefault\u00a0\u00bb button_font=\u00a0\u00bbAdamina||||||||\u00a0\u00bb button_icon=\u00a0\u00bb&#x35;||divi||400&Prime; global_colors_info=\u00a0\u00bb{}\u00a0\u00bb][\/et_pb_button][\/et_pb_column][\/et_pb_row][et_pb_row column_structure=\u00a0\u00bb3_5,2_5&Prime; _builder_version=\u00a0\u00bb4.27.4&Prime; _module_preset=\u00a0\u00bbdefault\u00a0\u00bb locked=\u00a0\u00bboff\u00a0\u00bb global_colors_info=\u00a0\u00bb{}\u00a0\u00bb][et_pb_column type=\u00a0\u00bb3_5&Prime; _builder_version=\u00a0\u00bb4.27.4&Prime; _module_preset=\u00a0\u00bbdefault\u00a0\u00bb global_colors_info=\u00a0\u00bb{}\u00a0\u00bb][et_pb_image src=\u00a0\u00bbhttp:\/\/www.clicweb.ovh\/2025\/gr1\/wp-content\/uploads\/2024\/12\/IMG_5915.jpeg\u00a0\u00bb title_text=\u00a0\u00bbIMG_5915&Prime; _builder_version=\u00a0\u00bb4.27.4&Prime; _module_preset=\u00a0\u00bbdefault\u00a0\u00bb global_colors_info=\u00a0\u00bb{}\u00a0\u00bb][\/et_pb_image][\/et_pb_column][et_pb_column type=\u00a0\u00bb2_5&Prime; _builder_version=\u00a0\u00bb4.27.4&Prime; _module_preset=\u00a0\u00bbdefault\u00a0\u00bb global_colors_info=\u00a0\u00bb{}\u00a0\u00bb][et_pb_text _builder_version=\u00a0\u00bb4.27.4&Prime; _module_preset=\u00a0\u00bbdefault\u00a0\u00bb text_font=\u00a0\u00bbAdamina|700|||||||\u00a0\u00bb text_text_color=\u00a0\u00bb#E82A20&Prime; text_font_size=\u00a0\u00bb30px\u00a0\u00bb text_orientation=\u00a0\u00bbcenter\u00a0\u00bb custom_margin=\u00a0\u00bb||11px||false|false\u00a0\u00bb text_font_size_tablet=\u00a0\u00bb30px\u00a0\u00bb text_font_size_phone=\u00a0\u00bb25px\u00a0\u00bb text_font_size_last_edited=\u00a0\u00bbon|phone\u00a0\u00bb text_text_shadow_style=\u00a0\u00bbpreset1&Prime; global_colors_info=\u00a0\u00bb{}\u00a0\u00bb]<\/p>\n<p>Financier \u00e0 l&rsquo;orange<\/p>\n<p>[\/et_pb_text][et_pb_text _builder_version=\u00a0\u00bb4.27.4&Prime; _module_preset=\u00a0\u00bbdefault\u00a0\u00bb text_font=\u00a0\u00bbAdamina||on||||||\u00a0\u00bb text_orientation=\u00a0\u00bbjustified\u00a0\u00bb custom_margin=\u00a0\u00bb||6px||false|false\u00a0\u00bb global_colors_info=\u00a0\u00bb{}\u00a0\u00bb]<\/p>\n<p style=\"text-align: justify;\"><span>Le financier \u00e0 l\u2019orange est une petite gourmandise raffin\u00e9e, parfaite pour accompagner un th\u00e9 ou un caf\u00e9. Avec sa texture moelleuse et son parfum d\u00e9licat d\u2019agrumes, ce dessert \u00e9l\u00e9gant r\u00e9invente un grand classique de la p\u00e2tisserie fran\u00e7aise. Facile \u00e0 r\u00e9aliser, il combine la richesse de la poudre d\u2019amande \u00e0 la fra\u00eecheur p\u00e9tillante de l\u2019orange pour un r\u00e9sultat \u00e9quilibr\u00e9 et irr\u00e9sistible. D\u00e9couvrez comment pr\u00e9parer ces petites douceurs id\u00e9ales pour toutes les occasions !<\/span><\/p>\n<p>[\/et_pb_text][et_pb_button button_url=\u00a0\u00bbhttps:\/\/www.clicweb.ovh\/2025\/gr1\/financier-a-lorange\/?et_fb=1&#038;PageSpeed=off\u00a0\u00bb button_text=\u00a0\u00bbD\u00e9couvrir\u00a0\u00bb button_alignment=\u00a0\u00bbcenter\u00a0\u00bb _builder_version=\u00a0\u00bb4.27.4&Prime; _module_preset=\u00a0\u00bbdefault\u00a0\u00bb button_font=\u00a0\u00bbAdamina||||||||\u00a0\u00bb button_icon=\u00a0\u00bb&#x35;||divi||400&Prime; global_colors_info=\u00a0\u00bb{}\u00a0\u00bb][\/et_pb_button][\/et_pb_column][\/et_pb_row][et_pb_row column_structure=\u00a0\u00bb3_5,2_5&Prime; _builder_version=\u00a0\u00bb4.27.4&Prime; _module_preset=\u00a0\u00bbdefault\u00a0\u00bb locked=\u00a0\u00bboff\u00a0\u00bb global_colors_info=\u00a0\u00bb{}\u00a0\u00bb][et_pb_column type=\u00a0\u00bb3_5&Prime; _builder_version=\u00a0\u00bb4.27.4&Prime; _module_preset=\u00a0\u00bbdefault\u00a0\u00bb global_colors_info=\u00a0\u00bb{}\u00a0\u00bb][et_pb_image src=\u00a0\u00bbhttp:\/\/www.clicweb.ovh\/2025\/gr1\/wp-content\/uploads\/2024\/12\/IMG_5916.webp\u00a0\u00bb title_text=\u00a0\u00bbIMG_5916&Prime; _builder_version=\u00a0\u00bb4.27.4&Prime; _module_preset=\u00a0\u00bbdefault\u00a0\u00bb global_colors_info=\u00a0\u00bb{}\u00a0\u00bb][\/et_pb_image][\/et_pb_column][et_pb_column type=\u00a0\u00bb2_5&Prime; _builder_version=\u00a0\u00bb4.27.4&Prime; _module_preset=\u00a0\u00bbdefault\u00a0\u00bb global_colors_info=\u00a0\u00bb{}\u00a0\u00bb][et_pb_text _builder_version=\u00a0\u00bb4.27.4&Prime; _module_preset=\u00a0\u00bbdefault\u00a0\u00bb text_font=\u00a0\u00bbAdamina|700|||||||\u00a0\u00bb text_text_color=\u00a0\u00bb#E82A20&Prime; text_font_size=\u00a0\u00bb30px\u00a0\u00bb text_orientation=\u00a0\u00bbcenter\u00a0\u00bb custom_margin=\u00a0\u00bb||11px||false|false\u00a0\u00bb text_font_size_tablet=\u00a0\u00bb30px\u00a0\u00bb text_font_size_phone=\u00a0\u00bb25px\u00a0\u00bb text_font_size_last_edited=\u00a0\u00bbon|phone\u00a0\u00bb text_text_shadow_style=\u00a0\u00bbpreset1&Prime; global_colors_info=\u00a0\u00bb{}\u00a0\u00bb]<\/p>\n<p>Clafoutis \u00e0 la rhubarbe<\/p>\n<p>[\/et_pb_text][et_pb_text _builder_version=\u00a0\u00bb4.27.4&Prime; _module_preset=\u00a0\u00bbdefault\u00a0\u00bb text_font=\u00a0\u00bbAdamina||on||||||\u00a0\u00bb text_orientation=\u00a0\u00bbjustified\u00a0\u00bb custom_margin=\u00a0\u00bb||6px||false|false\u00a0\u00bb global_colors_info=\u00a0\u00bb{}\u00a0\u00bb]<\/p>\n<p><span>Le clafoutis \u00e0 la rhubarbe est une d\u00e9licieuse variation d\u2019un dessert classique qui m\u00eale douceur et acidit\u00e9. Avec sa texture fondante et son go\u00fbt unique, ce dessert rustique sublime les saveurs de la rhubarbe dans un appareil l\u00e9ger et parfum\u00e9. Facile \u00e0 pr\u00e9parer et parfait pour terminer un repas en toute simplicit\u00e9, ce clafoutis est id\u00e9al pour les amateurs de desserts fruit\u00e9s et l\u00e9g\u00e8rement acidul\u00e9s. Laissez-vous tenter par cette recette qui c\u00e9l\u00e8bre les plaisirs de la saison !<\/span><\/p>\n<p>[\/et_pb_text][et_pb_button button_url=\u00a0\u00bbhttps:\/\/www.clicweb.ovh\/2025\/gr1\/clafoutis-a-la-rhubarbe\/?et_fb=1&#038;PageSpeed=off\u00a0\u00bb button_text=\u00a0\u00bbD\u00e9couvrir\u00a0\u00bb button_alignment=\u00a0\u00bbcenter\u00a0\u00bb _builder_version=\u00a0\u00bb4.27.4&Prime; _module_preset=\u00a0\u00bbdefault\u00a0\u00bb button_font=\u00a0\u00bbAdamina||||||||\u00a0\u00bb button_icon=\u00a0\u00bb&#x35;||divi||400&Prime; global_colors_info=\u00a0\u00bb{}\u00a0\u00bb][\/et_pb_button][\/et_pb_column][\/et_pb_row][\/et_pb_section]<\/p>\n","protected":false},"excerpt":{"rendered":"<p>D\u00e9couvrez les recettes sucr\u00e9es !Tarte tatin aux pommesSymbole de la p\u00e2tisserie fran\u00e7aise, la tarte Tatin aux pommes est un dessert \u00e0 la fois simple et spectaculaire. Avec ses pommes fondantes caram\u00e9lis\u00e9es \u00e0 la perfection et sa p\u00e2te croustillante renvers\u00e9e au moment du service, elle s\u00e9duit par son m\u00e9lange de textures et son go\u00fbt irr\u00e9sistible. Facile [&hellip;]<\/p>\n","protected":false},"author":2,"featured_media":0,"parent":0,"menu_order":0,"comment_status":"closed","ping_status":"closed","template":"","meta":{"_et_pb_use_builder":"on","_et_pb_old_content":"","_et_gb_content_width":"","footnotes":""},"class_list":["post-804","page","type-page","status-publish","hentry"],"_links":{"self":[{"href":"https:\/\/www.clicweb.ovh\/2025\/gr1\/wp-json\/wp\/v2\/pages\/804","targetHints":{"allow":["GET"]}}],"collection":[{"href":"https:\/\/www.clicweb.ovh\/2025\/gr1\/wp-json\/wp\/v2\/pages"}],"about":[{"href":"https:\/\/www.clicweb.ovh\/2025\/gr1\/wp-json\/wp\/v2\/types\/page"}],"author":[{"embeddable":true,"href":"https:\/\/www.clicweb.ovh\/2025\/gr1\/wp-json\/wp\/v2\/users\/2"}],"replies":[{"embeddable":true,"href":"https:\/\/www.clicweb.ovh\/2025\/gr1\/wp-json\/wp\/v2\/comments?post=804"}],"version-history":[{"count":11,"href":"https:\/\/www.clicweb.ovh\/2025\/gr1\/wp-json\/wp\/v2\/pages\/804\/revisions"}],"predecessor-version":[{"id":2142,"href":"https:\/\/www.clicweb.ovh\/2025\/gr1\/wp-json\/wp\/v2\/pages\/804\/revisions\/2142"}],"wp:attachment":[{"href":"https:\/\/www.clicweb.ovh\/2025\/gr1\/wp-json\/wp\/v2\/media?parent=804"}],"curies":[{"name":"wp","href":"https:\/\/api.w.org\/{rel}","templated":true}]}}