{"id":453,"date":"2024-12-13T20:49:17","date_gmt":"2024-12-13T19:49:17","guid":{"rendered":"https:\/\/www.clicweb.ovh\/2025\/gr1\/?page_id=453"},"modified":"2024-12-16T22:48:24","modified_gmt":"2024-12-16T21:48:24","slug":"temoignages","status":"publish","type":"page","link":"https:\/\/www.clicweb.ovh\/2025\/gr1\/temoignages\/","title":{"rendered":"T\u00e9moignages"},"content":{"rendered":"<p>[et_pb_section fb_built=\u00a0\u00bb1&Prime; fullwidth=\u00a0\u00bbon\u00a0\u00bb _builder_version=\u00a0\u00bb4.27.4&Prime; _module_preset=\u00a0\u00bbdefault\u00a0\u00bb global_colors_info=\u00a0\u00bb{}\u00a0\u00bb][et_pb_fullwidth_slider _builder_version=\u00a0\u00bb4.27.4&Prime; _module_preset=\u00a0\u00bbdefault\u00a0\u00bb header_font=\u00a0\u00bbAdamina|||on|||||\u00a0\u00bb body_font=\u00a0\u00bbAdamina||||||||\u00a0\u00bb background_image=\u00a0\u00bbhttp:\/\/www.clicweb.ovh\/2025\/gr1\/wp-content\/uploads\/2024\/12\/shutterstock_2023414979-scaled.jpg\u00a0\u00bb text_shadow_style=\u00a0\u00bbpreset5&Prime; text_shadow_color=\u00a0\u00bb#E02B20&Prime; global_colors_info=\u00a0\u00bb{}\u00a0\u00bb][et_pb_slide heading=\u00a0\u00bbT\u00e9moignages\u00a0\u00bb _builder_version=\u00a0\u00bb4.27.4&Prime; _module_preset=\u00a0\u00bbdefault\u00a0\u00bb global_colors_info=\u00a0\u00bb{}\u00a0\u00bb sticky_transition=\u00a0\u00bbon\u00a0\u00bb]<\/p>\n<p>D\u00e9couvrez ce que pensent ceux qui ont tester Nordissime<\/p>\n<p>[\/et_pb_slide][\/et_pb_fullwidth_slider][\/et_pb_section][et_pb_section fb_built=\u00a0\u00bb1&Prime; _builder_version=\u00a0\u00bb4.27.4&Prime; _module_preset=\u00a0\u00bbdefault\u00a0\u00bb global_colors_info=\u00a0\u00bb{}\u00a0\u00bb][et_pb_row _builder_version=\u00a0\u00bb4.27.4&Prime; _module_preset=\u00a0\u00bbdefault\u00a0\u00bb global_colors_info=\u00a0\u00bb{}\u00a0\u00bb][et_pb_column type=\u00a0\u00bb4_4&Prime; _builder_version=\u00a0\u00bb4.27.4&Prime; _module_preset=\u00a0\u00bbdefault\u00a0\u00bb global_colors_info=\u00a0\u00bb{}\u00a0\u00bb][et_pb_search placeholder=\u00a0\u00bbEntrer un mot cl\u00e9\u00a0\u00bb button_color=\u00a0\u00bb#E02B20&Prime; placeholder_color=\u00a0\u00bb#000000&Prime; _builder_version=\u00a0\u00bb4.27.4&Prime; _module_preset=\u00a0\u00bbdefault\u00a0\u00bb form_field_background_color=\u00a0\u00bb#FFFFFF\u00a0\u00bb form_field_text_color=\u00a0\u00bb#E02B20&Prime; form_field_focus_background_color=\u00a0\u00bb#E02B20&Prime; form_field_focus_text_color=\u00a0\u00bb#E02B20&Prime; button_text_color=\u00a0\u00bb#000000&Prime; form_field_font=\u00a0\u00bb|600|||||||\u00a0\u00bb form_field_text_align=\u00a0\u00bbleft\u00a0\u00bb background_color=\u00a0\u00bb#FFFFFF\u00a0\u00bb custom_padding=\u00a0\u00bb0.715em|0.715em|0em|0.715em|false|false\u00a0\u00bb form_field_font_size_tablet=\u00a0\u00bb\u00a0\u00bb form_field_font_size_phone=\u00a0\u00bb\u00a0\u00bb form_field_font_size_last_edited=\u00a0\u00bbon|desktop\u00a0\u00bb button_text_shadow_style=\u00a0\u00bbpreset2&Prime; button_text_shadow_horizontal_length=\u00a0\u00bb-0.02em\u00a0\u00bb border_color_all=\u00a0\u00bb#E02B20&Prime; border_style_all=\u00a0\u00bbdouble\u00a0\u00bb global_colors_info=\u00a0\u00bb{}\u00a0\u00bb][\/et_pb_search][et_pb_testimonial author=\u00a0\u00bbJuliette L.\u00a0\u00bb portrait_url=\u00a0\u00bbhttp:\/\/www.clicweb.ovh\/2025\/gr1\/wp-content\/uploads\/2024\/12\/event-12.jpg\u00a0\u00bb quote_icon_color=\u00a0\u00bb#E02B20&Prime; _builder_version=\u00a0\u00bb4.27.4&Prime; _module_preset=\u00a0\u00bbdefault\u00a0\u00bb body_text_align=\u00a0\u00bbcenter\u00a0\u00bb body_text_color=\u00a0\u00bb#000000&Prime; author_text_color=\u00a0\u00bb#E02B20&Prime; min_height=\u00a0\u00bb81px\u00a0\u00bb custom_padding=\u00a0\u00bb|0px||||\u00a0\u00bb border_color_all=\u00a0\u00bb#000000&Prime; border_color_all_portrait=\u00a0\u00bb#E02B20&Prime; box_shadow_style=\u00a0\u00bbpreset3&Prime; box_shadow_style_image=\u00a0\u00bbpreset3&Prime; box_shadow_color_image=\u00a0\u00bb#000000&Prime; global_colors_info=\u00a0\u00bb{}\u00a0\u00bb]<\/p>\n<p><span>Je n\u2019avais pas beaucoup d&rsquo;id\u00e9e d\u2019activit\u00e9 avant Nordissime\u2026 et maintenant, mes week-ends sont remplis de d\u00e9couvertes.<\/span><\/p>\n<p>[\/et_pb_testimonial][\/et_pb_column][\/et_pb_row][et_pb_row _builder_version=\u00a0\u00bb4.27.4&Prime; _module_preset=\u00a0\u00bbdefault\u00a0\u00bb global_colors_info=\u00a0\u00bb{}\u00a0\u00bb][et_pb_column type=\u00a0\u00bb4_4&Prime; _builder_version=\u00a0\u00bb4.27.4&Prime; _module_preset=\u00a0\u00bbdefault\u00a0\u00bb global_colors_info=\u00a0\u00bb{}\u00a0\u00bb][et_pb_testimonial author=\u00a0\u00bbSophie, 37 ans, Lille\u00a0\u00bb portrait_url=\u00a0\u00bbhttp:\/\/www.clicweb.ovh\/2025\/gr1\/wp-content\/uploads\/2024\/12\/event-14.jpg\u00a0\u00bb quote_icon_color=\u00a0\u00bb#E02B20&Prime; _builder_version=\u00a0\u00bb4.27.4&Prime; _module_preset=\u00a0\u00bbdefault\u00a0\u00bb body_text_color=\u00a0\u00bb#000000&Prime; author_text_color=\u00a0\u00bb#E02B20&Prime; custom_margin=\u00a0\u00bb||-8px|||\u00a0\u00bb border_color_all=\u00a0\u00bb#000000&Prime; border_color_all_portrait=\u00a0\u00bb#E02B20&Prime; box_shadow_style=\u00a0\u00bbpreset3&Prime; box_shadow_style_image=\u00a0\u00bbpreset3&Prime; box_shadow_color_image=\u00a0\u00bb#000000&Prime; global_colors_info=\u00a0\u00bb{}\u00a0\u00bb]<\/p>\n<p>Depuis que j&rsquo;ai d\u00e9couvert Nordissime, mon quotidien a compl\u00e8tement chang\u00e9 ! Je n&rsquo;avais jamais r\u00e9alis\u00e9 \u00e0 quel point ma r\u00e9gion regorgeait de tr\u00e9sors cach\u00e9s. Gr\u00e2ce au semainier anti-routine, j&rsquo;ai red\u00e9couvert le plaisir de tester de nouvelles activit\u00e9s chaque semaine. L&rsquo;agenda collaboratif est \u00e9galement une p\u00e9pite : il me permet de rep\u00e9rer facilement des \u00e9v\u00e9nements adapt\u00e9s \u00e0 mes envies et de planifier des sorties avec mes amis ou ma famille.<\/p>\n<p>J&rsquo;ai m\u00eame pu proposer quelques adresses de petits restos que j&rsquo;adore, et c&rsquo;est g\u00e9nial de voir la communaut\u00e9 s&rsquo;y int\u00e9resser. C&rsquo;est une vraie plateforme d&rsquo;\u00e9changes et d&rsquo;inspiration qui donne envie de valoriser notre beau Nord. Merci Nordissime de m&rsquo;avoir redonn\u00e9 le go\u00fbt de l&rsquo;aventure\u2026 juste \u00e0 c\u00f4t\u00e9 de chez moi !<\/p>\n<p>[\/et_pb_testimonial][\/et_pb_column][\/et_pb_row][et_pb_row _builder_version=\u00a0\u00bb4.27.4&Prime; _module_preset=\u00a0\u00bbdefault\u00a0\u00bb custom_margin=\u00a0\u00bb-43px|auto||auto||\u00a0\u00bb global_colors_info=\u00a0\u00bb{}\u00a0\u00bb][et_pb_column type=\u00a0\u00bb4_4&Prime; _builder_version=\u00a0\u00bb4.27.4&Prime; _module_preset=\u00a0\u00bbdefault\u00a0\u00bb global_colors_info=\u00a0\u00bb{}\u00a0\u00bb][et_pb_button button_text=\u00a0\u00bbsuivant\u00a0\u00bb button_alignment=\u00a0\u00bbright\u00a0\u00bb _builder_version=\u00a0\u00bb4.27.4&Prime; _module_preset=\u00a0\u00bbdefault\u00a0\u00bb button_text_size=\u00a0\u00bb28px\u00a0\u00bb button_text_color=\u00a0\u00bbRGBA(255,255,255,0)\u00a0\u00bb button_bg_color=\u00a0\u00bbRGBA(255,255,255,0)\u00a0\u00bb button_border_color=\u00a0\u00bbRGBA(255,255,255,0)\u00a0\u00bb button_icon=\u00a0\u00bb&#x24;||divi||400&Prime; button_icon_color=\u00a0\u00bb#E02B20&Prime; button_on_hover=\u00a0\u00bboff\u00a0\u00bb background_layout=\u00a0\u00bbdark\u00a0\u00bb custom_margin=\u00a0\u00bb-16px|||||\u00a0\u00bb custom_padding=\u00a0\u00bb||0px|||\u00a0\u00bb button_text_shadow_style=\u00a0\u00bbpreset5&Prime; button_text_shadow_horizontal_length=\u00a0\u00bb0.08em\u00a0\u00bb button_text_shadow_vertical_length=\u00a0\u00bb0.08em\u00a0\u00bb button_text_shadow_blur_strength=\u00a0\u00bb0em\u00a0\u00bb button_text_shadow_color=\u00a0\u00bbRGBA(255,255,255,0)\u00a0\u00bb box_shadow_style=\u00a0\u00bbnone\u00a0\u00bb global_colors_info=\u00a0\u00bb{}\u00a0\u00bb][\/et_pb_button][\/et_pb_column][\/et_pb_row][et_pb_row _builder_version=\u00a0\u00bb4.27.4&Prime; _module_preset=\u00a0\u00bbdefault\u00a0\u00bb global_colors_info=\u00a0\u00bb{}\u00a0\u00bb][et_pb_column type=\u00a0\u00bb4_4&Prime; _builder_version=\u00a0\u00bb4.27.4&Prime; _module_preset=\u00a0\u00bbdefault\u00a0\u00bb global_colors_info=\u00a0\u00bb{}\u00a0\u00bb][et_pb_button button_text=\u00a0\u00bbT\u00e9moignez\u00a0\u00bb button_alignment=\u00a0\u00bbcenter\u00a0\u00bb _builder_version=\u00a0\u00bb4.27.4&Prime; _module_preset=\u00a0\u00bbdefault\u00a0\u00bb button_icon=\u00a0\u00bb&#x41;||divi||400&Prime; hover_enabled=\u00a0\u00bb0&Prime; button_text_shadow_style=\u00a0\u00bbpreset2&Prime; button_text_shadow_horizontal_length=\u00a0\u00bb0.08em\u00a0\u00bb button_text_shadow_vertical_length=\u00a0\u00bb0.08em\u00a0\u00bb button_text_shadow_blur_strength=\u00a0\u00bb0.08em\u00a0\u00bb global_colors_info=\u00a0\u00bb{}\u00a0\u00bb button_url=\u00a0\u00bb@ET-DC@eyJkeW5hbWljIjp0cnVlLCJjb250ZW50IjoicG9zdF9saW5rX3VybF9wYWdlIiwic2V0dGluZ3MiOnsicG9zdF9pZCI6IjEwNjYifX0=@\u00a0\u00bb _dynamic_attributes=\u00a0\u00bbbutton_url\u00a0\u00bb sticky_enabled=\u00a0\u00bb0&Prime;][\/et_pb_button][\/et_pb_column][\/et_pb_row][\/et_pb_section]<\/p>\n","protected":false},"excerpt":{"rendered":"<p>D\u00e9couvrez ce que pensent ceux qui ont tester NordissimeJe n\u2019avais pas beaucoup d&rsquo;id\u00e9e d\u2019activit\u00e9 avant Nordissime\u2026 et maintenant, mes week-ends sont remplis de d\u00e9couvertes.Depuis que j&rsquo;ai d\u00e9couvert Nordissime, mon quotidien a compl\u00e8tement chang\u00e9 ! Je n&rsquo;avais jamais r\u00e9alis\u00e9 \u00e0 quel point ma r\u00e9gion regorgeait de tr\u00e9sors cach\u00e9s. Gr\u00e2ce au semainier anti-routine, j&rsquo;ai red\u00e9couvert le plaisir [&hellip;]<\/p>\n","protected":false},"author":4,"featured_media":0,"parent":0,"menu_order":0,"comment_status":"closed","ping_status":"closed","template":"","meta":{"_et_pb_use_builder":"on","_et_pb_old_content":"","_et_gb_content_width":"","footnotes":""},"class_list":["post-453","page","type-page","status-publish","hentry"],"_links":{"self":[{"href":"https:\/\/www.clicweb.ovh\/2025\/gr1\/wp-json\/wp\/v2\/pages\/453","targetHints":{"allow":["GET"]}}],"collection":[{"href":"https:\/\/www.clicweb.ovh\/2025\/gr1\/wp-json\/wp\/v2\/pages"}],"about":[{"href":"https:\/\/www.clicweb.ovh\/2025\/gr1\/wp-json\/wp\/v2\/types\/page"}],"author":[{"embeddable":true,"href":"https:\/\/www.clicweb.ovh\/2025\/gr1\/wp-json\/wp\/v2\/users\/4"}],"replies":[{"embeddable":true,"href":"https:\/\/www.clicweb.ovh\/2025\/gr1\/wp-json\/wp\/v2\/comments?post=453"}],"version-history":[{"count":11,"href":"https:\/\/www.clicweb.ovh\/2025\/gr1\/wp-json\/wp\/v2\/pages\/453\/revisions"}],"predecessor-version":[{"id":1076,"href":"https:\/\/www.clicweb.ovh\/2025\/gr1\/wp-json\/wp\/v2\/pages\/453\/revisions\/1076"}],"wp:attachment":[{"href":"https:\/\/www.clicweb.ovh\/2025\/gr1\/wp-json\/wp\/v2\/media?parent=453"}],"curies":[{"name":"wp","href":"https:\/\/api.w.org\/{rel}","templated":true}]}}