{"id":1884,"date":"2025-01-22T11:22:22","date_gmt":"2025-01-22T10:22:22","guid":{"rendered":"https:\/\/www.clicweb.ovh\/2025\/gr1\/?page_id=1884"},"modified":"2025-01-22T11:54:19","modified_gmt":"2025-01-22T10:54:19","slug":"concerts-a-la-bougie","status":"publish","type":"page","link":"https:\/\/www.clicweb.ovh\/2025\/gr1\/concerts-a-la-bougie\/","title":{"rendered":"Chambre 207"},"content":{"rendered":"<p>[et_pb_section fb_built=\u00a0\u00bb1&Prime; fullwidth=\u00a0\u00bbon\u00a0\u00bb _builder_version=\u00a0\u00bb4.27.4&Prime; _module_preset=\u00a0\u00bbdefault\u00a0\u00bb locked=\u00a0\u00bboff\u00a0\u00bb global_colors_info=\u00a0\u00bb{}\u00a0\u00bb][et_pb_fullwidth_slider _builder_version=\u00a0\u00bb4.27.4&Prime; _module_preset=\u00a0\u00bbdefault\u00a0\u00bb header_font=\u00a0\u00bbAdamina||||||||\u00a0\u00bb header_text_color=\u00a0\u00bb#000000&Prime; hover_enabled=\u00a0\u00bb0&Prime; header_text_shadow_style=\u00a0\u00bbpreset1&Prime; header_text_shadow_color=\u00a0\u00bb#000000&Prime; global_colors_info=\u00a0\u00bb{}\u00a0\u00bb sticky_enabled=\u00a0\u00bb0&Prime;][et_pb_slide heading=\u00a0\u00bbChambre 207&Prime; use_bg_overlay=\u00a0\u00bbon\u00a0\u00bb _builder_version=\u00a0\u00bb4.27.4&Prime; _module_preset=\u00a0\u00bbdefault\u00a0\u00bb header_font=\u00a0\u00bbAdamina|700||on|||||\u00a0\u00bb header_text_align=\u00a0\u00bbcenter\u00a0\u00bb header_text_color=\u00a0\u00bb#FFFFFF\u00a0\u00bb header_font_size=\u00a0\u00bb48px\u00a0\u00bb body_font=\u00a0\u00bbAdamina||||||||\u00a0\u00bb body_text_align=\u00a0\u00bbcenter\u00a0\u00bb body_text_color=\u00a0\u00bb#FFFFFF\u00a0\u00bb background_image=\u00a0\u00bbhttp:\/\/www.clicweb.ovh\/2025\/gr1\/wp-content\/uploads\/2025\/01\/Musee-de-lHospice-Comtesse-1.jpeg\u00a0\u00bb background_enable_image=\u00a0\u00bbon\u00a0\u00bb text_orientation=\u00a0\u00bbcenter\u00a0\u00bb hover_enabled=\u00a0\u00bb0&Prime; header_text_shadow_style=\u00a0\u00bbpreset2&Prime; header_text_shadow_blur_strength=\u00a0\u00bb0.05em\u00a0\u00bb header_text_shadow_color=\u00a0\u00bb#000000&Prime; text_shadow_style=\u00a0\u00bbpreset1&Prime; text_shadow_color=\u00a0\u00bb#000000&Prime; global_colors_info=\u00a0\u00bb{}\u00a0\u00bb sticky_transition=\u00a0\u00bbon\u00a0\u00bb heading_last_edited=\u00a0\u00bbon|phone\u00a0\u00bb sticky_enabled=\u00a0\u00bb0&Prime; heading_tablet=\u00a0\u00bbChambre 207&Prime; heading_phone=\u00a0\u00bbChambre 207&Prime;][\/et_pb_slide][\/et_pb_fullwidth_slider][\/et_pb_section][et_pb_section fb_built=\u00a0\u00bb1&Prime; _builder_version=\u00a0\u00bb4.27.4&Prime; _module_preset=\u00a0\u00bbdefault\u00a0\u00bb global_colors_info=\u00a0\u00bb{}\u00a0\u00bb][et_pb_row _builder_version=\u00a0\u00bb4.27.4&Prime; _module_preset=\u00a0\u00bbdefault\u00a0\u00bb global_colors_info=\u00a0\u00bb{}\u00a0\u00bb][et_pb_column type=\u00a0\u00bb4_4&Prime; _builder_version=\u00a0\u00bb4.27.4&Prime; _module_preset=\u00a0\u00bbdefault\u00a0\u00bb global_colors_info=\u00a0\u00bb{}\u00a0\u00bb][et_pb_text _builder_version=\u00a0\u00bb4.27.4&Prime; _module_preset=\u00a0\u00bbdefault\u00a0\u00bb text_font=\u00a0\u00bbAdamina||||||||\u00a0\u00bb global_colors_info=\u00a0\u00bb{}\u00a0\u00bb]<\/p>\n<p style=\"text-align: justify;\">Le photographe Jean-Michel Andr\u00e9 pr\u00e9sente son projet \u00ab\u00a0Chambre 207\u00a0\u00bb au Mus\u00e9e de l&rsquo;Hospice Comtesse \u00e0 Lille, du 16 octobre 2024 au 2 f\u00e9vrier 2025. <span><span class=\"\" data-state=\"closed\"><\/span><\/span><\/p>\n<p style=\"text-align: justify;\">\n<p style=\"text-align: justify;\">Cette \u0153uvre s&rsquo;inscrit dans la veine de l&rsquo;autofiction et repose sur la reconstitution de souvenirs disparus \u00e0 la suite d&rsquo;un traumatisme d&rsquo;enfance. Le 5 ao\u00fbt 1983, lors d&rsquo;une halte familiale \u00e0 Avignon, le p\u00e8re de Jean-Michel Andr\u00e9 est assassin\u00e9 avec six autres personnes dans un h\u00f4tel. Pr\u00e9sent dans une chambre attenante \u00e0 celle de son p\u00e8re, le photographe, alors \u00e2g\u00e9 de 7 ans, perd la m\u00e9moire de cet \u00e9v\u00e9nement tragique. <span><span class=\"\" data-state=\"closed\"><\/span><\/span><\/p>\n<p style=\"text-align: justify;\">\n<p style=\"text-align: justify;\">Quarante ans plus tard, Jean-Michel Andr\u00e9 entreprend de revisiter et de photographier les lieux li\u00e9s \u00e0 son p\u00e8re, m\u00ealant \u00e9l\u00e9ments d&rsquo;enqu\u00eate, archives de presse et objets familiaux. Ce travail aboutit \u00e0 un recueil questionnant la m\u00e9moire, le deuil et la r\u00e9paration. L&rsquo;exposition, con\u00e7ue comme un essai visuel, rel\u00e8ve autant de la reconstitution que de la reconstruction, offrant une approche po\u00e9tique qui transporte le visiteur dans une temporalit\u00e9 m\u00ealant pass\u00e9 et pr\u00e9sent. <span><span class=\"\" data-state=\"closed\"><\/span><\/span><\/p>\n<p style=\"text-align: justify;\">\n<p style=\"text-align: justify;\">\u00ab\u00a0Chambre 207\u00a0\u00bb est \u00e9galement publi\u00e9 en livre photo aux \u00c9ditions Actes Sud depuis d\u00e9but octobre 2024. Ce projet a re\u00e7u le soutien du Centre national des arts plastiques, de l&rsquo;Institut pour la photographie des Hauts-de-France et du Centre m\u00e9diterran\u00e9en de la photographie. <span><span class=\"\" data-state=\"closed\"><\/span><\/span><\/p>\n<p style=\"text-align: justify;\">\n<p style=\"text-align: justify;\">Le Mus\u00e9e de l&rsquo;Hospice Comtesse est situ\u00e9 au 32, rue de la Monnaie, 59000 Lille. Les horaires d&rsquo;ouverture sont de 10h00 \u00e0 18h00 du mercredi au dimanche, et de 14h00 \u00e0 18h00 le lundi. L&rsquo;entr\u00e9e est payante. <span><span class=\"\" data-state=\"closed\"><\/span><\/span><\/p>\n<p>[\/et_pb_text][\/et_pb_column][\/et_pb_row][\/et_pb_section]<\/p>\n","protected":false},"excerpt":{"rendered":"<p>Le photographe Jean-Michel Andr\u00e9 pr\u00e9sente son projet \u00ab\u00a0Chambre 207\u00a0\u00bb au Mus\u00e9e de l&rsquo;Hospice Comtesse \u00e0 Lille, du 16 octobre 2024 au 2 f\u00e9vrier 2025. Cette \u0153uvre s&rsquo;inscrit dans la veine de l&rsquo;autofiction et repose sur la reconstitution de souvenirs disparus \u00e0 la suite d&rsquo;un traumatisme d&rsquo;enfance. Le 5 ao\u00fbt 1983, lors d&rsquo;une halte familiale \u00e0 [&hellip;]<\/p>\n","protected":false},"author":5,"featured_media":0,"parent":0,"menu_order":0,"comment_status":"closed","ping_status":"closed","template":"","meta":{"_et_pb_use_builder":"on","_et_pb_old_content":"","_et_gb_content_width":"","footnotes":""},"class_list":["post-1884","page","type-page","status-publish","hentry"],"_links":{"self":[{"href":"https:\/\/www.clicweb.ovh\/2025\/gr1\/wp-json\/wp\/v2\/pages\/1884","targetHints":{"allow":["GET"]}}],"collection":[{"href":"https:\/\/www.clicweb.ovh\/2025\/gr1\/wp-json\/wp\/v2\/pages"}],"about":[{"href":"https:\/\/www.clicweb.ovh\/2025\/gr1\/wp-json\/wp\/v2\/types\/page"}],"author":[{"embeddable":true,"href":"https:\/\/www.clicweb.ovh\/2025\/gr1\/wp-json\/wp\/v2\/users\/5"}],"replies":[{"embeddable":true,"href":"https:\/\/www.clicweb.ovh\/2025\/gr1\/wp-json\/wp\/v2\/comments?post=1884"}],"version-history":[{"count":5,"href":"https:\/\/www.clicweb.ovh\/2025\/gr1\/wp-json\/wp\/v2\/pages\/1884\/revisions"}],"predecessor-version":[{"id":2082,"href":"https:\/\/www.clicweb.ovh\/2025\/gr1\/wp-json\/wp\/v2\/pages\/1884\/revisions\/2082"}],"wp:attachment":[{"href":"https:\/\/www.clicweb.ovh\/2025\/gr1\/wp-json\/wp\/v2\/media?parent=1884"}],"curies":[{"name":"wp","href":"https:\/\/api.w.org\/{rel}","templated":true}]}}