{"id":1423,"date":"2024-12-20T07:10:03","date_gmt":"2024-12-20T06:10:03","guid":{"rendered":"https:\/\/www.clicweb.ovh\/2025\/gr1\/?page_id=1423"},"modified":"2024-12-20T07:13:15","modified_gmt":"2024-12-20T06:13:15","slug":"risotto-aux-cepes-et-a-lorange","status":"publish","type":"page","link":"https:\/\/www.clicweb.ovh\/2025\/gr1\/risotto-aux-cepes-et-a-lorange\/","title":{"rendered":"Risotto aux c\u00e8pes et \u00e0 l&rsquo;orange"},"content":{"rendered":"<p>[et_pb_section fb_built=\u00a0\u00bb1&Prime; _builder_version=\u00a0\u00bb4.27.4&Prime; _module_preset=\u00a0\u00bbdefault\u00a0\u00bb global_colors_info=\u00a0\u00bb{}\u00a0\u00bb locked=\u00a0\u00bboff\u00a0\u00bb theme_builder_area=\u00a0\u00bbpost_content\u00a0\u00bb][et_pb_row _builder_version=\u00a0\u00bb4.27.4&Prime; _module_preset=\u00a0\u00bbdefault\u00a0\u00bb global_colors_info=\u00a0\u00bb{}\u00a0\u00bb theme_builder_area=\u00a0\u00bbpost_content\u00a0\u00bb][et_pb_column type=\u00a0\u00bb4_4&Prime; _builder_version=\u00a0\u00bb4.27.4&Prime; _module_preset=\u00a0\u00bbdefault\u00a0\u00bb global_colors_info=\u00a0\u00bb{}\u00a0\u00bb theme_builder_area=\u00a0\u00bbpost_content\u00a0\u00bb][et_pb_text _builder_version=\u00a0\u00bb4.27.4&Prime; _module_preset=\u00a0\u00bbdefault\u00a0\u00bb text_font=\u00a0\u00bbAdamina||||||||\u00a0\u00bb text_text_color=\u00a0\u00bb#E82A20&Prime; text_font_size=\u00a0\u00bb51px\u00a0\u00bb text_orientation=\u00a0\u00bbcenter\u00a0\u00bb hover_enabled=\u00a0\u00bb0&Prime; text_font_size_tablet=\u00a0\u00bb38px\u00a0\u00bb text_font_size_phone=\u00a0\u00bb27px\u00a0\u00bb text_font_size_last_edited=\u00a0\u00bbon|phone\u00a0\u00bb text_text_shadow_style=\u00a0\u00bbpreset1&Prime; locked=\u00a0\u00bboff\u00a0\u00bb global_colors_info=\u00a0\u00bb{}\u00a0\u00bb theme_builder_area=\u00a0\u00bbpost_content\u00a0\u00bb sticky_enabled=\u00a0\u00bb0&Prime;]<\/p>\n<p>Le risotto aux c\u00e8pes et \u00e0 l&rsquo;orange<\/p>\n<p>[\/et_pb_text][\/et_pb_column][\/et_pb_row][et_pb_row column_structure=\u00a0\u00bb3_5,2_5&Prime; _builder_version=\u00a0\u00bb4.27.4&Prime; _module_preset=\u00a0\u00bbdefault\u00a0\u00bb locked=\u00a0\u00bboff\u00a0\u00bb global_colors_info=\u00a0\u00bb{}\u00a0\u00bb theme_builder_area=\u00a0\u00bbpost_content\u00a0\u00bb][et_pb_column type=\u00a0\u00bb3_5&Prime; _builder_version=\u00a0\u00bb4.27.4&Prime; _module_preset=\u00a0\u00bbdefault\u00a0\u00bb global_colors_info=\u00a0\u00bb{}\u00a0\u00bb theme_builder_area=\u00a0\u00bbpost_content\u00a0\u00bb][et_pb_image src=\u00a0\u00bbhttp:\/\/www.clicweb.ovh\/2025\/gr1\/wp-content\/uploads\/2024\/12\/risotto-cepe-1200.jpg\u00a0\u00bb title_text=\u00a0\u00bbrisotto-cepe-1200&Prime; _builder_version=\u00a0\u00bb4.27.4&Prime; _module_preset=\u00a0\u00bbdefault\u00a0\u00bb hover_enabled=\u00a0\u00bb0&Prime; global_colors_info=\u00a0\u00bb{}\u00a0\u00bb theme_builder_area=\u00a0\u00bbpost_content\u00a0\u00bb sticky_enabled=\u00a0\u00bb0&Prime;][\/et_pb_image][\/et_pb_column][et_pb_column type=\u00a0\u00bb2_5&Prime; _builder_version=\u00a0\u00bb4.27.4&Prime; _module_preset=\u00a0\u00bbdefault\u00a0\u00bb global_colors_info=\u00a0\u00bb{}\u00a0\u00bb theme_builder_area=\u00a0\u00bbpost_content\u00a0\u00bb][et_pb_text _builder_version=\u00a0\u00bb4.27.4&Prime; _module_preset=\u00a0\u00bbdefault\u00a0\u00bb text_font=\u00a0\u00bbAdamina||||on||||\u00a0\u00bb text_font_size=\u00a0\u00bb30px\u00a0\u00bb custom_margin_tablet=\u00a0\u00bb\u00a0\u00bb custom_margin_phone=\u00a0\u00bb||7px||false|false\u00a0\u00bb custom_margin_last_edited=\u00a0\u00bbon|phone\u00a0\u00bb text_font_size_tablet=\u00a0\u00bb30px\u00a0\u00bb text_font_size_phone=\u00a0\u00bb21px\u00a0\u00bb text_font_size_last_edited=\u00a0\u00bbon|phone\u00a0\u00bb global_colors_info=\u00a0\u00bb{}\u00a0\u00bb theme_builder_area=\u00a0\u00bbpost_content\u00a0\u00bb]<\/p>\n<p>Ingr\u00e9dients<\/p>\n<p>[\/et_pb_text][et_pb_text _builder_version=\u00a0\u00bb4.27.4&Prime; _module_preset=\u00a0\u00bbdefault\u00a0\u00bb text_font=\u00a0\u00bbAdamina||||||||\u00a0\u00bb text_font_size=\u00a0\u00bb19px\u00a0\u00bb text_line_height=\u00a0\u00bb1.8em\u00a0\u00bb custom_margin=\u00a0\u00bb||-42px||false|false\u00a0\u00bb hover_enabled=\u00a0\u00bb0&Prime; text_font_size_tablet=\u00a0\u00bb19px\u00a0\u00bb text_font_size_phone=\u00a0\u00bb13px\u00a0\u00bb text_font_size_last_edited=\u00a0\u00bbon|tablet\u00a0\u00bb global_colors_info=\u00a0\u00bb{}\u00a0\u00bb theme_builder_area=\u00a0\u00bbpost_content\u00a0\u00bb sticky_enabled=\u00a0\u00bb0&Prime;]<\/p>\n<ul>\n<li>250 gr de riz arborio\u00a0<\/li>\n<li>2 \u00e9chalotes<\/li>\n<li>50 gr de parmesan r\u00e2p\u00e9e\u00a0<\/li>\n<li>1 cuill\u00e8re \u00e0 soupe d&rsquo;huile d&rsquo;olive\u00a0<\/li>\n<li>1 orange\u00a0<\/li>\n<li>40 gr de c\u00e8pes<\/li>\n<li>50 gr de beurre<\/li>\n<li>Sel<\/li>\n<li>Poivre<\/li>\n<\/ul>\n<p>[\/et_pb_text][\/et_pb_column][\/et_pb_row][et_pb_row _builder_version=\u00a0\u00bb4.27.4&Prime; _module_preset=\u00a0\u00bbdefault\u00a0\u00bb locked=\u00a0\u00bboff\u00a0\u00bb global_colors_info=\u00a0\u00bb{}\u00a0\u00bb theme_builder_area=\u00a0\u00bbpost_content\u00a0\u00bb][et_pb_column type=\u00a0\u00bb4_4&Prime; _builder_version=\u00a0\u00bb4.27.4&Prime; _module_preset=\u00a0\u00bbdefault\u00a0\u00bb global_colors_info=\u00a0\u00bb{}\u00a0\u00bb theme_builder_area=\u00a0\u00bbpost_content\u00a0\u00bb][et_pb_text _builder_version=\u00a0\u00bb4.27.4&Prime; _module_preset=\u00a0\u00bbdefault\u00a0\u00bb text_font=\u00a0\u00bbAdamina||||on||||\u00a0\u00bb text_font_size=\u00a0\u00bb30px\u00a0\u00bb custom_margin_tablet=\u00a0\u00bb\u00a0\u00bb custom_margin_phone=\u00a0\u00bb||7px||false|false\u00a0\u00bb custom_margin_last_edited=\u00a0\u00bbon|phone\u00a0\u00bb text_font_size_tablet=\u00a0\u00bb30px\u00a0\u00bb text_font_size_phone=\u00a0\u00bb21px\u00a0\u00bb text_font_size_last_edited=\u00a0\u00bbon|phone\u00a0\u00bb global_colors_info=\u00a0\u00bb{}\u00a0\u00bb theme_builder_area=\u00a0\u00bbpost_content\u00a0\u00bb]<\/p>\n<p>Pr\u00e9paration<\/p>\n<p>[\/et_pb_text][et_pb_text _builder_version=\u00a0\u00bb4.27.4&Prime; _module_preset=\u00a0\u00bbdefault\u00a0\u00bb text_font=\u00a0\u00bbAdamina||||||||\u00a0\u00bb text_font_size=\u00a0\u00bb16px\u00a0\u00bb header_2_font=\u00a0\u00bbAdamina||||||||\u00a0\u00bb header_2_font_size=\u00a0\u00bb21px\u00a0\u00bb hover_enabled=\u00a0\u00bb0&Prime; text_font_size_tablet=\u00a0\u00bb16px\u00a0\u00bb text_font_size_phone=\u00a0\u00bb12px\u00a0\u00bb text_font_size_last_edited=\u00a0\u00bbon|phone\u00a0\u00bb global_colors_info=\u00a0\u00bb{}\u00a0\u00bb theme_builder_area=\u00a0\u00bbpost_content\u00a0\u00bb sticky_enabled=\u00a0\u00bb0&Prime;]<\/p>\n<p><span style=\"text-decoration: underline;\"><strong>\u00c9tape 1<\/strong><\/span> &#8211; <span>Faites tremper les c\u00e9pes dans 1 l d&rsquo;eau bouillante pendant 2 heures. Egouttez-les, rincez-les \u00e0 l&rsquo;eau froide et \u00e9pongez-les sur du papier absorbant. Hachez-les en petits morceaux.<\/span><\/p>\n<div class=\"recipe-step-list__container\">\n<div class=\"recipe-step-list__head\"><span><span style=\"text-decoration: underline;\"><strong>\u00c9tape 2<\/strong><\/span> &#8211; Filtrez leur eau de trempage \u00e0 travers une passoire tapiss\u00e9e d&rsquo;un linge fin et portez-le \u00e0 \u00e9bullition.<\/span><\/div>\n<\/div>\n<div class=\"recipe-step-list__container\">\n<div class=\"recipe-step-list__head\"><\/div>\n<div class=\"recipe-step-list__head\"><span><span style=\"text-decoration: underline;\"><strong>\u00c9tape 3<\/strong><\/span> &#8211; Pelez les \u00e9chalotes puis hachez-les. R\u00e2pez finement le zeste de l&rsquo;orange et r\u00e9servez 3 c. \u00e0 soupe de son jus.<\/span><\/div>\n<\/div>\n<div class=\"recipe-step-list__container\">\n<div class=\"recipe-step-list__head\"><span><\/span><\/div>\n<div class=\"recipe-step-list__head\"><span><span style=\"text-decoration: underline;\"><strong>\u00c9tape 4<\/strong><\/span> &#8211; Dans une casserole, faites revenir les \u00e9chalotes pour 2 min avec la moiti\u00e9 du beurre et l&rsquo;huile d&rsquo;olive. Ajoutez le riz et m\u00e9langez pendant 2 min. Arrosez petit \u00e0 petit de l&rsquo;eau des c\u00e9pes. Laissez cuire pour 8 min en m\u00e9langeant.<\/span><\/div>\n<\/div>\n<div class=\"recipe-step-list__container\">\n<div class=\"recipe-step-list__head\"><span><\/span><\/div>\n<div class=\"recipe-step-list__head\"><span><span style=\"text-decoration: underline;\"><strong>\u00c9tape 5<\/strong><\/span> &#8211; Ajoutez les c\u00e9pes et laissez cuire pendant 9 min encore.<\/span><\/div>\n<\/div>\n<div class=\"recipe-step-list__container\">\n<div class=\"recipe-step-list__head\"><span><\/span><\/div>\n<div class=\"recipe-step-list__head\"><span><span style=\"text-decoration: underline;\"><strong>\u00c9tape 6<\/strong> <\/span>&#8211; Hors du feu, incorporez les zestes d&rsquo;orange et le jus, le reste du beurre et le parmesan. Poivrez, couvrez et laissez reposer 2 min puis servez chaud.<\/span><\/div>\n<\/div>\n<ul class=\"preparation_steps\"><\/ul>\n<p>[\/et_pb_text][\/et_pb_column][\/et_pb_row][\/et_pb_section]<\/p>\n","protected":false},"excerpt":{"rendered":"<p>Le risotto aux c\u00e8pes et \u00e0 l&rsquo;orangeIngr\u00e9dients 250 gr de riz arborio\u00a0 2 \u00e9chalotes 50 gr de parmesan r\u00e2p\u00e9e\u00a0 1 cuill\u00e8re \u00e0 soupe d&rsquo;huile d&rsquo;olive\u00a0 1 orange\u00a0 40 gr de c\u00e8pes 50 gr de beurre Sel Poivre Pr\u00e9paration\u00c9tape 1 &#8211; Faites tremper les c\u00e9pes dans 1 l d&rsquo;eau bouillante pendant 2 heures. Egouttez-les, rincez-les \u00e0 [&hellip;]<\/p>\n","protected":false},"author":2,"featured_media":0,"parent":0,"menu_order":0,"comment_status":"closed","ping_status":"closed","template":"","meta":{"_et_pb_use_builder":"on","_et_pb_old_content":"","_et_gb_content_width":"","footnotes":""},"class_list":["post-1423","page","type-page","status-publish","hentry"],"_links":{"self":[{"href":"https:\/\/www.clicweb.ovh\/2025\/gr1\/wp-json\/wp\/v2\/pages\/1423","targetHints":{"allow":["GET"]}}],"collection":[{"href":"https:\/\/www.clicweb.ovh\/2025\/gr1\/wp-json\/wp\/v2\/pages"}],"about":[{"href":"https:\/\/www.clicweb.ovh\/2025\/gr1\/wp-json\/wp\/v2\/types\/page"}],"author":[{"embeddable":true,"href":"https:\/\/www.clicweb.ovh\/2025\/gr1\/wp-json\/wp\/v2\/users\/2"}],"replies":[{"embeddable":true,"href":"https:\/\/www.clicweb.ovh\/2025\/gr1\/wp-json\/wp\/v2\/comments?post=1423"}],"version-history":[{"count":3,"href":"https:\/\/www.clicweb.ovh\/2025\/gr1\/wp-json\/wp\/v2\/pages\/1423\/revisions"}],"predecessor-version":[{"id":1428,"href":"https:\/\/www.clicweb.ovh\/2025\/gr1\/wp-json\/wp\/v2\/pages\/1423\/revisions\/1428"}],"wp:attachment":[{"href":"https:\/\/www.clicweb.ovh\/2025\/gr1\/wp-json\/wp\/v2\/media?parent=1423"}],"curies":[{"name":"wp","href":"https:\/\/api.w.org\/{rel}","templated":true}]}}