{"id":1296,"date":"2024-12-18T16:18:09","date_gmt":"2024-12-18T15:18:09","guid":{"rendered":"https:\/\/www.clicweb.ovh\/2025\/gr1\/?page_id=1296"},"modified":"2024-12-19T12:07:29","modified_gmt":"2024-12-19T11:07:29","slug":"tartine-de-chevre-chaud","status":"publish","type":"page","link":"https:\/\/www.clicweb.ovh\/2025\/gr1\/tartine-de-chevre-chaud\/","title":{"rendered":"Tartine de ch\u00e8vre chaud"},"content":{"rendered":"<p>[et_pb_section fb_built=\u00a0\u00bb1&Prime; _builder_version=\u00a0\u00bb4.27.4&Prime; _module_preset=\u00a0\u00bbdefault\u00a0\u00bb global_colors_info=\u00a0\u00bb{}\u00a0\u00bb locked=\u00a0\u00bboff\u00a0\u00bb theme_builder_area=\u00a0\u00bbpost_content\u00a0\u00bb][et_pb_row _builder_version=\u00a0\u00bb4.27.4&Prime; _module_preset=\u00a0\u00bbdefault\u00a0\u00bb global_colors_info=\u00a0\u00bb{}\u00a0\u00bb theme_builder_area=\u00a0\u00bbpost_content\u00a0\u00bb][et_pb_column type=\u00a0\u00bb4_4&Prime; _builder_version=\u00a0\u00bb4.27.4&Prime; _module_preset=\u00a0\u00bbdefault\u00a0\u00bb global_colors_info=\u00a0\u00bb{}\u00a0\u00bb theme_builder_area=\u00a0\u00bbpost_content\u00a0\u00bb][et_pb_text _builder_version=\u00a0\u00bb4.27.4&Prime; _module_preset=\u00a0\u00bbdefault\u00a0\u00bb text_font=\u00a0\u00bbAdamina||||||||\u00a0\u00bb text_text_color=\u00a0\u00bb#E82A20&Prime; text_font_size=\u00a0\u00bb51px\u00a0\u00bb text_orientation=\u00a0\u00bbcenter\u00a0\u00bb hover_enabled=\u00a0\u00bb0&Prime; text_font_size_tablet=\u00a0\u00bb51px\u00a0\u00bb text_font_size_phone=\u00a0\u00bb27px\u00a0\u00bb text_font_size_last_edited=\u00a0\u00bbon|phone\u00a0\u00bb text_text_shadow_style=\u00a0\u00bbpreset1&Prime; locked=\u00a0\u00bboff\u00a0\u00bb global_colors_info=\u00a0\u00bb{}\u00a0\u00bb theme_builder_area=\u00a0\u00bbpost_content\u00a0\u00bb sticky_enabled=\u00a0\u00bb0&Prime;]<\/p>\n<p>La tartine de ch\u00e8vre chaud<\/p>\n<p>[\/et_pb_text][\/et_pb_column][\/et_pb_row][et_pb_row column_structure=\u00a0\u00bb3_5,2_5&Prime; _builder_version=\u00a0\u00bb4.27.4&Prime; _module_preset=\u00a0\u00bbdefault\u00a0\u00bb locked=\u00a0\u00bboff\u00a0\u00bb global_colors_info=\u00a0\u00bb{}\u00a0\u00bb theme_builder_area=\u00a0\u00bbpost_content\u00a0\u00bb][et_pb_column type=\u00a0\u00bb3_5&Prime; _builder_version=\u00a0\u00bb4.27.4&Prime; _module_preset=\u00a0\u00bbdefault\u00a0\u00bb global_colors_info=\u00a0\u00bb{}\u00a0\u00bb theme_builder_area=\u00a0\u00bbpost_content\u00a0\u00bb][et_pb_image src=\u00a0\u00bbhttp:\/\/www.clicweb.ovh\/2025\/gr1\/wp-content\/uploads\/2024\/12\/IMG_5929.webp\u00a0\u00bb title_text=\u00a0\u00bbIMG_5929&Prime; _builder_version=\u00a0\u00bb4.27.4&Prime; _module_preset=\u00a0\u00bbdefault\u00a0\u00bb hover_enabled=\u00a0\u00bb0&Prime; global_colors_info=\u00a0\u00bb{}\u00a0\u00bb theme_builder_area=\u00a0\u00bbpost_content\u00a0\u00bb sticky_enabled=\u00a0\u00bb0&Prime;][\/et_pb_image][\/et_pb_column][et_pb_column type=\u00a0\u00bb2_5&Prime; _builder_version=\u00a0\u00bb4.27.4&Prime; _module_preset=\u00a0\u00bbdefault\u00a0\u00bb global_colors_info=\u00a0\u00bb{}\u00a0\u00bb theme_builder_area=\u00a0\u00bbpost_content\u00a0\u00bb][et_pb_text _builder_version=\u00a0\u00bb4.27.4&Prime; _module_preset=\u00a0\u00bbdefault\u00a0\u00bb text_font=\u00a0\u00bbAdamina||||on||||\u00a0\u00bb text_font_size=\u00a0\u00bb30px\u00a0\u00bb custom_margin_tablet=\u00a0\u00bb\u00a0\u00bb custom_margin_phone=\u00a0\u00bb||7px||false|false\u00a0\u00bb custom_margin_last_edited=\u00a0\u00bbon|phone\u00a0\u00bb text_font_size_tablet=\u00a0\u00bb30px\u00a0\u00bb text_font_size_phone=\u00a0\u00bb21px\u00a0\u00bb text_font_size_last_edited=\u00a0\u00bbon|phone\u00a0\u00bb global_colors_info=\u00a0\u00bb{}\u00a0\u00bb theme_builder_area=\u00a0\u00bbpost_content\u00a0\u00bb]<\/p>\n<p>Ingr\u00e9dients<\/p>\n<p>[\/et_pb_text][et_pb_text _builder_version=\u00a0\u00bb4.27.4&Prime; _module_preset=\u00a0\u00bbdefault\u00a0\u00bb text_font=\u00a0\u00bbAdamina||||||||\u00a0\u00bb text_font_size=\u00a0\u00bb19px\u00a0\u00bb text_line_height=\u00a0\u00bb1.8em\u00a0\u00bb custom_margin=\u00a0\u00bb||-42px||false|false\u00a0\u00bb hover_enabled=\u00a0\u00bb0&Prime; text_font_size_tablet=\u00a0\u00bb19px\u00a0\u00bb text_font_size_phone=\u00a0\u00bb13px\u00a0\u00bb text_font_size_last_edited=\u00a0\u00bbon|tablet\u00a0\u00bb global_colors_info=\u00a0\u00bb{}\u00a0\u00bb theme_builder_area=\u00a0\u00bbpost_content\u00a0\u00bb sticky_enabled=\u00a0\u00bb0&Prime;]<\/p>\n<p>Pour 3 personnes<\/p>\n<ul>\n<li>0,5 cuill\u00e8re \u00e0 caf\u00e9 de tabasco\u00a0<\/li>\n<li>Sel<\/li>\n<li>Poivre<\/li>\n<li>8 tomates bien m\u00fbres\u00a0<\/li>\n<li>6 tranches de pain de campagne\u00a0<\/li>\n<li>2 crottins de ch\u00e8vre\u00a0<\/li>\n<li>Herbes de provence<\/li>\n<li>4 feuilles de basilic\u00a0<\/li>\n<li>4 cuill\u00e8res \u00e0 soupe d&rsquo;huile d&rsquo;olive\u00a0<\/li>\n<li>3 gousses d&rsquo;ail\u00a0<\/li>\n<\/ul>\n<p>[\/et_pb_text][\/et_pb_column][\/et_pb_row][et_pb_row _builder_version=\u00a0\u00bb4.27.4&Prime; _module_preset=\u00a0\u00bbdefault\u00a0\u00bb locked=\u00a0\u00bboff\u00a0\u00bb global_colors_info=\u00a0\u00bb{}\u00a0\u00bb theme_builder_area=\u00a0\u00bbpost_content\u00a0\u00bb][et_pb_column type=\u00a0\u00bb4_4&Prime; _builder_version=\u00a0\u00bb4.27.4&Prime; _module_preset=\u00a0\u00bbdefault\u00a0\u00bb global_colors_info=\u00a0\u00bb{}\u00a0\u00bb theme_builder_area=\u00a0\u00bbpost_content\u00a0\u00bb][et_pb_text _builder_version=\u00a0\u00bb4.27.4&Prime; _module_preset=\u00a0\u00bbdefault\u00a0\u00bb text_font=\u00a0\u00bbAdamina||||on||||\u00a0\u00bb text_font_size=\u00a0\u00bb30px\u00a0\u00bb custom_margin_tablet=\u00a0\u00bb\u00a0\u00bb custom_margin_phone=\u00a0\u00bb||7px||false|false\u00a0\u00bb custom_margin_last_edited=\u00a0\u00bbon|phone\u00a0\u00bb text_font_size_tablet=\u00a0\u00bb30px\u00a0\u00bb text_font_size_phone=\u00a0\u00bb21px\u00a0\u00bb text_font_size_last_edited=\u00a0\u00bbon|phone\u00a0\u00bb global_colors_info=\u00a0\u00bb{}\u00a0\u00bb theme_builder_area=\u00a0\u00bbpost_content\u00a0\u00bb]<\/p>\n<p>Pr\u00e9paration<\/p>\n<p>[\/et_pb_text][et_pb_text _builder_version=\u00a0\u00bb4.27.4&Prime; _module_preset=\u00a0\u00bbdefault\u00a0\u00bb text_font=\u00a0\u00bbAdamina||||||||\u00a0\u00bb text_font_size=\u00a0\u00bb16px\u00a0\u00bb header_2_font=\u00a0\u00bbAdamina||||||||\u00a0\u00bb header_2_font_size=\u00a0\u00bb21px\u00a0\u00bb hover_enabled=\u00a0\u00bb0&Prime; text_font_size_tablet=\u00a0\u00bb16px\u00a0\u00bb text_font_size_phone=\u00a0\u00bb12px\u00a0\u00bb text_font_size_last_edited=\u00a0\u00bbon|phone\u00a0\u00bb global_colors_info=\u00a0\u00bb{}\u00a0\u00bb theme_builder_area=\u00a0\u00bbpost_content\u00a0\u00bb sticky_enabled=\u00a0\u00bb0&Prime;]<\/p>\n<p><span style=\"text-decoration: underline;\"><strong>\u00c9tape 1<\/strong><\/span> &#8211; <span>Faire griller les tranches de pain de mani\u00e8re \u00e0 ce qu&rsquo;elles soient bien dor\u00e9es. Frotter les gousses d&rsquo;ail sur le pain.<\/span><\/p>\n<div class=\"recipe-step-list__container\">\n<div class=\"recipe-step-list__head\"><span><span style=\"text-decoration: underline;\"><strong>\u00c9tape 2<\/strong><\/span> &#8211; Laisser reposer \u00e0 temp\u00e9rature ambiante.<\/span><\/div>\n<\/div>\n<div class=\"recipe-step-list__container\">\n<div class=\"recipe-step-list__head\"><\/div>\n<div class=\"recipe-step-list__head\"><span><span style=\"text-decoration: underline;\"><strong>\u00c9tape 3<\/strong><\/span> &#8211; Eplucher les tomates, les \u00e9p\u00e9piner, et les couper en gros quartiers.<\/span><\/div>\n<\/div>\n<div class=\"recipe-step-list__container\">\n<div class=\"recipe-step-list__head\"><span><\/span><\/div>\n<div class=\"recipe-step-list__head\"><span><span style=\"text-decoration: underline;\"><strong>\u00c9tape 4<\/strong><\/span> &#8211; Mettre les quartiers de tomate dans un saladier et rajouter une g\u00e9n\u00e9reuse pinc\u00e9e d&rsquo;herbes de provence, le sel et le poivre \u00e0 votre convenance.<\/span><\/div>\n<\/div>\n<div class=\"recipe-step-list__container\">\n<div class=\"recipe-step-list__head\"><span><\/span><\/div>\n<div class=\"recipe-step-list__head\"><span><span style=\"text-decoration: underline;\"><strong>\u00c9tape 5<\/strong><\/span> &#8211; Rajouter \u00e0 cette pr\u00e9paration l&rsquo;huile d&rsquo;olive et le tabasco.<\/span><\/div>\n<\/div>\n<div class=\"recipe-step-list__container\">\n<div class=\"recipe-step-list__head\"><span><\/span><\/div>\n<div class=\"recipe-step-list__head\"><span><span style=\"text-decoration: underline;\"><strong>\u00c9tape 6<\/strong> <\/span>&#8211; Bien remuer d\u00e9licatement et laisser reposer 20 minutes au frigo.<\/span><\/div>\n<div class=\"recipe-step-list__head\"><span><span style=\"text-decoration: underline;\"><strong>\u00c9tape 7 &#8211; <\/strong><\/span>D\u00e9couper en fines lani\u00e8res les feuilles de basilic, les incorporer.<\/span><\/div>\n<div class=\"recipe-step-list__head\"><span><span style=\"text-decoration: underline;\"><strong>\u00c9tape 8 <\/strong><\/span> &#8211;\u00a0Pendant ce temps, d\u00e9couper les fromages en 3 tranches dans le sens de la largeur. Pr\u00e9chauffer le four en position grill + chaleur tournante.<\/span><\/div>\n<div class=\"recipe-step-list__head\"><span><span style=\"text-decoration: underline;\"><strong>\u00c9tape 9 &#8211; <\/strong><\/span>Sortir le saladier du frigo.<\/span><\/div>\n<div class=\"recipe-step-list__head\"><span><span style=\"text-decoration: underline;\"><strong>\u00c9tape 10 &#8211;<\/strong><\/span>\u00a0Remuer d\u00e9licatement la pr\u00e9paration.<\/span><\/div>\n<div class=\"recipe-step-list__head\"><span><span style=\"text-decoration: underline;\"><strong>\u00c9tape 11 &#8211;<\/strong><\/span>\u00a0<\/span>Mettre une feuille de papier sulfuris\u00e9 sur une plaque allant au four.<\/div>\n<div class=\"recipe-step-list__head\">\n<div class=\"recipe-step-list__container\">\n<div class=\"recipe-step-list__head\"><span><span style=\"text-decoration: underline;\"><strong>\u00c9tape 12<\/strong><\/span> &#8211;\u00a0<\/span>D\u00e9poser dessus les tranches de pain.<\/div>\n<\/div>\n<div class=\"recipe-step-list__container\">\n<div class=\"recipe-step-list__head\"><span><span style=\"text-decoration: underline;\"><strong>\u00c9tape 13<\/strong><\/span> &#8211; <\/span>Mettre pour chaque tranche de pain : une couche de pr\u00e9paration, deux tranches de crottin, saler et poivrer. Arroser chaque tranche d&rsquo;un petit filet d&rsquo;huile d&rsquo;olive.<\/div>\n<\/div>\n<div class=\"recipe-step-list__container\">\n<div class=\"recipe-step-list__head\"><span><span style=\"text-decoration: underline;\"><strong>\u00c9tape 14<\/strong><\/span> &#8211; <\/span>Une fois la plaque pr\u00eate, enfourner.<\/div>\n<\/div>\n<div class=\"recipe-step-list__container\">\n<div class=\"recipe-step-list__head\"><span><span style=\"text-decoration: underline;\"><strong>\u00c9tape 15<\/strong><\/span> &#8211; <\/span>Surveiller la cuisson et ne sortir la plaque du fous d\u00e8s lors que le fromage commence \u00e0 \u00eatre bien fondu.<\/div>\n<\/div>\n<div class=\"recipe-step-list__container\">\n<div class=\"recipe-step-list__head\"><span><span style=\"text-decoration: underline;\"><strong>\u00c9tape 16<\/strong> <\/span>&#8211; <\/span>Servir bien chaud.<\/div>\n<\/div>\n<\/div>\n<\/div>\n<ul class=\"preparation_steps\"><\/ul>\n<p>[\/et_pb_text][\/et_pb_column][\/et_pb_row][\/et_pb_section]<\/p>\n","protected":false},"excerpt":{"rendered":"<p>La tartine de ch\u00e8vre chaudIngr\u00e9dientsPour 3 personnes 0,5 cuill\u00e8re \u00e0 caf\u00e9 de tabasco\u00a0 Sel Poivre 8 tomates bien m\u00fbres\u00a0 6 tranches de pain de campagne\u00a0 2 crottins de ch\u00e8vre\u00a0 Herbes de provence 4 feuilles de basilic\u00a0 4 cuill\u00e8res \u00e0 soupe d&rsquo;huile d&rsquo;olive\u00a0 3 gousses d&rsquo;ail\u00a0 Pr\u00e9paration\u00c9tape 1 &#8211; Faire griller les tranches de pain de [&hellip;]<\/p>\n","protected":false},"author":2,"featured_media":0,"parent":0,"menu_order":0,"comment_status":"closed","ping_status":"closed","template":"","meta":{"_et_pb_use_builder":"on","_et_pb_old_content":"","_et_gb_content_width":"","footnotes":""},"class_list":["post-1296","page","type-page","status-publish","hentry"],"_links":{"self":[{"href":"https:\/\/www.clicweb.ovh\/2025\/gr1\/wp-json\/wp\/v2\/pages\/1296","targetHints":{"allow":["GET"]}}],"collection":[{"href":"https:\/\/www.clicweb.ovh\/2025\/gr1\/wp-json\/wp\/v2\/pages"}],"about":[{"href":"https:\/\/www.clicweb.ovh\/2025\/gr1\/wp-json\/wp\/v2\/types\/page"}],"author":[{"embeddable":true,"href":"https:\/\/www.clicweb.ovh\/2025\/gr1\/wp-json\/wp\/v2\/users\/2"}],"replies":[{"embeddable":true,"href":"https:\/\/www.clicweb.ovh\/2025\/gr1\/wp-json\/wp\/v2\/comments?post=1296"}],"version-history":[{"count":4,"href":"https:\/\/www.clicweb.ovh\/2025\/gr1\/wp-json\/wp\/v2\/pages\/1296\/revisions"}],"predecessor-version":[{"id":1379,"href":"https:\/\/www.clicweb.ovh\/2025\/gr1\/wp-json\/wp\/v2\/pages\/1296\/revisions\/1379"}],"wp:attachment":[{"href":"https:\/\/www.clicweb.ovh\/2025\/gr1\/wp-json\/wp\/v2\/media?parent=1296"}],"curies":[{"name":"wp","href":"https:\/\/api.w.org\/{rel}","templated":true}]}}