{"id":1272,"date":"2024-12-18T16:16:11","date_gmt":"2024-12-18T15:16:11","guid":{"rendered":"https:\/\/www.clicweb.ovh\/2025\/gr1\/?page_id=1272"},"modified":"2024-12-19T07:13:47","modified_gmt":"2024-12-19T06:13:47","slug":"salade-de-nouilles-aubergines-grenade","status":"publish","type":"page","link":"https:\/\/www.clicweb.ovh\/2025\/gr1\/salade-de-nouilles-aubergines-grenade\/","title":{"rendered":"Salade de nouilles aubergines grenade"},"content":{"rendered":"<p>[et_pb_section fb_built=\u00a0\u00bb1&Prime; _builder_version=\u00a0\u00bb4.27.4&Prime; _module_preset=\u00a0\u00bbdefault\u00a0\u00bb global_colors_info=\u00a0\u00bb{}\u00a0\u00bb locked=\u00a0\u00bboff\u00a0\u00bb theme_builder_area=\u00a0\u00bbpost_content\u00a0\u00bb][et_pb_row _builder_version=\u00a0\u00bb4.27.4&Prime; _module_preset=\u00a0\u00bbdefault\u00a0\u00bb global_colors_info=\u00a0\u00bb{}\u00a0\u00bb theme_builder_area=\u00a0\u00bbpost_content\u00a0\u00bb][et_pb_column type=\u00a0\u00bb4_4&Prime; _builder_version=\u00a0\u00bb4.27.4&Prime; _module_preset=\u00a0\u00bbdefault\u00a0\u00bb global_colors_info=\u00a0\u00bb{}\u00a0\u00bb theme_builder_area=\u00a0\u00bbpost_content\u00a0\u00bb][et_pb_text _builder_version=\u00a0\u00bb4.27.4&Prime; _module_preset=\u00a0\u00bbdefault\u00a0\u00bb text_font=\u00a0\u00bbAdamina||||||||\u00a0\u00bb text_text_color=\u00a0\u00bb#E82A20&Prime; text_font_size=\u00a0\u00bb51px\u00a0\u00bb text_orientation=\u00a0\u00bbcenter\u00a0\u00bb hover_enabled=\u00a0\u00bb0&Prime; text_font_size_tablet=\u00a0\u00bb51px\u00a0\u00bb text_font_size_phone=\u00a0\u00bb27px\u00a0\u00bb text_font_size_last_edited=\u00a0\u00bbon|phone\u00a0\u00bb text_text_shadow_style=\u00a0\u00bbpreset1&Prime; locked=\u00a0\u00bboff\u00a0\u00bb global_colors_info=\u00a0\u00bb{}\u00a0\u00bb theme_builder_area=\u00a0\u00bbpost_content\u00a0\u00bb sticky_enabled=\u00a0\u00bb0&Prime;]<\/p>\n<p>La salade de nouilles aubergines grenade<\/p>\n<p>[\/et_pb_text][\/et_pb_column][\/et_pb_row][et_pb_row column_structure=\u00a0\u00bb3_5,2_5&Prime; _builder_version=\u00a0\u00bb4.27.4&Prime; _module_preset=\u00a0\u00bbdefault\u00a0\u00bb locked=\u00a0\u00bboff\u00a0\u00bb global_colors_info=\u00a0\u00bb{}\u00a0\u00bb theme_builder_area=\u00a0\u00bbpost_content\u00a0\u00bb][et_pb_column type=\u00a0\u00bb3_5&Prime; _builder_version=\u00a0\u00bb4.27.4&Prime; _module_preset=\u00a0\u00bbdefault\u00a0\u00bb global_colors_info=\u00a0\u00bb{}\u00a0\u00bb theme_builder_area=\u00a0\u00bbpost_content\u00a0\u00bb][et_pb_image src=\u00a0\u00bbhttp:\/\/www.clicweb.ovh\/2025\/gr1\/wp-content\/uploads\/2024\/12\/IMG_5927.jpeg\u00a0\u00bb title_text=\u00a0\u00bbIMG_5927&Prime; _builder_version=\u00a0\u00bb4.27.4&Prime; _module_preset=\u00a0\u00bbdefault\u00a0\u00bb hover_enabled=\u00a0\u00bb0&Prime; global_colors_info=\u00a0\u00bb{}\u00a0\u00bb theme_builder_area=\u00a0\u00bbpost_content\u00a0\u00bb sticky_enabled=\u00a0\u00bb0&Prime;][\/et_pb_image][\/et_pb_column][et_pb_column type=\u00a0\u00bb2_5&Prime; _builder_version=\u00a0\u00bb4.27.4&Prime; _module_preset=\u00a0\u00bbdefault\u00a0\u00bb global_colors_info=\u00a0\u00bb{}\u00a0\u00bb theme_builder_area=\u00a0\u00bbpost_content\u00a0\u00bb][et_pb_text _builder_version=\u00a0\u00bb4.27.4&Prime; _module_preset=\u00a0\u00bbdefault\u00a0\u00bb text_font=\u00a0\u00bbAdamina||||on||||\u00a0\u00bb text_font_size=\u00a0\u00bb30px\u00a0\u00bb custom_margin_tablet=\u00a0\u00bb\u00a0\u00bb custom_margin_phone=\u00a0\u00bb||7px||false|false\u00a0\u00bb custom_margin_last_edited=\u00a0\u00bbon|phone\u00a0\u00bb text_font_size_tablet=\u00a0\u00bb30px\u00a0\u00bb text_font_size_phone=\u00a0\u00bb21px\u00a0\u00bb text_font_size_last_edited=\u00a0\u00bbon|phone\u00a0\u00bb global_colors_info=\u00a0\u00bb{}\u00a0\u00bb theme_builder_area=\u00a0\u00bbpost_content\u00a0\u00bb]<\/p>\n<p>Ingr\u00e9dients<\/p>\n<p>[\/et_pb_text][et_pb_text _builder_version=\u00a0\u00bb4.27.4&Prime; _module_preset=\u00a0\u00bbdefault\u00a0\u00bb text_font=\u00a0\u00bbAdamina||||||||\u00a0\u00bb text_font_size=\u00a0\u00bb19px\u00a0\u00bb text_line_height=\u00a0\u00bb1.8em\u00a0\u00bb custom_margin=\u00a0\u00bb||-42px||false|false\u00a0\u00bb hover_enabled=\u00a0\u00bb0&Prime; text_font_size_tablet=\u00a0\u00bb19px\u00a0\u00bb text_font_size_phone=\u00a0\u00bb13px\u00a0\u00bb text_font_size_last_edited=\u00a0\u00bbon|tablet\u00a0\u00bb global_colors_info=\u00a0\u00bb{}\u00a0\u00bb theme_builder_area=\u00a0\u00bbpost_content\u00a0\u00bb sticky_enabled=\u00a0\u00bb0&Prime;]<\/p>\n<ul>\n<li>160 g de nouilles Soba<\/li>\n<li>1 aubergine<\/li>\n<li>1 grenade<\/li>\n<li>5 cl d\u2019eau<\/li>\n<li>\u00bd oignon rouge<\/li>\n<li>1 gousse d\u2019ail<\/li>\n<li>1 cm de gingembre frais<\/li>\n<li>2 c. \u00e0 soupe de sauce soja<\/li>\n<li>1 c. \u00e0 soupe de vinaigre de riz<\/li>\n<li>1 c. \u00e0 caf\u00e9 d\u2019huile de s\u00e9same grill\u00e9e<\/li>\n<li>2 c. \u00e0 soupe d\u2019huile d\u2019olive<\/li>\n<li>2 c. \u00e0 soupe de noix<\/li>\n<li>2 c. \u00e0 soupe de coriandre fraiche<\/li>\n<li>2 c. \u00e0 soupe de persil<\/li>\n<li>Sel<\/li>\n<\/ul>\n<p>[\/et_pb_text][\/et_pb_column][\/et_pb_row][et_pb_row _builder_version=\u00a0\u00bb4.27.4&Prime; _module_preset=\u00a0\u00bbdefault\u00a0\u00bb locked=\u00a0\u00bboff\u00a0\u00bb global_colors_info=\u00a0\u00bb{}\u00a0\u00bb theme_builder_area=\u00a0\u00bbpost_content\u00a0\u00bb][et_pb_column type=\u00a0\u00bb4_4&Prime; _builder_version=\u00a0\u00bb4.27.4&Prime; _module_preset=\u00a0\u00bbdefault\u00a0\u00bb global_colors_info=\u00a0\u00bb{}\u00a0\u00bb theme_builder_area=\u00a0\u00bbpost_content\u00a0\u00bb][et_pb_text _builder_version=\u00a0\u00bb4.27.4&Prime; _module_preset=\u00a0\u00bbdefault\u00a0\u00bb text_font=\u00a0\u00bbAdamina||||on||||\u00a0\u00bb text_font_size=\u00a0\u00bb30px\u00a0\u00bb custom_margin_tablet=\u00a0\u00bb\u00a0\u00bb custom_margin_phone=\u00a0\u00bb||7px||false|false\u00a0\u00bb custom_margin_last_edited=\u00a0\u00bbon|phone\u00a0\u00bb text_font_size_tablet=\u00a0\u00bb30px\u00a0\u00bb text_font_size_phone=\u00a0\u00bb21px\u00a0\u00bb text_font_size_last_edited=\u00a0\u00bbon|phone\u00a0\u00bb global_colors_info=\u00a0\u00bb{}\u00a0\u00bb theme_builder_area=\u00a0\u00bbpost_content\u00a0\u00bb]<\/p>\n<p>Pr\u00e9paration<\/p>\n<p>[\/et_pb_text][et_pb_text _builder_version=\u00a0\u00bb4.27.4&Prime; _module_preset=\u00a0\u00bbdefault\u00a0\u00bb text_font=\u00a0\u00bbAdamina||||||||\u00a0\u00bb text_font_size=\u00a0\u00bb16px\u00a0\u00bb header_2_font=\u00a0\u00bbAdamina||||||||\u00a0\u00bb header_2_font_size=\u00a0\u00bb21px\u00a0\u00bb hover_enabled=\u00a0\u00bb0&Prime; text_font_size_tablet=\u00a0\u00bb16px\u00a0\u00bb text_font_size_phone=\u00a0\u00bb12px\u00a0\u00bb text_font_size_last_edited=\u00a0\u00bbon|phone\u00a0\u00bb global_colors_info=\u00a0\u00bb{}\u00a0\u00bb theme_builder_area=\u00a0\u00bbpost_content\u00a0\u00bb sticky_enabled=\u00a0\u00bb0&Prime;]<\/p>\n<p><span style=\"text-decoration: underline;\"><strong>\u00c9tape 1<\/strong><\/span> &#8211; \u00c9pluchez et hachez finement l\u2019ail, l\u2019oignon et le gingembre. Coupez l\u2019aubergine en petit d\u00e9s de 1 cm. Saupoudrez de sel et laissez d\u00e9gorger 30 minutes. Pressez les d\u00e9s \u00e0 la main pour en faire sortir l\u2019eau et essuyer les avec du papier absorbant.<\/p>\n<div class=\"recipe-step-list__container\">\n<div class=\"recipe-step-list__head\"><span><span style=\"text-decoration: underline;\"><strong>\u00c9tape 2<\/strong><\/span> &#8211; Dans une po\u00eale, chauffez l\u2019huile d\u2019olive et l\u2019huile de s\u00e9same, et faites y revenir le m\u00e9lange ail, oignon, gingembre. Ajoutez les aubergines et laissez cuire \u00e0 feu doux 5 minutes. Versez la sauce soja, le vinaigre, m\u00e9langez et continuez la cuisson encore 5 \u00e0 7 minutes, jusqu\u2019\u00e0 ce que les d\u00e9s d\u2019aubergine soient tendres. Ajoutez l\u2019eau, augmentez le feu pour porter \u00e0 \u00e9bullition, d\u00e8s que \u00e7a bout stopper la cuisson. R\u00e9servez.<\/span><\/div>\n<\/div>\n<div class=\"recipe-step-list__container\">\n<div class=\"recipe-step-list__head\"><\/div>\n<div class=\"recipe-step-list__head\"><span><span style=\"text-decoration: underline;\"><strong>\u00c9tape 3<\/strong><\/span> &#8211; Pour la pr\u00e9paration des nouilles soba, portez de l\u2019eau \u00e0 \u00e9bullition dans une casserole. Plongez les dans l\u2019eau bouillante et laissez-les cuire 4 \u00e0 5 minutes. Les nouilles doivent \u00eatre al dente. Egouttez-les et passez les sous l\u2019eau froide en les s\u00e9parant avec les doigts, pour \u00e9viter qu\u2019elles ne collent. R\u00e9servez dans un saladier.<\/span><\/div>\n<\/div>\n<div class=\"recipe-step-list__container\">\n<div class=\"recipe-step-list__head\"><span><\/span><\/div>\n<div class=\"recipe-step-list__head\"><span><span style=\"text-decoration: underline;\"><strong>\u00c9tape 4<\/strong><\/span> &#8211; <\/span>Coupez la grenade en deux et r\u00e9cup\u00e9rez les graines. Hachez les herbes et concass\u00e9es les noix. M\u00e9langez ensemble les aubergines en sauce, les nouilles, les herbes, la grenade et les noix.<\/div>\n<\/div>\n<ul class=\"preparation_steps\"><\/ul>\n<p>[\/et_pb_text][\/et_pb_column][\/et_pb_row][\/et_pb_section]<\/p>\n","protected":false},"excerpt":{"rendered":"<p>La salade de nouilles aubergines grenadeIngr\u00e9dients 160 g de nouilles Soba 1 aubergine 1 grenade 5 cl d\u2019eau \u00bd oignon rouge 1 gousse d\u2019ail 1 cm de gingembre frais 2 c. \u00e0 soupe de sauce soja 1 c. \u00e0 soupe de vinaigre de riz 1 c. \u00e0 caf\u00e9 d\u2019huile de s\u00e9same grill\u00e9e 2 c. \u00e0 [&hellip;]<\/p>\n","protected":false},"author":2,"featured_media":0,"parent":0,"menu_order":0,"comment_status":"closed","ping_status":"closed","template":"","meta":{"_et_pb_use_builder":"on","_et_pb_old_content":"","_et_gb_content_width":"","footnotes":""},"class_list":["post-1272","page","type-page","status-publish","hentry"],"_links":{"self":[{"href":"https:\/\/www.clicweb.ovh\/2025\/gr1\/wp-json\/wp\/v2\/pages\/1272","targetHints":{"allow":["GET"]}}],"collection":[{"href":"https:\/\/www.clicweb.ovh\/2025\/gr1\/wp-json\/wp\/v2\/pages"}],"about":[{"href":"https:\/\/www.clicweb.ovh\/2025\/gr1\/wp-json\/wp\/v2\/types\/page"}],"author":[{"embeddable":true,"href":"https:\/\/www.clicweb.ovh\/2025\/gr1\/wp-json\/wp\/v2\/users\/2"}],"replies":[{"embeddable":true,"href":"https:\/\/www.clicweb.ovh\/2025\/gr1\/wp-json\/wp\/v2\/comments?post=1272"}],"version-history":[{"count":3,"href":"https:\/\/www.clicweb.ovh\/2025\/gr1\/wp-json\/wp\/v2\/pages\/1272\/revisions"}],"predecessor-version":[{"id":1347,"href":"https:\/\/www.clicweb.ovh\/2025\/gr1\/wp-json\/wp\/v2\/pages\/1272\/revisions\/1347"}],"wp:attachment":[{"href":"https:\/\/www.clicweb.ovh\/2025\/gr1\/wp-json\/wp\/v2\/media?parent=1272"}],"curies":[{"name":"wp","href":"https:\/\/api.w.org\/{rel}","templated":true}]}}