{"id":1248,"date":"2024-12-18T16:11:36","date_gmt":"2024-12-18T15:11:36","guid":{"rendered":"https:\/\/www.clicweb.ovh\/2025\/gr1\/?page_id=1248"},"modified":"2024-12-18T16:46:51","modified_gmt":"2024-12-18T15:46:51","slug":"gratin-de-chou-fleur","status":"publish","type":"page","link":"https:\/\/www.clicweb.ovh\/2025\/gr1\/gratin-de-chou-fleur\/","title":{"rendered":"Gratin de chou-fleur"},"content":{"rendered":"<p>[et_pb_section fb_built=\u00a0\u00bb1&Prime; theme_builder_area=\u00a0\u00bbpost_content\u00a0\u00bb _builder_version=\u00a0\u00bb4.27.4&Prime; _module_preset=\u00a0\u00bbdefault\u00a0\u00bb][et_pb_row _builder_version=\u00a0\u00bb4.27.4&Prime; _module_preset=\u00a0\u00bbdefault\u00a0\u00bb theme_builder_area=\u00a0\u00bbpost_content\u00a0\u00bb][et_pb_column _builder_version=\u00a0\u00bb4.27.4&Prime; _module_preset=\u00a0\u00bbdefault\u00a0\u00bb type=\u00a0\u00bb4_4&Prime; theme_builder_area=\u00a0\u00bbpost_content\u00a0\u00bb][et_pb_text _builder_version=\u00a0\u00bb4.27.4&Prime; _module_preset=\u00a0\u00bbdefault\u00a0\u00bb text_font=\u00a0\u00bbAdamina||||||||\u00a0\u00bb text_text_color=\u00a0\u00bb#E82A20&Prime; text_font_size=\u00a0\u00bb51px\u00a0\u00bb text_orientation=\u00a0\u00bbcenter\u00a0\u00bb hover_enabled=\u00a0\u00bb0&Prime; text_font_size_tablet=\u00a0\u00bb51px\u00a0\u00bb text_font_size_phone=\u00a0\u00bb27px\u00a0\u00bb text_font_size_last_edited=\u00a0\u00bbon|phone\u00a0\u00bb text_text_shadow_style=\u00a0\u00bbpreset1&Prime; locked=\u00a0\u00bboff\u00a0\u00bb global_colors_info=\u00a0\u00bb{}\u00a0\u00bb theme_builder_area=\u00a0\u00bbpost_content\u00a0\u00bb sticky_enabled=\u00a0\u00bb0&Prime;]<\/p>\n<p>Le gratin de chou-fleur<\/p>\n<p>[\/et_pb_text][\/et_pb_column][\/et_pb_row][et_pb_row column_structure=\u00a0\u00bb3_5,2_5&Prime; _builder_version=\u00a0\u00bb4.27.4&Prime; _module_preset=\u00a0\u00bbdefault\u00a0\u00bb locked=\u00a0\u00bboff\u00a0\u00bb global_colors_info=\u00a0\u00bb{}\u00a0\u00bb theme_builder_area=\u00a0\u00bbpost_content\u00a0\u00bb][et_pb_column type=\u00a0\u00bb3_5&Prime; _builder_version=\u00a0\u00bb4.27.4&Prime; _module_preset=\u00a0\u00bbdefault\u00a0\u00bb global_colors_info=\u00a0\u00bb{}\u00a0\u00bb theme_builder_area=\u00a0\u00bbpost_content\u00a0\u00bb][et_pb_image src=\u00a0\u00bbhttp:\/\/www.clicweb.ovh\/2025\/gr1\/wp-content\/uploads\/2024\/12\/IMG_5911.jpeg\u00a0\u00bb title_text=\u00a0\u00bbIMG_5911&Prime; _builder_version=\u00a0\u00bb4.27.4&Prime; _module_preset=\u00a0\u00bbdefault\u00a0\u00bb hover_enabled=\u00a0\u00bb0&Prime; global_colors_info=\u00a0\u00bb{}\u00a0\u00bb theme_builder_area=\u00a0\u00bbpost_content\u00a0\u00bb sticky_enabled=\u00a0\u00bb0&Prime;][\/et_pb_image][\/et_pb_column][et_pb_column type=\u00a0\u00bb2_5&Prime; _builder_version=\u00a0\u00bb4.27.4&Prime; _module_preset=\u00a0\u00bbdefault\u00a0\u00bb global_colors_info=\u00a0\u00bb{}\u00a0\u00bb theme_builder_area=\u00a0\u00bbpost_content\u00a0\u00bb][et_pb_text _builder_version=\u00a0\u00bb4.27.4&Prime; _module_preset=\u00a0\u00bbdefault\u00a0\u00bb text_font=\u00a0\u00bbAdamina||||on||||\u00a0\u00bb text_font_size=\u00a0\u00bb30px\u00a0\u00bb custom_margin_tablet=\u00a0\u00bb\u00a0\u00bb custom_margin_phone=\u00a0\u00bb||7px||false|false\u00a0\u00bb custom_margin_last_edited=\u00a0\u00bbon|phone\u00a0\u00bb text_font_size_tablet=\u00a0\u00bb30px\u00a0\u00bb text_font_size_phone=\u00a0\u00bb21px\u00a0\u00bb text_font_size_last_edited=\u00a0\u00bbon|phone\u00a0\u00bb global_colors_info=\u00a0\u00bb{}\u00a0\u00bb theme_builder_area=\u00a0\u00bbpost_content\u00a0\u00bb]<\/p>\n<p>Ingr\u00e9dients<\/p>\n<p>[\/et_pb_text][et_pb_text _builder_version=\u00a0\u00bb4.27.4&Prime; _module_preset=\u00a0\u00bbdefault\u00a0\u00bb text_font=\u00a0\u00bbAdamina||||||||\u00a0\u00bb text_font_size=\u00a0\u00bb19px\u00a0\u00bb text_line_height=\u00a0\u00bb1.8em\u00a0\u00bb custom_margin=\u00a0\u00bb||-42px||false|false\u00a0\u00bb text_font_size_tablet=\u00a0\u00bb19px\u00a0\u00bb text_font_size_phone=\u00a0\u00bb13px\u00a0\u00bb text_font_size_last_edited=\u00a0\u00bbon|tablet\u00a0\u00bb global_colors_info=\u00a0\u00bb{}\u00a0\u00bb theme_builder_area=\u00a0\u00bbpost_content\u00a0\u00bb]<\/p>\n<ul>\n<li>2 cuill\u00e8res de farine<\/li>\n<li>40 gr de beurre\u00a0<\/li>\n<li>500 gr de lardons\u00a0<\/li>\n<li>1 kg de chou-fleur (surgel\u00e9e ou frais)<\/li>\n<li>1 l de lait<\/li>\n<\/ul>\n<p>[\/et_pb_text][\/et_pb_column][\/et_pb_row][et_pb_row _builder_version=\u00a0\u00bb4.27.4&Prime; _module_preset=\u00a0\u00bbdefault\u00a0\u00bb locked=\u00a0\u00bboff\u00a0\u00bb global_colors_info=\u00a0\u00bb{}\u00a0\u00bb theme_builder_area=\u00a0\u00bbpost_content\u00a0\u00bb][et_pb_column type=\u00a0\u00bb4_4&Prime; _builder_version=\u00a0\u00bb4.27.4&Prime; _module_preset=\u00a0\u00bbdefault\u00a0\u00bb global_colors_info=\u00a0\u00bb{}\u00a0\u00bb theme_builder_area=\u00a0\u00bbpost_content\u00a0\u00bb][et_pb_text _builder_version=\u00a0\u00bb4.27.4&Prime; _module_preset=\u00a0\u00bbdefault\u00a0\u00bb text_font=\u00a0\u00bbAdamina||||on||||\u00a0\u00bb text_font_size=\u00a0\u00bb30px\u00a0\u00bb custom_margin_tablet=\u00a0\u00bb\u00a0\u00bb custom_margin_phone=\u00a0\u00bb||7px||false|false\u00a0\u00bb custom_margin_last_edited=\u00a0\u00bbon|phone\u00a0\u00bb text_font_size_tablet=\u00a0\u00bb30px\u00a0\u00bb text_font_size_phone=\u00a0\u00bb21px\u00a0\u00bb text_font_size_last_edited=\u00a0\u00bbon|phone\u00a0\u00bb global_colors_info=\u00a0\u00bb{}\u00a0\u00bb theme_builder_area=\u00a0\u00bbpost_content\u00a0\u00bb]<\/p>\n<p>Pr\u00e9paration<\/p>\n<p>[\/et_pb_text][et_pb_text _builder_version=\u00a0\u00bb4.27.4&Prime; _module_preset=\u00a0\u00bbdefault\u00a0\u00bb text_font=\u00a0\u00bbAdamina||||||||\u00a0\u00bb text_font_size=\u00a0\u00bb16px\u00a0\u00bb header_2_font=\u00a0\u00bbAdamina||||||||\u00a0\u00bb header_2_font_size=\u00a0\u00bb21px\u00a0\u00bb text_font_size_tablet=\u00a0\u00bb16px\u00a0\u00bb text_font_size_phone=\u00a0\u00bb12px\u00a0\u00bb text_font_size_last_edited=\u00a0\u00bbon|phone\u00a0\u00bb global_colors_info=\u00a0\u00bb{}\u00a0\u00bb theme_builder_area=\u00a0\u00bbpost_content\u00a0\u00bb]<\/p>\n<div class=\"recipe-step-list__container\">\n<div class=\"recipe-step-list__head\"><span><span style=\"text-decoration: underline;\"><strong>\u00c9tape 1<\/strong><\/span> &#8211; <\/span>Faire cuire le chou-fleur dans l&rsquo;eau bouillante sal\u00e9e 10 mn.<\/div>\n<\/div>\n<div class=\"recipe-step-list__container\">\n<div class=\"recipe-step-list__head\">\n<p><span><strong><span style=\"text-decoration: underline;\">\u00c9tape 2<\/span><\/strong> &#8211; <\/span><span style=\"font-size: 16px;\">Faire une sauce b\u00e9chamel : dans une casserole, faire fondre le beurre et y ajouter la farine. on fait un roux avec le fouet et on ajoute le lait petit \u00e0 petit en faisant r\u00e9duire la sauce.<\/span><\/p>\n<\/div>\n<\/div>\n<div class=\"recipe-step-list__container\">\n<div class=\"recipe-step-list__head\"><span><strong><span style=\"text-decoration: underline;\">\u00c9tape 3<\/span><\/strong> &#8211; <\/span><span style=\"font-size: 16px;\">On ajoute noix de muscade, sel et poivre pour l&rsquo;assaisonnement.<\/span><\/div>\n<\/div>\n<div class=\"recipe-step-list__container\">\n<div class=\"recipe-step-list__head\">\n<p><span><strong><span style=\"text-decoration: underline;\">\u00c9tape 4<\/span><\/strong> &#8211; <\/span><span style=\"font-size: 16px;\">Dans un plat \u00e0 gratin, on fait une couche de chou-fleur, une couche de lardons, une autre couche de choux, on ajoute la sauce par dessus, puis enfin du gruy\u00e8re pour gratiner le tout.<\/span><\/p>\n<\/div>\n<\/div>\n<div class=\"recipe-step-list__container\">\n<div class=\"recipe-step-list__head\"><span><strong><span style=\"text-decoration: underline;\">\u00c9tape 5<\/span><\/strong> &#8211; <\/span><span style=\"font-size: 16px;\">Mettre dans un four chaud pendant 30 mn.<\/span><\/div>\n<\/div>\n<div class=\"recipe-step-list__container\"><\/div>\n<ul class=\"preparation_steps\"><\/ul>\n<p>[\/et_pb_text][\/et_pb_column][\/et_pb_row][\/et_pb_section]<\/p>\n","protected":false},"excerpt":{"rendered":"<p>Le gratin de chou-fleurIngr\u00e9dients 2 cuill\u00e8res de farine 40 gr de beurre\u00a0 500 gr de lardons\u00a0 1 kg de chou-fleur (surgel\u00e9e ou frais) 1 l de lait Pr\u00e9paration \u00c9tape 1 &#8211; Faire cuire le chou-fleur dans l&rsquo;eau bouillante sal\u00e9e 10 mn. \u00c9tape 2 &#8211; Faire une sauce b\u00e9chamel : dans une casserole, faire fondre le [&hellip;]<\/p>\n","protected":false},"author":2,"featured_media":0,"parent":0,"menu_order":0,"comment_status":"closed","ping_status":"closed","template":"","meta":{"_et_pb_use_builder":"on","_et_pb_old_content":"","_et_gb_content_width":"","footnotes":""},"class_list":["post-1248","page","type-page","status-publish","hentry"],"_links":{"self":[{"href":"https:\/\/www.clicweb.ovh\/2025\/gr1\/wp-json\/wp\/v2\/pages\/1248","targetHints":{"allow":["GET"]}}],"collection":[{"href":"https:\/\/www.clicweb.ovh\/2025\/gr1\/wp-json\/wp\/v2\/pages"}],"about":[{"href":"https:\/\/www.clicweb.ovh\/2025\/gr1\/wp-json\/wp\/v2\/types\/page"}],"author":[{"embeddable":true,"href":"https:\/\/www.clicweb.ovh\/2025\/gr1\/wp-json\/wp\/v2\/users\/2"}],"replies":[{"embeddable":true,"href":"https:\/\/www.clicweb.ovh\/2025\/gr1\/wp-json\/wp\/v2\/comments?post=1248"}],"version-history":[{"count":4,"href":"https:\/\/www.clicweb.ovh\/2025\/gr1\/wp-json\/wp\/v2\/pages\/1248\/revisions"}],"predecessor-version":[{"id":1313,"href":"https:\/\/www.clicweb.ovh\/2025\/gr1\/wp-json\/wp\/v2\/pages\/1248\/revisions\/1313"}],"wp:attachment":[{"href":"https:\/\/www.clicweb.ovh\/2025\/gr1\/wp-json\/wp\/v2\/media?parent=1248"}],"curies":[{"name":"wp","href":"https:\/\/api.w.org\/{rel}","templated":true}]}}