{"id":1226,"date":"2024-12-18T15:55:24","date_gmt":"2024-12-18T14:55:24","guid":{"rendered":"https:\/\/www.clicweb.ovh\/2025\/gr1\/?page_id=1226"},"modified":"2024-12-18T16:05:05","modified_gmt":"2024-12-18T15:05:05","slug":"flamiche-aux-poireaux","status":"publish","type":"page","link":"https:\/\/www.clicweb.ovh\/2025\/gr1\/flamiche-aux-poireaux\/","title":{"rendered":"Flamiche aux poireaux"},"content":{"rendered":"<p>[et_pb_section fb_built=\u00a0\u00bb1&Prime; theme_builder_area=\u00a0\u00bbpost_content\u00a0\u00bb _builder_version=\u00a0\u00bb4.27.4&Prime; _module_preset=\u00a0\u00bbdefault\u00a0\u00bb custom_margin=\u00a0\u00bb3px||||false|false\u00a0\u00bb custom_padding=\u00a0\u00bb0px||||false|false\u00a0\u00bb hover_enabled=\u00a0\u00bb0&Prime; sticky_enabled=\u00a0\u00bb0&Prime;][et_pb_row _builder_version=\u00a0\u00bb4.27.4&Prime; _module_preset=\u00a0\u00bbdefault\u00a0\u00bb theme_builder_area=\u00a0\u00bbpost_content\u00a0\u00bb][et_pb_column _builder_version=\u00a0\u00bb4.27.4&Prime; _module_preset=\u00a0\u00bbdefault\u00a0\u00bb type=\u00a0\u00bb4_4&Prime; theme_builder_area=\u00a0\u00bbpost_content\u00a0\u00bb][et_pb_text _builder_version=\u00a0\u00bb4.27.4&Prime; _module_preset=\u00a0\u00bbdefault\u00a0\u00bb theme_builder_area=\u00a0\u00bbpost_content\u00a0\u00bb text_font=\u00a0\u00bbAdamina||||||||\u00a0\u00bb text_text_color=\u00a0\u00bb#E82A20&Prime; text_font_size=\u00a0\u00bb51px\u00a0\u00bb text_text_shadow_style=\u00a0\u00bbpreset1&Prime; text_orientation=\u00a0\u00bbcenter\u00a0\u00bb hover_enabled=\u00a0\u00bb0&Prime; sticky_enabled=\u00a0\u00bb0&Prime; text_font_size_last_edited=\u00a0\u00bbon|phone\u00a0\u00bb text_font_size_phone=\u00a0\u00bb27px\u00a0\u00bb text_font_size_tablet=\u00a0\u00bb51px\u00a0\u00bb]<\/p>\n<p>La flamiche au poireau<\/p>\n<p>[\/et_pb_text][\/et_pb_column][\/et_pb_row][\/et_pb_section][et_pb_section fb_built=\u00a0\u00bb1&Prime; theme_builder_area=\u00a0\u00bbpost_content\u00a0\u00bb _builder_version=\u00a0\u00bb4.27.4&Prime; _module_preset=\u00a0\u00bbdefault\u00a0\u00bb custom_margin=\u00a0\u00bb-74px||||false|false\u00a0\u00bb custom_margin_last_edited=\u00a0\u00bbon|phone\u00a0\u00bb hover_enabled=\u00a0\u00bb0&Prime; sticky_enabled=\u00a0\u00bb0&Prime; custom_margin_tablet=\u00a0\u00bb-106px||||false|false\u00a0\u00bb custom_margin_phone=\u00a0\u00bb-112px||||false|false\u00a0\u00bb][et_pb_row _builder_version=\u00a0\u00bb4.27.4&Prime; _module_preset=\u00a0\u00bbdefault\u00a0\u00bb column_structure=\u00a0\u00bb3_5,2_5&Prime; theme_builder_area=\u00a0\u00bbpost_content\u00a0\u00bb][et_pb_column _builder_version=\u00a0\u00bb4.27.4&Prime; _module_preset=\u00a0\u00bbdefault\u00a0\u00bb type=\u00a0\u00bb3_5&Prime; theme_builder_area=\u00a0\u00bbpost_content\u00a0\u00bb][et_pb_image src=\u00a0\u00bbhttp:\/\/www.clicweb.ovh\/2025\/gr1\/wp-content\/uploads\/2024\/12\/IMG_5909.webp\u00a0\u00bb _builder_version=\u00a0\u00bb4.27.4&Prime; _module_preset=\u00a0\u00bbdefault\u00a0\u00bb theme_builder_area=\u00a0\u00bbpost_content\u00a0\u00bb title_text=\u00a0\u00bbIMG_5909&Prime; hover_enabled=\u00a0\u00bb0&Prime; sticky_enabled=\u00a0\u00bb0&Prime;][\/et_pb_image][\/et_pb_column][et_pb_column _builder_version=\u00a0\u00bb4.27.4&Prime; _module_preset=\u00a0\u00bbdefault\u00a0\u00bb type=\u00a0\u00bb2_5&Prime; theme_builder_area=\u00a0\u00bbpost_content\u00a0\u00bb][et_pb_text _builder_version=\u00a0\u00bb4.27.4&Prime; _module_preset=\u00a0\u00bbdefault\u00a0\u00bb theme_builder_area=\u00a0\u00bbpost_content\u00a0\u00bb text_font=\u00a0\u00bbAdamina||||on||||\u00a0\u00bb text_font_size=\u00a0\u00bb30px\u00a0\u00bb hover_enabled=\u00a0\u00bb0&Prime; sticky_enabled=\u00a0\u00bb0&Prime; text_font_size_last_edited=\u00a0\u00bbon|phone\u00a0\u00bb text_font_size_phone=\u00a0\u00bb21px\u00a0\u00bb custom_margin_last_edited=\u00a0\u00bbon|phone\u00a0\u00bb custom_margin_phone=\u00a0\u00bb||7px||false|false\u00a0\u00bb text_font_size_tablet=\u00a0\u00bb30px\u00a0\u00bb]<\/p>\n<p>Ingr\u00e9dients<\/p>\n<p>[\/et_pb_text][et_pb_text _builder_version=\u00a0\u00bb4.27.4&Prime; _module_preset=\u00a0\u00bbdefault\u00a0\u00bb theme_builder_area=\u00a0\u00bbpost_content\u00a0\u00bb hover_enabled=\u00a0\u00bb0&Prime; sticky_enabled=\u00a0\u00bb0&Prime; text_font=\u00a0\u00bbAdamina||||||||\u00a0\u00bb text_font_size=\u00a0\u00bb19px\u00a0\u00bb text_line_height=\u00a0\u00bb1.8em\u00a0\u00bb text_font_size_last_edited=\u00a0\u00bbon|tablet\u00a0\u00bb text_font_size_phone=\u00a0\u00bb13px\u00a0\u00bb custom_margin=\u00a0\u00bb||-42px||false|false\u00a0\u00bb text_font_size_tablet=\u00a0\u00bb19px\u00a0\u00bb]<\/p>\n<ul>\n<li>1 p\u00e2te bris\u00e9e<\/li>\n<li>2 oeufs<\/li>\n<li>500 gr de poireau<\/li>\n<li>10 cl de cr\u00e8me \u00e9paisse<\/li>\n<li>10 cl de lait<\/li>\n<li>1 pinc\u00e9e de noix de muscade<\/li>\n<li>20 gr de beurre<\/li>\n<li>Sel<\/li>\n<li>Poivre<\/li>\n<\/ul>\n<p>[\/et_pb_text][\/et_pb_column][\/et_pb_row][et_pb_row _builder_version=\u00a0\u00bb4.27.4&Prime; _module_preset=\u00a0\u00bbdefault\u00a0\u00bb theme_builder_area=\u00a0\u00bbpost_content\u00a0\u00bb][et_pb_column _builder_version=\u00a0\u00bb4.27.4&Prime; _module_preset=\u00a0\u00bbdefault\u00a0\u00bb type=\u00a0\u00bb4_4&Prime; theme_builder_area=\u00a0\u00bbpost_content\u00a0\u00bb][et_pb_text _builder_version=\u00a0\u00bb4.27.4&Prime; _module_preset=\u00a0\u00bbdefault\u00a0\u00bb theme_builder_area=\u00a0\u00bbpost_content\u00a0\u00bb text_font=\u00a0\u00bbAdamina||||on||||\u00a0\u00bb text_font_size=\u00a0\u00bb30px\u00a0\u00bb hover_enabled=\u00a0\u00bb0&Prime; sticky_enabled=\u00a0\u00bb0&Prime; text_font_size_last_edited=\u00a0\u00bbon|phone\u00a0\u00bb text_font_size_phone=\u00a0\u00bb21px\u00a0\u00bb custom_margin_last_edited=\u00a0\u00bbon|phone\u00a0\u00bb custom_margin_phone=\u00a0\u00bb||7px||false|false\u00a0\u00bb text_font_size_tablet=\u00a0\u00bb30px\u00a0\u00bb]<\/p>\n<p>Pr\u00e9paration<\/p>\n<p>[\/et_pb_text][et_pb_text _builder_version=\u00a0\u00bb4.27.4&Prime; _module_preset=\u00a0\u00bbdefault\u00a0\u00bb theme_builder_area=\u00a0\u00bbpost_content\u00a0\u00bb text_font=\u00a0\u00bbAdamina||||||||\u00a0\u00bb hover_enabled=\u00a0\u00bb0&Prime; sticky_enabled=\u00a0\u00bb0&Prime; text_font_size_last_edited=\u00a0\u00bbon|phone\u00a0\u00bb text_font_size_phone=\u00a0\u00bb12px\u00a0\u00bb header_2_font_size=\u00a0\u00bb21px\u00a0\u00bb header_2_font=\u00a0\u00bbAdamina||||||||\u00a0\u00bb text_font_size=\u00a0\u00bb16px\u00a0\u00bb text_font_size_tablet=\u00a0\u00bb16px\u00a0\u00bb]<\/p>\n<ul>\n<li>\n<div class=\"preparation_step_title_container\" id=\"etape-1\">\n<h3 class=\"recipe_section_h3\"><span style=\"font-size: small;\"><strong>\u00c9tape 1<\/strong><\/span><\/h3>\n<\/div>\n<p>Pr\u00e9chauffez le four \u00e0 th.7 (210\u00baC).<\/p>\n<\/li>\n<\/ul>\n<ul class=\"preparation_steps\">\n<li class=\"preparation_step\">\n<div class=\"preparation_step_title_container\" id=\"etape-2\">\n<h3 class=\"recipe_section_h3\"><span style=\"font-size: small;\"><strong>\u00c9tape 2<\/strong><\/span><\/h3>\n<\/div>\n<p>Faites chauffer le beurre dans une sauteuse et faites-y revenir les poireaux \u00e9minc\u00e9s \u00e0 feu doux, en remuant sans cesse jusqu&rsquo;\u00e0 ce qu&rsquo;il n&rsquo;y ait plus d&rsquo;eau dans la sauteuse.<\/p>\n<\/li>\n<\/ul>\n<ul class=\"preparation_steps\">\n<li class=\"preparation_step\">\n<div class=\"preparation_step_title_container\" id=\"etape-3\">\n<h3 class=\"recipe_section_h3\"><span style=\"font-size: small;\"><strong>\u00c9tape 3<\/strong><\/span><\/h3>\n<\/div>\n<p>Dans une jatte. fouettez les oeufs avec la cr\u00e8me, le lait, la muscade, du sel et du poivre.<\/p>\n<\/li>\n<\/ul>\n<ul class=\"preparation_steps\">\n<li class=\"preparation_step\">\n<div class=\"preparation_step_title_container\" id=\"etape-4\">\n<h3 class=\"recipe_section_h3\"><span style=\"font-size: small;\"><strong>\u00c9tape 4<\/strong><\/span><\/h3>\n<\/div>\n<p>D\u00e9roulez la p\u00e2te dans un moule \u00e0 tarte, garnissez avec les poireaux, versez la cr\u00e8me dessus et enfournez pendant 20 \u00e0 25 minutes jusqu&rsquo;\u00e0 ce que la p\u00e2te soit dor\u00e9e. Servez aussit\u00f4t.<\/p>\n<\/li>\n<\/ul>\n<p>[\/et_pb_text][\/et_pb_column][\/et_pb_row][\/et_pb_section]<\/p>\n","protected":false},"excerpt":{"rendered":"<p>La flamiche au poireauIngr\u00e9dients 1 p\u00e2te bris\u00e9e 2 oeufs 500 gr de poireau 10 cl de cr\u00e8me \u00e9paisse 10 cl de lait 1 pinc\u00e9e de noix de muscade 20 gr de beurre Sel Poivre Pr\u00e9paration \u00c9tape 1 Pr\u00e9chauffez le four \u00e0 th.7 (210\u00baC). \u00c9tape 2 Faites chauffer le beurre dans une sauteuse et faites-y revenir [&hellip;]<\/p>\n","protected":false},"author":2,"featured_media":0,"parent":0,"menu_order":0,"comment_status":"closed","ping_status":"closed","template":"","meta":{"_et_pb_use_builder":"on","_et_pb_old_content":"","_et_gb_content_width":"","footnotes":""},"class_list":["post-1226","page","type-page","status-publish","hentry"],"_links":{"self":[{"href":"https:\/\/www.clicweb.ovh\/2025\/gr1\/wp-json\/wp\/v2\/pages\/1226","targetHints":{"allow":["GET"]}}],"collection":[{"href":"https:\/\/www.clicweb.ovh\/2025\/gr1\/wp-json\/wp\/v2\/pages"}],"about":[{"href":"https:\/\/www.clicweb.ovh\/2025\/gr1\/wp-json\/wp\/v2\/types\/page"}],"author":[{"embeddable":true,"href":"https:\/\/www.clicweb.ovh\/2025\/gr1\/wp-json\/wp\/v2\/users\/2"}],"replies":[{"embeddable":true,"href":"https:\/\/www.clicweb.ovh\/2025\/gr1\/wp-json\/wp\/v2\/comments?post=1226"}],"version-history":[{"count":6,"href":"https:\/\/www.clicweb.ovh\/2025\/gr1\/wp-json\/wp\/v2\/pages\/1226\/revisions"}],"predecessor-version":[{"id":1239,"href":"https:\/\/www.clicweb.ovh\/2025\/gr1\/wp-json\/wp\/v2\/pages\/1226\/revisions\/1239"}],"wp:attachment":[{"href":"https:\/\/www.clicweb.ovh\/2025\/gr1\/wp-json\/wp\/v2\/media?parent=1226"}],"curies":[{"name":"wp","href":"https:\/\/api.w.org\/{rel}","templated":true}]}}